{"id":15717,"date":"2026-03-03T19:38:03","date_gmt":"2026-03-03T19:38:03","guid":{"rendered":"https:\/\/www.csihelsinki.fi\/?page_id=15717"},"modified":"2026-03-09T08:01:04","modified_gmt":"2026-03-09T08:01:04","slug":"netdocuments","status":"publish","type":"page","link":"https:\/\/www.csihelsinki.fi\/sv\/losningar\/netdocuments\/","title":{"rendered":"NetDocuments"},"content":{"rendered":"\n<div class=\"wp-block-cover\"><span aria-hidden=\"true\" class=\"wp-block-cover__background has-background-dim-70 has-background-dim\" style=\"background-color:#0090a6\"><\/span><img loading=\"lazy\" decoding=\"async\" width=\"1474\" height=\"692\" class=\"wp-block-cover__image-background wp-image-6582\" alt=\"\" src=\"https:\/\/www.csihelsinki.fi\/wp-content\/uploads\/2021\/08\/documents2.jpg\" style=\"object-position:51% 7%\" data-object-fit=\"cover\" data-object-position=\"51% 7%\" srcset=\"https:\/\/www.csihelsinki.fi\/wp-content\/uploads\/2021\/08\/documents2.jpg 1474w, https:\/\/www.csihelsinki.fi\/wp-content\/uploads\/2021\/08\/documents2-300x141.jpg 300w, https:\/\/www.csihelsinki.fi\/wp-content\/uploads\/2021\/08\/documents2-1024x481.jpg 1024w, https:\/\/www.csihelsinki.fi\/wp-content\/uploads\/2021\/08\/documents2-768x361.jpg 768w\" sizes=\"auto, (max-width: 1474px) 100vw, 1474px\" \/><div class=\"wp-block-cover__inner-container is-layout-flow wp-block-cover-is-layout-flow\">\n<div class=\"wp-block-columns is-layout-flex wp-container-core-columns-is-layout-1 wp-block-columns-is-layout-flex\">\n<div class=\"wp-block-column page-content is-layout-flow wp-block-column-is-layout-flow\" style=\"flex-basis:100%\">\n<figure class=\"wp-block-image size-full is-resized\"><img loading=\"lazy\" decoding=\"async\" width=\"200\" height=\"200\" src=\"https:\/\/www.csihelsinki.fi\/wp-content\/uploads\/2026\/02\/netdocuments-png.png\" alt=\"\" class=\"wp-image-15686\" style=\"width:192px;height:auto\" srcset=\"https:\/\/www.csihelsinki.fi\/wp-content\/uploads\/2026\/02\/netdocuments-png.png 200w, https:\/\/www.csihelsinki.fi\/wp-content\/uploads\/2026\/02\/netdocuments-png-150x150.png 150w\" sizes=\"auto, (max-width: 200px) 100vw, 200px\" \/><\/figure>\n\n\n\n<h1 class=\"wp-block-heading\">NetDocuments kompletterar CSIs programvaruutbud<\/h1>\n\n\n\n<ul class=\"wp-block-list text-jumbo tick\">\n<li>Effektiv och s\u00e4ker dokumenthantering<\/li>\n\n\n\n<li>Tydliga och effektiva arbetsfl\u00f6den<\/li>\n\n\n\n<li>Utnyttjande av AI<\/li>\n<\/ul>\n<\/div>\n<\/div>\n\n\n\n<p class=\"has-text-align-center text-jumbo\"><\/p>\n<\/div><\/div>\n\n\n\n<div style=\"height:50px\" aria-hidden=\"true\" class=\"wp-block-spacer\"><\/div>\n\n\n\n<div class=\"wp-block-columns page-content is-layout-flex wp-container-core-columns-is-layout-3 wp-block-columns-is-layout-flex\">\n<div class=\"wp-block-column is-layout-flow wp-block-column-is-layout-flow\" style=\"flex-basis:33.33%\">\n<h2 class=\"wp-block-heading\" id=\"csi-lawyerilla-hoidat-vaativimmatkin-juridiset-toimeksiannot\">NetDocuments \u00e4r en l\u00f6sning f\u00f6r att hantera hela dokumentets livscykel.<\/h2>\n<\/div>\n\n\n\n<div class=\"wp-block-column is-layout-flow wp-block-column-is-layout-flow\" style=\"flex-basis:66.66%\">\n<p>Den molnbaserade NetDocuments\u2011l\u00f6sningen, utvecklad f\u00f6r juridiska yrkespersoner och s\u00f6ml\u00f6st integrerad med CSI\u2011programvaror, kompletterar v\u00e5rt erbjudande p\u00e5 ett naturligt s\u00e4tt. NetDocuments erbjuder advokatbyr\u00e5er en s\u00e4ker, molnbaserad plattform som kombinerar dokument- och e\u2011posthantering, automation, samarbetsfr\u00e4mjande verktyg samt AI\u2011baserade funktioner till en helhet som f\u00f6rb\u00e4ttrar produktiviteten och eliminerar s\u00e4kerhets\u2011 och regelefterlevnadsutmaningar.<\/p>\n\n\n\n<p>NetDocuments hj\u00e4lper jurister att arbeta mer effektivt var de \u00e4n befinner sig, utnyttja intelligenta arbetsfl\u00f6den och integrera viktiga verktyg i dokumenthanteringen, s\u00e5som Microsoft 365 och l\u00f6sningar f\u00f6r digitala signaturer. F\u00f6r CSI\u2011kunder erbjuder NetDocuments m\u00f6jligheten att effektivisera inte bara \u00e4rendeprocessen utan \u00e4ven hanteringen av sina dokument.<\/p>\n\n\n\n<h3 class=\"wp-block-heading\">NetDocuments h\u00e5ller dokumenten i ordning<\/h3>\n\n\n\n<p>NetDocuments erbjuder kunderna en effektiv och s\u00e4ker l\u00f6sning f\u00f6r skapande, hantering och skydd av dokument. Dokumenten h\u00e5lls organiserade och deras \u00e5tkomstr\u00e4ttigheter \u00e4rvs automatiskt fr\u00e5n CSI\u2011uppdrag. Med NetDocuments kraftfulla s\u00f6kfunktioner hittas dokument snabbt \u00e4ven i stora m\u00e4ngder av \u00e4renden och klienter.<\/p>\n\n\n\n<p>Systemets avancerade versionshantering \u00e4r en av de mest uppskattade funktionerna. Den s\u00e4kerst\u00e4ller att anv\u00e4ndarna kan skapa, spara och hantera dokumentversioner utan dubbla eller motstridiga filer.<\/p>\n\n\n\n<p>Grundtanken med NetDocuments \u00e4r att centralisera dokumenthanteringen p\u00e5 ett st\u00e4lle och automatisera \u00e5terkommande arbetsmoment. Dokument klassificeras automatiskt med hj\u00e4lp av arbetsytornas strukturer, vilket g\u00f6r att teamen kan definiera sina egna processer och h\u00e5lla dokument organiserade utan manuellt arbete. N\u00e4r klassificeringen bygger p\u00e5 f\u00f6rdefinierade huvudattribut (t.ex. klient + projekt) skapas enhetliga arbetsfl\u00f6den som minskar anv\u00e4ndarfel. Detta g\u00f6r det ocks\u00e5 snabbare och enklare att hitta dokument.<\/p>\n\n\n\n<p>Genom automatiserade arbetsfl\u00f6den f\u00e5r anv\u00e4ndarna en b\u00e4ttre helhetsbild av var dokumenten befinner sig, vem som redigerar dem och vilken version som \u00e4r den aktuella.<\/p>\n\n\n\n<p>NetDocuments anv\u00e4nder AI f\u00f6r att identifiera dokumenttyper, vilket minskar manuellt arbete och f\u00f6rb\u00e4ttrar kvaliteten p\u00e5 dokumentens metadata. AI \u00e4r k\u00e4rnan i NetDocuments strategi, och m\u00e5nga CSI\u2011kunder har valt NetDocuments just p\u00e5 grund av dess st\u00e4ndigt utvecklande AI\u2011funktioner.<\/p>\n\n\n\n<h3 class=\"wp-block-heading\" id=\"miksi-csi-lawyer\">CSI erbjuder h\u00f6gkvalitativa NetDocuments\u2011tj\u00e4nster<\/h3>\n\n\n\n<p>CSI Helsinki \u00e4r en certifierad NetDocuments\u2011partner som \u00e4ven erbjuder sina kunder h\u00f6gkvalitativa implementeringstj\u00e4nster f\u00f6r NetDocuments.<\/p>\n\n\n\n<div class=\"wp-block-columns is-layout-flex wp-container-core-columns-is-layout-2 wp-block-columns-is-layout-flex\">\n<div class=\"wp-block-column is-layout-flow wp-block-column-is-layout-flow\">\n<figure class=\"wp-block-image size-large\"><img loading=\"lazy\" decoding=\"async\" width=\"1021\" height=\"1024\" src=\"https:\/\/www.csihelsinki.fi\/wp-content\/uploads\/2025\/11\/EMEA-Inspired-Partner-of-the-Year-2025-CSI-1021x1024.png\" alt=\"\" class=\"wp-image-15557\" srcset=\"https:\/\/www.csihelsinki.fi\/wp-content\/uploads\/2025\/11\/EMEA-Inspired-Partner-of-the-Year-2025-CSI-1021x1024.png 1021w, https:\/\/www.csihelsinki.fi\/wp-content\/uploads\/2025\/11\/EMEA-Inspired-Partner-of-the-Year-2025-CSI-300x300.png 300w, https:\/\/www.csihelsinki.fi\/wp-content\/uploads\/2025\/11\/EMEA-Inspired-Partner-of-the-Year-2025-CSI-150x150.png 150w, https:\/\/www.csihelsinki.fi\/wp-content\/uploads\/2025\/11\/EMEA-Inspired-Partner-of-the-Year-2025-CSI-768x770.png 768w, https:\/\/www.csihelsinki.fi\/wp-content\/uploads\/2025\/11\/EMEA-Inspired-Partner-of-the-Year-2025-CSI-1531x1536.png 1531w, https:\/\/www.csihelsinki.fi\/wp-content\/uploads\/2025\/11\/EMEA-Inspired-Partner-of-the-Year-2025-CSI-2042x2048.png 2042w\" sizes=\"auto, (max-width: 1021px) 100vw, 1021px\" \/><\/figure>\n<\/div>\n\n\n\n<div class=\"wp-block-column is-layout-flow wp-block-column-is-layout-flow\">\n<figure class=\"wp-block-image size-full\"><img loading=\"lazy\" decoding=\"async\" width=\"225\" height=\"225\" src=\"https:\/\/www.csihelsinki.fi\/wp-content\/uploads\/2025\/11\/ND-Implementation-expert-logo.png\" alt=\"\" class=\"wp-image-15560\" srcset=\"https:\/\/www.csihelsinki.fi\/wp-content\/uploads\/2025\/11\/ND-Implementation-expert-logo.png 225w, https:\/\/www.csihelsinki.fi\/wp-content\/uploads\/2025\/11\/ND-Implementation-expert-logo-150x150.png 150w\" sizes=\"auto, (max-width: 225px) 100vw, 225px\" \/><\/figure>\n<\/div>\n\n\n\n<div class=\"wp-block-column is-layout-flow wp-block-column-is-layout-flow\">\n<figure class=\"wp-block-image size-large\"><img loading=\"lazy\" decoding=\"async\" width=\"1021\" height=\"1024\" src=\"https:\/\/www.csihelsinki.fi\/wp-content\/uploads\/2025\/11\/ndwinner-2023-csi-1021x1024.png\" alt=\"\" class=\"wp-image-15565\" srcset=\"https:\/\/www.csihelsinki.fi\/wp-content\/uploads\/2025\/11\/ndwinner-2023-csi-1021x1024.png 1021w, https:\/\/www.csihelsinki.fi\/wp-content\/uploads\/2025\/11\/ndwinner-2023-csi-300x300.png 300w, https:\/\/www.csihelsinki.fi\/wp-content\/uploads\/2025\/11\/ndwinner-2023-csi-150x150.png 150w, https:\/\/www.csihelsinki.fi\/wp-content\/uploads\/2025\/11\/ndwinner-2023-csi-768x770.png 768w, https:\/\/www.csihelsinki.fi\/wp-content\/uploads\/2025\/11\/ndwinner-2023-csi-1531x1536.png 1531w, https:\/\/www.csihelsinki.fi\/wp-content\/uploads\/2025\/11\/ndwinner-2023-csi-2042x2048.png 2042w\" sizes=\"auto, (max-width: 1021px) 100vw, 1021px\" \/><\/figure>\n<\/div>\n<\/div>\n\n\n\n<p>Vi har varit \u00e5terf\u00f6rs\u00e4ljare av NetDocuments sedan 2023 och har levererat dokumenthanteringsl\u00f6sningar baserade p\u00e5 NetDocuments produkter till \u00f6ver tjugo kunder i Finland, Baltikum och Sverige.<\/p>\n<\/div>\n<\/div>\n\n\n\n<div class=\"wp-block-columns page-content bg-gray is-layout-flex wp-container-core-columns-is-layout-4 wp-block-columns-is-layout-flex\">\n<div class=\"wp-block-column is-layout-flow wp-block-column-is-layout-flow\" style=\"flex-basis:33.33%\">\n<h2 class=\"wp-block-heading\" id=\"lue-muista-ratkaisuista\">L\u00e4s ocks\u00e5 om&#8230;<\/h2>\n<\/div>\n\n\n\n<div class=\"wp-block-column is-layout-flow wp-block-column-is-layout-flow\" style=\"flex-basis:32%\">\n<p class=\"arrow-right text-jumbo\"><a href=\"https:\/\/www.csihelsinki.fi\/sv\/losningar\/csi-lawyer\/\"><strong>CSI Lawyer<\/strong><\/a><\/p>\n\n\n\n<p class=\"arrow-right text-jumbo\"><a href=\"https:\/\/www.csihelsinki.fi\/sv\/funktioner\/arendehantering\/\"><strong>\u00c4rendehantering<\/strong><\/a><\/p>\n\n\n\n<p class=\"arrow-right text-jumbo\"><a href=\"https:\/\/www.csihelsinki.fi\/sv\/funktioner\/tidregistrering\/\"><strong>Tidregistrering<\/strong><\/a><\/p>\n\n\n\n<p class=\"arrow-right text-jumbo\"><a href=\"https:\/\/www.csihelsinki.fi\/sv\/funktioner\/fakturering\/\"><strong>Fakturering<\/strong><\/a><\/p>\n\n\n\n<p><\/p>\n<\/div>\n\n\n\n<div class=\"wp-block-column is-layout-flow wp-block-column-is-layout-flow\" style=\"flex-basis:32%\">\n<p class=\"arrow-right text-jumbo\"><strong><a href=\"https:\/\/www.csihelsinki.fi\/sv\/funktioner\/rapportering\/\">Rapportering<\/a><\/strong><\/p>\n\n\n\n<p class=\"arrow-right text-jumbo\"><a href=\"https:\/\/www.csihelsinki.fi\/sv\/losningar\/integrationer\/\"><strong>Integrationer<\/strong><\/a><\/p>\n\n\n\n<p class=\"arrow-right text-jumbo\"><a href=\"https:\/\/www.csihelsinki.fi\/sv\/losningar\/fordelar\/\"><strong>F\u00f6rdelar<\/strong><\/a><\/p>\n<\/div>\n<\/div>\n\n\n\n<p><\/p>\n","protected":false},"excerpt":{"rendered":"","protected":false},"author":2,"featured_media":10732,"parent":11574,"menu_order":0,"comment_status":"closed","ping_status":"closed","template":"","meta":{"_acf_changed":false,"footnotes":""},"class_list":["post-15717","page","type-page","status-publish","has-post-thumbnail","hentry"],"acf":[],"yoast_head":"<!-- This site is optimized with the Yoast SEO plugin v26.8 - https:\/\/yoast.com\/product\/yoast-seo-wordpress\/ -->\n<title>NetDocuments - Csi Helsinki home<\/title>\n<meta name=\"robots\" content=\"index, follow, max-snippet:-1, max-image-preview:large, max-video-preview:-1\" \/>\n<link rel=\"canonical\" href=\"https:\/\/www.csihelsinki.fi\/sv\/losningar\/netdocuments\/\" \/>\n<meta property=\"og:locale\" content=\"sv_SE\" \/>\n<meta property=\"og:type\" content=\"article\" \/>\n<meta property=\"og:title\" content=\"NetDocuments - Csi Helsinki home\" \/>\n<meta property=\"og:url\" content=\"https:\/\/www.csihelsinki.fi\/sv\/losningar\/netdocuments\/\" \/>\n<meta property=\"og:site_name\" content=\"Csi Helsinki home\" \/>\n<meta property=\"article:modified_time\" content=\"2026-03-09T08:01:04+00:00\" \/>\n<meta property=\"og:image\" content=\"https:\/\/www.csihelsinki.fi\/wp-content\/uploads\/2021\/08\/documents2.jpg\" \/>\n\t<meta property=\"og:image:width\" content=\"1474\" \/>\n\t<meta property=\"og:image:height\" content=\"692\" \/>\n\t<meta property=\"og:image:type\" content=\"image\/jpeg\" \/>\n<meta name=\"twitter:card\" content=\"summary_large_image\" \/>\n<script type=\"application\/ld+json\" class=\"yoast-schema-graph\">{\"@context\":\"https:\/\/schema.org\",\"@graph\":[{\"@type\":\"WebPage\",\"@id\":\"https:\/\/www.csihelsinki.fi\/sv\/losningar\/netdocuments\/\",\"url\":\"https:\/\/www.csihelsinki.fi\/sv\/losningar\/netdocuments\/\",\"name\":\"NetDocuments - Csi Helsinki home\",\"isPartOf\":{\"@id\":\"https:\/\/www.csihelsinki.fi\/#website\"},\"primaryImageOfPage\":{\"@id\":\"https:\/\/www.csihelsinki.fi\/sv\/losningar\/netdocuments\/#primaryimage\"},\"image\":{\"@id\":\"https:\/\/www.csihelsinki.fi\/sv\/losningar\/netdocuments\/#primaryimage\"},\"thumbnailUrl\":\"https:\/\/www.csihelsinki.fi\/wp-content\/uploads\/2021\/08\/documents2.jpg\",\"datePublished\":\"2026-03-03T19:38:03+00:00\",\"dateModified\":\"2026-03-09T08:01:04+00:00\",\"breadcrumb\":{\"@id\":\"https:\/\/www.csihelsinki.fi\/sv\/losningar\/netdocuments\/#breadcrumb\"},\"inLanguage\":\"sv-SE\",\"potentialAction\":[{\"@type\":\"ReadAction\",\"target\":[\"https:\/\/www.csihelsinki.fi\/sv\/losningar\/netdocuments\/\"]}]},{\"@type\":\"ImageObject\",\"inLanguage\":\"sv-SE\",\"@id\":\"https:\/\/www.csihelsinki.fi\/sv\/losningar\/netdocuments\/#primaryimage\",\"url\":\"https:\/\/www.csihelsinki.fi\/wp-content\/uploads\/2021\/08\/documents2.jpg\",\"contentUrl\":\"https:\/\/www.csihelsinki.fi\/wp-content\/uploads\/2021\/08\/documents2.jpg\",\"width\":1474,\"height\":692},{\"@type\":\"BreadcrumbList\",\"@id\":\"https:\/\/www.csihelsinki.fi\/sv\/losningar\/netdocuments\/#breadcrumb\",\"itemListElement\":[{\"@type\":\"ListItem\",\"position\":1,\"name\":\"Etusivu\",\"item\":\"https:\/\/www.csihelsinki.fi\/sv\/\"},{\"@type\":\"ListItem\",\"position\":2,\"name\":\"L\u00f6sningar\",\"item\":\"https:\/\/www.csihelsinki.fi\/sv\/losningar\/\"},{\"@type\":\"ListItem\",\"position\":3,\"name\":\"NetDocuments\"}]},{\"@type\":\"WebSite\",\"@id\":\"https:\/\/www.csihelsinki.fi\/#website\",\"url\":\"https:\/\/www.csihelsinki.fi\/\",\"name\":\"Csi Helsinki home\",\"description\":\"CSI-ohjelmistot \u2013 enemm\u00e4n aikaa asianajotoiminnalle\",\"publisher\":{\"@id\":\"https:\/\/www.csihelsinki.fi\/#organization\"},\"potentialAction\":[{\"@type\":\"SearchAction\",\"target\":{\"@type\":\"EntryPoint\",\"urlTemplate\":\"https:\/\/www.csihelsinki.fi\/?s={search_term_string}\"},\"query-input\":{\"@type\":\"PropertyValueSpecification\",\"valueRequired\":true,\"valueName\":\"search_term_string\"}}],\"inLanguage\":\"sv-SE\"},{\"@type\":\"Organization\",\"@id\":\"https:\/\/www.csihelsinki.fi\/#organization\",\"name\":\"Csi Helsinki home\",\"url\":\"https:\/\/www.csihelsinki.fi\/\",\"logo\":{\"@type\":\"ImageObject\",\"inLanguage\":\"sv-SE\",\"@id\":\"https:\/\/www.csihelsinki.fi\/#\/schema\/logo\/image\/\",\"url\":\"https:\/\/www.csihelsinki.fi\/wp-content\/uploads\/2021\/06\/logo.png\",\"contentUrl\":\"https:\/\/www.csihelsinki.fi\/wp-content\/uploads\/2021\/06\/logo.png\",\"width\":130,\"height\":65,\"caption\":\"Csi Helsinki home\"},\"image\":{\"@id\":\"https:\/\/www.csihelsinki.fi\/#\/schema\/logo\/image\/\"}}]}<\/script>\n<!-- \/ Yoast SEO plugin. -->","yoast_head_json":{"title":"NetDocuments - Csi Helsinki home","robots":{"index":"index","follow":"follow","max-snippet":"max-snippet:-1","max-image-preview":"max-image-preview:large","max-video-preview":"max-video-preview:-1"},"canonical":"https:\/\/www.csihelsinki.fi\/sv\/losningar\/netdocuments\/","og_locale":"sv_SE","og_type":"article","og_title":"NetDocuments - Csi Helsinki home","og_url":"https:\/\/www.csihelsinki.fi\/sv\/losningar\/netdocuments\/","og_site_name":"Csi Helsinki home","article_modified_time":"2026-03-09T08:01:04+00:00","og_image":[{"width":1474,"height":692,"url":"https:\/\/www.csihelsinki.fi\/wp-content\/uploads\/2021\/08\/documents2.jpg","type":"image\/jpeg"}],"twitter_card":"summary_large_image","schema":{"@context":"https:\/\/schema.org","@graph":[{"@type":"WebPage","@id":"https:\/\/www.csihelsinki.fi\/sv\/losningar\/netdocuments\/","url":"https:\/\/www.csihelsinki.fi\/sv\/losningar\/netdocuments\/","name":"NetDocuments - Csi Helsinki home","isPartOf":{"@id":"https:\/\/www.csihelsinki.fi\/#website"},"primaryImageOfPage":{"@id":"https:\/\/www.csihelsinki.fi\/sv\/losningar\/netdocuments\/#primaryimage"},"image":{"@id":"https:\/\/www.csihelsinki.fi\/sv\/losningar\/netdocuments\/#primaryimage"},"thumbnailUrl":"https:\/\/www.csihelsinki.fi\/wp-content\/uploads\/2021\/08\/documents2.jpg","datePublished":"2026-03-03T19:38:03+00:00","dateModified":"2026-03-09T08:01:04+00:00","breadcrumb":{"@id":"https:\/\/www.csihelsinki.fi\/sv\/losningar\/netdocuments\/#breadcrumb"},"inLanguage":"sv-SE","potentialAction":[{"@type":"ReadAction","target":["https:\/\/www.csihelsinki.fi\/sv\/losningar\/netdocuments\/"]}]},{"@type":"ImageObject","inLanguage":"sv-SE","@id":"https:\/\/www.csihelsinki.fi\/sv\/losningar\/netdocuments\/#primaryimage","url":"https:\/\/www.csihelsinki.fi\/wp-content\/uploads\/2021\/08\/documents2.jpg","contentUrl":"https:\/\/www.csihelsinki.fi\/wp-content\/uploads\/2021\/08\/documents2.jpg","width":1474,"height":692},{"@type":"BreadcrumbList","@id":"https:\/\/www.csihelsinki.fi\/sv\/losningar\/netdocuments\/#breadcrumb","itemListElement":[{"@type":"ListItem","position":1,"name":"Etusivu","item":"https:\/\/www.csihelsinki.fi\/sv\/"},{"@type":"ListItem","position":2,"name":"L\u00f6sningar","item":"https:\/\/www.csihelsinki.fi\/sv\/losningar\/"},{"@type":"ListItem","position":3,"name":"NetDocuments"}]},{"@type":"WebSite","@id":"https:\/\/www.csihelsinki.fi\/#website","url":"https:\/\/www.csihelsinki.fi\/","name":"Csi Helsinki home","description":"CSI-ohjelmistot \u2013 enemm\u00e4n aikaa asianajotoiminnalle","publisher":{"@id":"https:\/\/www.csihelsinki.fi\/#organization"},"potentialAction":[{"@type":"SearchAction","target":{"@type":"EntryPoint","urlTemplate":"https:\/\/www.csihelsinki.fi\/?s={search_term_string}"},"query-input":{"@type":"PropertyValueSpecification","valueRequired":true,"valueName":"search_term_string"}}],"inLanguage":"sv-SE"},{"@type":"Organization","@id":"https:\/\/www.csihelsinki.fi\/#organization","name":"Csi Helsinki home","url":"https:\/\/www.csihelsinki.fi\/","logo":{"@type":"ImageObject","inLanguage":"sv-SE","@id":"https:\/\/www.csihelsinki.fi\/#\/schema\/logo\/image\/","url":"https:\/\/www.csihelsinki.fi\/wp-content\/uploads\/2021\/06\/logo.png","contentUrl":"https:\/\/www.csihelsinki.fi\/wp-content\/uploads\/2021\/06\/logo.png","width":130,"height":65,"caption":"Csi Helsinki home"},"image":{"@id":"https:\/\/www.csihelsinki.fi\/#\/schema\/logo\/image\/"}}]}},"_links":{"self":[{"href":"https:\/\/www.csihelsinki.fi\/sv\/wp-json\/wp\/v2\/pages\/15717","targetHints":{"allow":["GET"]}}],"collection":[{"href":"https:\/\/www.csihelsinki.fi\/sv\/wp-json\/wp\/v2\/pages"}],"about":[{"href":"https:\/\/www.csihelsinki.fi\/sv\/wp-json\/wp\/v2\/types\/page"}],"author":[{"embeddable":true,"href":"https:\/\/www.csihelsinki.fi\/sv\/wp-json\/wp\/v2\/users\/2"}],"replies":[{"embeddable":true,"href":"https:\/\/www.csihelsinki.fi\/sv\/wp-json\/wp\/v2\/comments?post=15717"}],"version-history":[{"count":6,"href":"https:\/\/www.csihelsinki.fi\/sv\/wp-json\/wp\/v2\/pages\/15717\/revisions"}],"predecessor-version":[{"id":15785,"href":"https:\/\/www.csihelsinki.fi\/sv\/wp-json\/wp\/v2\/pages\/15717\/revisions\/15785"}],"up":[{"embeddable":true,"href":"https:\/\/www.csihelsinki.fi\/sv\/wp-json\/wp\/v2\/pages\/11574"}],"wp:featuredmedia":[{"embeddable":true,"href":"https:\/\/www.csihelsinki.fi\/sv\/wp-json\/wp\/v2\/media\/10732"}],"wp:attachment":[{"href":"https:\/\/www.csihelsinki.fi\/sv\/wp-json\/wp\/v2\/media?parent=15717"}],"curies":[{"name":"wp","href":"https:\/\/api.w.org\/{rel}","templated":true}]}}