{"id":13830,"date":"2022-12-09T21:30:28","date_gmt":"2022-12-09T21:30:28","guid":{"rendered":"https:\/\/www.csihelsinki.fi\/?page_id=13830"},"modified":"2024-02-26T13:12:49","modified_gmt":"2024-02-26T13:12:49","slug":"ilves-myactivities-roi","status":"publish","type":"page","link":"https:\/\/www.csihelsinki.fi\/sv\/ilves-myactivities-roi\/","title":{"rendered":"Ilves MyActivities ROI"},"content":{"rendered":"\n<div class=\"wp-block-cover\"><span aria-hidden=\"true\" class=\"wp-block-cover__background has-background-dim-70 has-background-dim\" style=\"background-color:#0090a6\"><\/span><img loading=\"lazy\" decoding=\"async\" width=\"2560\" height=\"1636\" class=\"wp-block-cover__image-background wp-image-13429\" alt=\"\" src=\"https:\/\/www.csihelsinki.fi\/wp-content\/uploads\/2022\/10\/ROI-scaled.jpg\" data-object-fit=\"cover\" srcset=\"https:\/\/www.csihelsinki.fi\/wp-content\/uploads\/2022\/10\/ROI-scaled.jpg 2560w, https:\/\/www.csihelsinki.fi\/wp-content\/uploads\/2022\/10\/ROI-300x192.jpg 300w, https:\/\/www.csihelsinki.fi\/wp-content\/uploads\/2022\/10\/ROI-1024x654.jpg 1024w, https:\/\/www.csihelsinki.fi\/wp-content\/uploads\/2022\/10\/ROI-768x491.jpg 768w, https:\/\/www.csihelsinki.fi\/wp-content\/uploads\/2022\/10\/ROI-1536x982.jpg 1536w, https:\/\/www.csihelsinki.fi\/wp-content\/uploads\/2022\/10\/ROI-2048x1309.jpg 2048w\" sizes=\"auto, (max-width: 2560px) 100vw, 2560px\" \/><div class=\"wp-block-cover__inner-container is-layout-flow wp-block-cover-is-layout-flow\">\n<p class=\"has-text-align-center has-white-color has-text-color has-large-font-size\"><strong>Ilves MyActivities &#8211; Return on Investment<\/strong><\/p>\n<\/div><\/div>\n\n\n\n<div style=\"height:50px\" aria-hidden=\"true\" class=\"wp-block-spacer\"><\/div>\n\n\n\n<div class=\"wp-block-columns page-content is-layout-flex wp-container-core-columns-is-layout-3 wp-block-columns-is-layout-flex\">\n<div class=\"wp-block-column is-layout-flow wp-block-column-is-layout-flow\" style=\"flex-basis:33.33%\">\n<h2 class=\"wp-block-heading has-text-align-left page-content\">Undrar du hur var och en av dina advokater kan \u00f6ka resultatet med 8 640 \u20ac?<\/h2>\n\n\n<div class=\"wp-block-image\">\n<figure class=\"aligncenter size-full is-resized\"><img loading=\"lazy\" decoding=\"async\" width=\"368\" height=\"137\" src=\"https:\/\/www.csihelsinki.fi\/wp-content\/uploads\/2020\/05\/ilveshaku-logo.png\" alt=\"\" class=\"wp-image-9924\" style=\"width:184px;height:69px\" srcset=\"https:\/\/www.csihelsinki.fi\/wp-content\/uploads\/2020\/05\/ilveshaku-logo.png 368w, https:\/\/www.csihelsinki.fi\/wp-content\/uploads\/2020\/05\/ilveshaku-logo-300x112.png 300w\" sizes=\"auto, (max-width: 368px) 100vw, 368px\" \/><\/figure><\/div><\/div>\n\n\n\n<div class=\"wp-block-column is-layout-flow wp-block-column-is-layout-flow\" style=\"flex-basis:66.66%\">\n<p>Ilves MyActivities hj\u00e4lper ditt team att identifiera fakturerbar arbetstid som annars skulle kunna g\u00e5 f\u00f6rlorad.<\/p>\n\n\n\n<p>Programmet sp\u00e5rar fakturerbara aktiviteter fr\u00e5n olika k\u00e4llor och tar dem till juristens personliga dagliga tidslinje, vilket b\u00e5de sparar personalens tid och \u00f6kar faktureringsgraden.<\/p>\n\n\n\n<p>N\u00e4r Ilves MyActivities Pro har integrerats med CSI Lawyer kan identifierade aktiviteter direkt omvandlas till fakturerbara poster.<\/p>\n\n\n<div class=\"wp-block-image\">\n<figure class=\"aligncenter size-large\"><img loading=\"lazy\" decoding=\"async\" width=\"1024\" height=\"465\" src=\"https:\/\/www.csihelsinki.fi\/wp-content\/uploads\/2022\/12\/Ilves-MyActivities-SWE-1024x465.png\" alt=\"\" class=\"wp-image-13831\" srcset=\"https:\/\/www.csihelsinki.fi\/wp-content\/uploads\/2022\/12\/Ilves-MyActivities-SWE-1024x465.png 1024w, https:\/\/www.csihelsinki.fi\/wp-content\/uploads\/2022\/12\/Ilves-MyActivities-SWE-300x136.png 300w, https:\/\/www.csihelsinki.fi\/wp-content\/uploads\/2022\/12\/Ilves-MyActivities-SWE-768x349.png 768w, https:\/\/www.csihelsinki.fi\/wp-content\/uploads\/2022\/12\/Ilves-MyActivities-SWE-1536x698.png 1536w, https:\/\/www.csihelsinki.fi\/wp-content\/uploads\/2022\/12\/Ilves-MyActivities-SWE-2048x931.png 2048w\" sizes=\"auto, (max-width: 1024px) 100vw, 1024px\" \/><\/figure><\/div>\n\n\n<div style=\"height:30px\" aria-hidden=\"true\" class=\"wp-block-spacer\"><\/div>\n\n\n\n<h3 class=\"wp-block-heading\"><strong>Hur mycket mera fakturerbart kan ni hitta?<\/strong><\/h3>\n\n\n\n<p>De advokatbyr\u00e5er som anv\u00e4nder Ilves MyActivities har rapporterat en genomsnittlig \u00f6kning av dagliga fakturerbara poster med 30 minuter per jurist.<\/p>\n\n\n\n<div class=\"wp-block-columns is-layout-flex wp-container-core-columns-is-layout-2 wp-block-columns-is-layout-flex\">\n<div class=\"wp-block-column is-layout-flow wp-block-column-is-layout-flow\" style=\"flex-basis:25%\">\n<p class=\"has-text-align-center number-large has-text-color\" style=\"color:#0090a6\">30 <\/p>\n\n\n\n<p class=\"has-text-align-center\">minuter om dagen<\/p>\n\n\n\n<p class=\"has-text-align-center has-text-color has-medium-font-size\" style=\"color:#0090a6\"><strong>X<\/strong><\/p>\n<\/div>\n\n\n\n<div class=\"wp-block-column is-layout-flow wp-block-column-is-layout-flow\" style=\"flex-basis:50%\">\n<div class=\"wp-block-columns is-layout-flex wp-container-core-columns-is-layout-1 wp-block-columns-is-layout-flex\">\n<div class=\"wp-block-column is-layout-flow wp-block-column-is-layout-flow\">\n<p class=\"has-text-align-center number-large has-text-color\" style=\"color:#0090a6\">5 <\/p>\n\n\n\n<p class=\"has-text-align-center\">dagar i veckan <\/p>\n\n\n\n<p class=\"has-text-align-center has-text-color has-medium-font-size\" style=\"color:#0090a6\"><strong>X<\/strong><\/p>\n<\/div>\n\n\n\n<div class=\"wp-block-column is-layout-flow wp-block-column-is-layout-flow\">\n<p class=\"has-text-align-center number-large has-text-color\" style=\"color:#0090a6\">4 <\/p>\n\n\n\n<p class=\"has-text-align-center\">veckor i m\u00e5naden<\/p>\n\n\n\n<p class=\"has-text-align-center has-text-color has-medium-font-size\" style=\"color:#0090a6\"><strong>=<\/strong><\/p>\n<\/div>\n<\/div>\n<\/div>\n\n\n\n<div class=\"wp-block-column is-layout-flow wp-block-column-is-layout-flow\" style=\"flex-basis:25%\">\n<p class=\"has-text-align-center number-large has-text-color\" style=\"color:#0090a6\">10<\/p>\n\n\n\n<p class=\"has-text-align-center\">timmar totalt per m\u00e5nad<\/p>\n<\/div>\n<\/div>\n\n\n\n<p>F\u00f6r en advokatbyr\u00e5 med 10 jurister inneb\u00e4r detta cirka 100 timmars potentiellt fakturerbar tid varje m\u00e5nad.<\/p>\n\n\n\n<div style=\"height:50px\" aria-hidden=\"true\" class=\"wp-block-spacer\"><\/div>\n\n\n\n<h3 class=\"wp-block-heading\"><strong>Vad kostar det dig?<\/strong><\/h3>\n\n\n\n<p>F\u00f6r svenska advokatbyr\u00e5er \u00e4r m\u00e5nadsavgiften f\u00f6r Ilves MyActivities Pro, integrerad till CSI Lawyer, 30\u20ac per anv\u00e4ndare.<\/p>\n\n\n\n<p>Drifts\u00e4ttningsavgiften f\u00f6r l\u00f6sningen beror p\u00e5 antalet och typen av olika datak\u00e4llor som du vill att applikationen ska f\u00e5nga upp aktiviteter fr\u00e5n. J\u00e4mf\u00f6rt med andra liknande tidssp\u00e5rningssystem \u00e4r implementeringskostnaden dock mycket \u00f6verkomlig.<\/p>\n\n\n\n<div style=\"height:50px\" aria-hidden=\"true\" class=\"wp-block-spacer\"><\/div>\n\n\n\n<h3 class=\"wp-block-heading\"><strong>Hur ser avkastningen ut?<\/strong><\/h3>\n\n\n\n<p>Nedanst\u00e5ende enkla ROI-ber\u00e4kning \u00e4r baserad p\u00e5 uppskattningar fr\u00e5n nuvarande Ilves MyActivities-kunder. F\u00f6r en advokatbyr\u00e5 med 10 jurister \u00e4r den potentiella \u00e5rliga avkastningen vid anv\u00e4ndning av Ilves MyActivities Pro integrerat till CSI Lawyer f\u00f6ljande:<\/p>\n\n\n\n<div style=\"height:15px\" aria-hidden=\"true\" class=\"wp-block-spacer\"><\/div>\n\n\n\n<figure class=\"wp-block-table alignleft is-style-regular\" style=\"font-style:normal;font-weight:600\"><table class=\"has-text-color\" style=\"color:#0090a6\"><tbody><tr><td>Fakturerbara identifierade halvtimmar per m\u00e5nad i genomsnitt <br><em>(50 timmar x 150 \u20ac) <\/em><\/td><td class=\"has-text-align-right\" data-align=\"right\">7 500 \u20ac<\/td><\/tr><tr><td>M\u00e5nadsavgifter f\u00f6r Ilves MyActivities Pro + CSI Lawyer-integration  <\/td><td class=\"has-text-align-right\" data-align=\"right\">300 \u20ac<\/td><\/tr><tr><td>Ber\u00e4knad m\u00e5natlig nettof\u00f6rtj\u00e4nst vid anv\u00e4ndning av Ilves MyActivities<\/td><td class=\"has-text-align-right\" data-align=\"right\">7 200 \u20ac<\/td><\/tr><tr><td>Ber\u00e4knad \u00e5rlig f\u00f6rtj\u00e4nst vid anv\u00e4ndning av Ilves MyActivities<\/td><td class=\"has-text-align-right\" data-align=\"right\">86 400 \u20ac<\/td><\/tr><\/tbody><\/table><\/figure>\n\n\n\n<div style=\"height:30px\" aria-hidden=\"true\" class=\"wp-block-spacer\"><\/div>\n\n\n\n<p>F\u00f6r n\u00e4rmare information om Ilves MyActivities, klicka <span style=\"text-decoration: underline;\"><a href=\"https:\/\/www.ilvessolutions.fi\/en\/products\/ilves-myactivities\/\" target=\"_blank\" rel=\"noreferrer noopener\">h\u00e4r<\/a><\/span> eller kontakta CSI:s f\u00f6rs\u00e4ljningchef <span style=\"text-decoration: underline;\"><a href=\"https:\/\/www.csihelsinki.fi\/sv\/team_members\/mikko-hamalainen\/\">Mikko H\u00e4m\u00e4l\u00e4inen<\/a><\/span>.<\/p>\n\n\n\n<div style=\"height:50px\" aria-hidden=\"true\" class=\"wp-block-spacer\"><\/div>\n<\/div>\n<\/div>\n\n\n<p><!-- \/wp:column -->\n<\/p>\n<p><!-- \/wp:columns --><\/p>\n<p><!-- wp:paragraph --><\/p>\n<p><!-- \/wp:paragraph --><\/p>","protected":false},"excerpt":{"rendered":"","protected":false},"author":2,"featured_media":0,"parent":0,"menu_order":0,"comment_status":"closed","ping_status":"closed","template":"","meta":{"_acf_changed":false,"footnotes":""},"class_list":["post-13830","page","type-page","status-publish","hentry"],"acf":[],"yoast_head":"<!-- This site is optimized with the Yoast SEO plugin v26.8 - https:\/\/yoast.com\/product\/yoast-seo-wordpress\/ -->\n<title>Ilves MyActivities ROI - Csi Helsinki home<\/title>\n<meta name=\"robots\" content=\"index, follow, max-snippet:-1, max-image-preview:large, max-video-preview:-1\" \/>\n<link rel=\"canonical\" href=\"https:\/\/www.csihelsinki.fi\/sv\/ilves-myactivities-roi\/\" \/>\n<meta property=\"og:locale\" content=\"sv_SE\" \/>\n<meta property=\"og:type\" content=\"article\" \/>\n<meta property=\"og:title\" content=\"Ilves MyActivities ROI - Csi Helsinki home\" \/>\n<meta property=\"og:url\" content=\"https:\/\/www.csihelsinki.fi\/sv\/ilves-myactivities-roi\/\" \/>\n<meta property=\"og:site_name\" content=\"Csi Helsinki home\" \/>\n<meta property=\"article:modified_time\" content=\"2024-02-26T13:12:49+00:00\" \/>\n<meta property=\"og:image\" content=\"https:\/\/www.csihelsinki.fi\/wp-content\/uploads\/2022\/10\/ROI-scaled.jpg\" \/>\n<meta name=\"twitter:card\" content=\"summary_large_image\" \/>\n<script type=\"application\/ld+json\" class=\"yoast-schema-graph\">{\"@context\":\"https:\/\/schema.org\",\"@graph\":[{\"@type\":\"WebPage\",\"@id\":\"https:\/\/www.csihelsinki.fi\/sv\/ilves-myactivities-roi\/\",\"url\":\"https:\/\/www.csihelsinki.fi\/sv\/ilves-myactivities-roi\/\",\"name\":\"Ilves MyActivities ROI - Csi Helsinki home\",\"isPartOf\":{\"@id\":\"https:\/\/www.csihelsinki.fi\/#website\"},\"primaryImageOfPage\":{\"@id\":\"https:\/\/www.csihelsinki.fi\/sv\/ilves-myactivities-roi\/#primaryimage\"},\"image\":{\"@id\":\"https:\/\/www.csihelsinki.fi\/sv\/ilves-myactivities-roi\/#primaryimage\"},\"thumbnailUrl\":\"https:\/\/www.csihelsinki.fi\/wp-content\/uploads\/2022\/10\/ROI-scaled.jpg\",\"datePublished\":\"2022-12-09T21:30:28+00:00\",\"dateModified\":\"2024-02-26T13:12:49+00:00\",\"breadcrumb\":{\"@id\":\"https:\/\/www.csihelsinki.fi\/sv\/ilves-myactivities-roi\/#breadcrumb\"},\"inLanguage\":\"sv-SE\",\"potentialAction\":[{\"@type\":\"ReadAction\",\"target\":[\"https:\/\/www.csihelsinki.fi\/sv\/ilves-myactivities-roi\/\"]}]},{\"@type\":\"ImageObject\",\"inLanguage\":\"sv-SE\",\"@id\":\"https:\/\/www.csihelsinki.fi\/sv\/ilves-myactivities-roi\/#primaryimage\",\"url\":\"https:\/\/www.csihelsinki.fi\/wp-content\/uploads\/2022\/10\/ROI-scaled.jpg\",\"contentUrl\":\"https:\/\/www.csihelsinki.fi\/wp-content\/uploads\/2022\/10\/ROI-scaled.jpg\"},{\"@type\":\"BreadcrumbList\",\"@id\":\"https:\/\/www.csihelsinki.fi\/sv\/ilves-myactivities-roi\/#breadcrumb\",\"itemListElement\":[{\"@type\":\"ListItem\",\"position\":1,\"name\":\"Etusivu\",\"item\":\"https:\/\/www.csihelsinki.fi\/sv\/\"},{\"@type\":\"ListItem\",\"position\":2,\"name\":\"Ilves MyActivities ROI\"}]},{\"@type\":\"WebSite\",\"@id\":\"https:\/\/www.csihelsinki.fi\/#website\",\"url\":\"https:\/\/www.csihelsinki.fi\/\",\"name\":\"Csi Helsinki home\",\"description\":\"CSI-ohjelmistot \u2013 enemm\u00e4n aikaa asianajotoiminnalle\",\"publisher\":{\"@id\":\"https:\/\/www.csihelsinki.fi\/#organization\"},\"potentialAction\":[{\"@type\":\"SearchAction\",\"target\":{\"@type\":\"EntryPoint\",\"urlTemplate\":\"https:\/\/www.csihelsinki.fi\/?s={search_term_string}\"},\"query-input\":{\"@type\":\"PropertyValueSpecification\",\"valueRequired\":true,\"valueName\":\"search_term_string\"}}],\"inLanguage\":\"sv-SE\"},{\"@type\":\"Organization\",\"@id\":\"https:\/\/www.csihelsinki.fi\/#organization\",\"name\":\"Csi Helsinki home\",\"url\":\"https:\/\/www.csihelsinki.fi\/\",\"logo\":{\"@type\":\"ImageObject\",\"inLanguage\":\"sv-SE\",\"@id\":\"https:\/\/www.csihelsinki.fi\/#\/schema\/logo\/image\/\",\"url\":\"https:\/\/www.csihelsinki.fi\/wp-content\/uploads\/2021\/06\/logo.png\",\"contentUrl\":\"https:\/\/www.csihelsinki.fi\/wp-content\/uploads\/2021\/06\/logo.png\",\"width\":130,\"height\":65,\"caption\":\"Csi Helsinki home\"},\"image\":{\"@id\":\"https:\/\/www.csihelsinki.fi\/#\/schema\/logo\/image\/\"}}]}<\/script>\n<!-- \/ Yoast SEO plugin. -->","yoast_head_json":{"title":"Ilves MyActivities ROI - Csi Helsinki home","robots":{"index":"index","follow":"follow","max-snippet":"max-snippet:-1","max-image-preview":"max-image-preview:large","max-video-preview":"max-video-preview:-1"},"canonical":"https:\/\/www.csihelsinki.fi\/sv\/ilves-myactivities-roi\/","og_locale":"sv_SE","og_type":"article","og_title":"Ilves MyActivities ROI - Csi Helsinki home","og_url":"https:\/\/www.csihelsinki.fi\/sv\/ilves-myactivities-roi\/","og_site_name":"Csi Helsinki home","article_modified_time":"2024-02-26T13:12:49+00:00","og_image":[{"url":"https:\/\/www.csihelsinki.fi\/wp-content\/uploads\/2022\/10\/ROI-scaled.jpg","type":"","width":"","height":""}],"twitter_card":"summary_large_image","schema":{"@context":"https:\/\/schema.org","@graph":[{"@type":"WebPage","@id":"https:\/\/www.csihelsinki.fi\/sv\/ilves-myactivities-roi\/","url":"https:\/\/www.csihelsinki.fi\/sv\/ilves-myactivities-roi\/","name":"Ilves MyActivities ROI - Csi Helsinki home","isPartOf":{"@id":"https:\/\/www.csihelsinki.fi\/#website"},"primaryImageOfPage":{"@id":"https:\/\/www.csihelsinki.fi\/sv\/ilves-myactivities-roi\/#primaryimage"},"image":{"@id":"https:\/\/www.csihelsinki.fi\/sv\/ilves-myactivities-roi\/#primaryimage"},"thumbnailUrl":"https:\/\/www.csihelsinki.fi\/wp-content\/uploads\/2022\/10\/ROI-scaled.jpg","datePublished":"2022-12-09T21:30:28+00:00","dateModified":"2024-02-26T13:12:49+00:00","breadcrumb":{"@id":"https:\/\/www.csihelsinki.fi\/sv\/ilves-myactivities-roi\/#breadcrumb"},"inLanguage":"sv-SE","potentialAction":[{"@type":"ReadAction","target":["https:\/\/www.csihelsinki.fi\/sv\/ilves-myactivities-roi\/"]}]},{"@type":"ImageObject","inLanguage":"sv-SE","@id":"https:\/\/www.csihelsinki.fi\/sv\/ilves-myactivities-roi\/#primaryimage","url":"https:\/\/www.csihelsinki.fi\/wp-content\/uploads\/2022\/10\/ROI-scaled.jpg","contentUrl":"https:\/\/www.csihelsinki.fi\/wp-content\/uploads\/2022\/10\/ROI-scaled.jpg"},{"@type":"BreadcrumbList","@id":"https:\/\/www.csihelsinki.fi\/sv\/ilves-myactivities-roi\/#breadcrumb","itemListElement":[{"@type":"ListItem","position":1,"name":"Etusivu","item":"https:\/\/www.csihelsinki.fi\/sv\/"},{"@type":"ListItem","position":2,"name":"Ilves MyActivities ROI"}]},{"@type":"WebSite","@id":"https:\/\/www.csihelsinki.fi\/#website","url":"https:\/\/www.csihelsinki.fi\/","name":"Csi Helsinki home","description":"CSI-ohjelmistot \u2013 enemm\u00e4n aikaa asianajotoiminnalle","publisher":{"@id":"https:\/\/www.csihelsinki.fi\/#organization"},"potentialAction":[{"@type":"SearchAction","target":{"@type":"EntryPoint","urlTemplate":"https:\/\/www.csihelsinki.fi\/?s={search_term_string}"},"query-input":{"@type":"PropertyValueSpecification","valueRequired":true,"valueName":"search_term_string"}}],"inLanguage":"sv-SE"},{"@type":"Organization","@id":"https:\/\/www.csihelsinki.fi\/#organization","name":"Csi Helsinki home","url":"https:\/\/www.csihelsinki.fi\/","logo":{"@type":"ImageObject","inLanguage":"sv-SE","@id":"https:\/\/www.csihelsinki.fi\/#\/schema\/logo\/image\/","url":"https:\/\/www.csihelsinki.fi\/wp-content\/uploads\/2021\/06\/logo.png","contentUrl":"https:\/\/www.csihelsinki.fi\/wp-content\/uploads\/2021\/06\/logo.png","width":130,"height":65,"caption":"Csi Helsinki home"},"image":{"@id":"https:\/\/www.csihelsinki.fi\/#\/schema\/logo\/image\/"}}]}},"_links":{"self":[{"href":"https:\/\/www.csihelsinki.fi\/sv\/wp-json\/wp\/v2\/pages\/13830","targetHints":{"allow":["GET"]}}],"collection":[{"href":"https:\/\/www.csihelsinki.fi\/sv\/wp-json\/wp\/v2\/pages"}],"about":[{"href":"https:\/\/www.csihelsinki.fi\/sv\/wp-json\/wp\/v2\/types\/page"}],"author":[{"embeddable":true,"href":"https:\/\/www.csihelsinki.fi\/sv\/wp-json\/wp\/v2\/users\/2"}],"replies":[{"embeddable":true,"href":"https:\/\/www.csihelsinki.fi\/sv\/wp-json\/wp\/v2\/comments?post=13830"}],"version-history":[{"count":3,"href":"https:\/\/www.csihelsinki.fi\/sv\/wp-json\/wp\/v2\/pages\/13830\/revisions"}],"predecessor-version":[{"id":14526,"href":"https:\/\/www.csihelsinki.fi\/sv\/wp-json\/wp\/v2\/pages\/13830\/revisions\/14526"}],"wp:attachment":[{"href":"https:\/\/www.csihelsinki.fi\/sv\/wp-json\/wp\/v2\/media?parent=13830"}],"curies":[{"name":"wp","href":"https:\/\/api.w.org\/{rel}","templated":true}]}}