{"id":11859,"date":"2022-01-17T14:08:28","date_gmt":"2022-01-17T14:08:28","guid":{"rendered":"http:\/\/www.csihelsinki.fi\/varaa-demo\/"},"modified":"2022-06-20T07:54:38","modified_gmt":"2022-06-20T07:54:38","slug":"boka-en-demo","status":"publish","type":"page","link":"https:\/\/www.csihelsinki.fi\/sv\/kontakta-oss\/boka-en-demo\/","title":{"rendered":"Boka en demo"},"content":{"rendered":"\n<div class=\"wp-block-cover\"><span aria-hidden=\"true\" class=\"has-background-dim-70 wp-block-cover__gradient-background has-background-dim\" style=\"background-color:#0090a6\"><\/span><img loading=\"lazy\" decoding=\"async\" width=\"1490\" height=\"688\" class=\"wp-block-cover__image-background wp-image-9969\" alt=\"\" src=\"http:\/\/www.csihelsinki.fi\/wp-content\/uploads\/2021\/08\/assignment.jpg\" data-object-fit=\"cover\" srcset=\"https:\/\/www.csihelsinki.fi\/wp-content\/uploads\/2021\/08\/assignment.jpg 1490w, https:\/\/www.csihelsinki.fi\/wp-content\/uploads\/2021\/08\/assignment-300x139.jpg 300w, https:\/\/www.csihelsinki.fi\/wp-content\/uploads\/2021\/08\/assignment-1024x473.jpg 1024w, https:\/\/www.csihelsinki.fi\/wp-content\/uploads\/2021\/08\/assignment-768x355.jpg 768w\" sizes=\"auto, (max-width: 1490px) 100vw, 1490px\" \/><div class=\"wp-block-cover__inner-container is-layout-flow wp-block-cover-is-layout-flow\">\n<h1 class=\"has-text-align-center wp-block-heading\" id=\"boka-en-demo\">Boka en demo<\/h1>\n<\/div><\/div>\n\n\n\n<div style=\"height:50px\" aria-hidden=\"true\" class=\"wp-block-spacer\"><\/div>\n\n\n\n<div class=\"wp-block-columns page-content is-layout-flex wp-container-core-columns-is-layout-1 wp-block-columns-is-layout-flex\">\n<div class=\"wp-block-column is-layout-flow wp-block-column-is-layout-flow\" style=\"flex-basis:33.33%\">\n<h2 class=\"wp-block-heading\" id=\"boka-har-en-gratis-csi-lawyer-demo\">Boka h\u00e4r en kostnadsfri CSI Lawyer demo.<\/h2>\n<\/div>\n\n\n\n<div class=\"wp-block-column is-layout-flow wp-block-column-is-layout-flow\" style=\"flex-basis:66.66%\">\n<p class=\"text-jumbo\">Vi kommer att kontakta dig f\u00f6r att komma \u00f6verens om tidpunkten, l\u00e4ngden och inneh\u00e5llet f\u00f6r demon enligt dina behov.<\/p>\n\n\n\n<div style=\"height:30px\" aria-hidden=\"true\" class=\"wp-block-spacer\"><\/div>\n\n\n\n<div class=\"wpcf7 no-js\" id=\"wpcf7-f11865-o1\" lang=\"sv-SE\" dir=\"ltr\" data-wpcf7-id=\"11865\">\n<div class=\"screen-reader-response\"><p role=\"status\" aria-live=\"polite\" aria-atomic=\"true\"><\/p> <ul><\/ul><\/div>\n<form action=\"\/sv\/wp-json\/wp\/v2\/pages\/11859#wpcf7-f11865-o1\" method=\"post\" class=\"wpcf7-form init\" aria-label=\"Kontaktformul\u00e4r\" novalidate=\"novalidate\" data-status=\"init\">\n<fieldset class=\"hidden-fields-container\"><input type=\"hidden\" name=\"_wpcf7\" value=\"11865\" \/><input type=\"hidden\" name=\"_wpcf7_version\" value=\"6.1.5\" \/><input type=\"hidden\" name=\"_wpcf7_locale\" value=\"sv_SE\" \/><input type=\"hidden\" name=\"_wpcf7_unit_tag\" value=\"wpcf7-f11865-o1\" \/><input type=\"hidden\" name=\"_wpcf7_container_post\" value=\"0\" \/><input type=\"hidden\" name=\"_wpcf7_posted_data_hash\" value=\"\" \/><input type=\"hidden\" name=\"_wpcf7_recaptcha_response\" value=\"\" \/>\n<\/fieldset>\n<p><span class=\"wpcf7-form-control-wrap\" data-name=\"Namn\"><input size=\"40\" maxlength=\"400\" class=\"wpcf7-form-control wpcf7-text wpcf7-validates-as-required\" aria-required=\"true\" aria-invalid=\"false\" placeholder=\"Namn:\" value=\"\" type=\"text\" name=\"Namn\" \/><\/span><span class=\"wpcf7-form-control-wrap\" data-name=\"Epost\"><input size=\"40\" maxlength=\"400\" class=\"wpcf7-form-control wpcf7-email wpcf7-validates-as-required wpcf7-text wpcf7-validates-as-email\" aria-required=\"true\" aria-invalid=\"false\" placeholder=\"E-post:\" value=\"\" type=\"email\" name=\"Epost\" \/><\/span><br \/>\n<span class=\"wpcf7-form-control-wrap\" data-name=\"Telefon\"><input size=\"40\" maxlength=\"400\" class=\"wpcf7-form-control wpcf7-tel wpcf7-validates-as-required wpcf7-text wpcf7-validates-as-tel\" aria-required=\"true\" aria-invalid=\"false\" placeholder=\"Telefon:\" value=\"\" type=\"tel\" name=\"Telefon\" \/><\/span><span class=\"wpcf7-form-control-wrap\" data-name=\"Titel\"><input size=\"40\" maxlength=\"400\" class=\"wpcf7-form-control wpcf7-text wpcf7-validates-as-required\" aria-required=\"true\" aria-invalid=\"false\" placeholder=\"Titel:\" value=\"\" type=\"text\" name=\"Titel\" \/><\/span><br \/>\n<span class=\"wpcf7-form-control-wrap\" data-name=\"Foretag\"><input size=\"40\" maxlength=\"400\" class=\"wpcf7-form-control wpcf7-text wpcf7-validates-as-required\" aria-required=\"true\" aria-invalid=\"false\" placeholder=\"F\u00f6retag:\" value=\"\" type=\"text\" name=\"Foretag\" \/><\/span><span class=\"wpcf7-form-control-wrap\" data-name=\"Land\"><input size=\"40\" maxlength=\"400\" class=\"wpcf7-form-control wpcf7-text wpcf7-validates-as-required\" aria-required=\"true\" aria-invalid=\"false\" placeholder=\"Land:\" value=\"\" type=\"text\" name=\"Land\" \/><\/span><span id=\"wpcf7-69d261848b2cb-wrapper\" class=\"wpcf7-form-control-wrap Website-wrap\" style=\"display:none !important; visibility:hidden !important;\"><label for=\"website\" class=\"hp-message\">L\u00e4mna detta f\u00e4lt tomt.<\/label><input id=\"website\"  placeholder=\"Website\"  class=\"wpcf7-form-control wpcf7-text\" type=\"text\" name=\"Website\" value=\"\" size=\"40\" tabindex=\"-1\" autocomplete=\"new-password\" \/><\/span><br \/>\n<input class=\"wpcf7-form-control wpcf7-submit has-spinner\" type=\"submit\" value=\"S\u00e4nd\" \/>\n<\/p><div class=\"wpcf7-response-output\" aria-hidden=\"true\"><\/div>\n<\/form>\n<\/div>\n\n<\/div>\n<\/div>\n\n\n\n<p><\/p>\n","protected":false},"excerpt":{"rendered":"","protected":false},"author":1,"featured_media":0,"parent":11565,"menu_order":1,"comment_status":"closed","ping_status":"closed","template":"","meta":{"_acf_changed":false,"footnotes":""},"class_list":["post-11859","page","type-page","status-publish","hentry"],"acf":[],"yoast_head":"<!-- This site is optimized with the Yoast SEO plugin v26.8 - https:\/\/yoast.com\/product\/yoast-seo-wordpress\/ -->\n<title>Boka en CSI Lawyer demo<\/title>\n<meta name=\"description\" content=\"Boka en gratis demo f\u00f6r att l\u00e4ra dig mer om CSI Lawyer. L\u00e4mna dina kontaktuppgifter h\u00e4r, s\u00e5 \u00e5terkommer vi s\u00e5 snart som m\u00f6jligt.\" \/>\n<meta name=\"robots\" content=\"index, follow, max-snippet:-1, max-image-preview:large, max-video-preview:-1\" \/>\n<link rel=\"canonical\" href=\"https:\/\/www.csihelsinki.fi\/sv\/kontakta-oss\/boka-en-demo\/\" \/>\n<meta property=\"og:locale\" content=\"sv_SE\" \/>\n<meta property=\"og:type\" content=\"article\" \/>\n<meta property=\"og:title\" content=\"Boka en CSI Lawyer demo\" \/>\n<meta property=\"og:description\" content=\"Boka en gratis demo f\u00f6r att l\u00e4ra dig mer om CSI Lawyer. L\u00e4mna dina kontaktuppgifter h\u00e4r, s\u00e5 \u00e5terkommer vi s\u00e5 snart som m\u00f6jligt.\" \/>\n<meta property=\"og:url\" content=\"https:\/\/www.csihelsinki.fi\/sv\/kontakta-oss\/boka-en-demo\/\" \/>\n<meta property=\"og:site_name\" content=\"Csi Helsinki home\" \/>\n<meta property=\"article:modified_time\" content=\"2022-06-20T07:54:38+00:00\" \/>\n<meta property=\"og:image\" content=\"http:\/\/www.csihelsinki.fi\/wp-content\/uploads\/2021\/08\/assignment.jpg\" \/>\n<meta name=\"twitter:card\" content=\"summary_large_image\" \/>\n<script type=\"application\/ld+json\" class=\"yoast-schema-graph\">{\"@context\":\"https:\/\/schema.org\",\"@graph\":[{\"@type\":\"WebPage\",\"@id\":\"https:\/\/www.csihelsinki.fi\/sv\/kontakta-oss\/boka-en-demo\/\",\"url\":\"https:\/\/www.csihelsinki.fi\/sv\/kontakta-oss\/boka-en-demo\/\",\"name\":\"Boka en CSI Lawyer demo\",\"isPartOf\":{\"@id\":\"https:\/\/www.csihelsinki.fi\/#website\"},\"primaryImageOfPage\":{\"@id\":\"https:\/\/www.csihelsinki.fi\/sv\/kontakta-oss\/boka-en-demo\/#primaryimage\"},\"image\":{\"@id\":\"https:\/\/www.csihelsinki.fi\/sv\/kontakta-oss\/boka-en-demo\/#primaryimage\"},\"thumbnailUrl\":\"http:\/\/www.csihelsinki.fi\/wp-content\/uploads\/2021\/08\/assignment.jpg\",\"datePublished\":\"2022-01-17T14:08:28+00:00\",\"dateModified\":\"2022-06-20T07:54:38+00:00\",\"description\":\"Boka en gratis demo f\u00f6r att l\u00e4ra dig mer om CSI Lawyer. L\u00e4mna dina kontaktuppgifter h\u00e4r, s\u00e5 \u00e5terkommer vi s\u00e5 snart som m\u00f6jligt.\",\"breadcrumb\":{\"@id\":\"https:\/\/www.csihelsinki.fi\/sv\/kontakta-oss\/boka-en-demo\/#breadcrumb\"},\"inLanguage\":\"sv-SE\",\"potentialAction\":[{\"@type\":\"ReadAction\",\"target\":[\"https:\/\/www.csihelsinki.fi\/sv\/kontakta-oss\/boka-en-demo\/\"]}]},{\"@type\":\"ImageObject\",\"inLanguage\":\"sv-SE\",\"@id\":\"https:\/\/www.csihelsinki.fi\/sv\/kontakta-oss\/boka-en-demo\/#primaryimage\",\"url\":\"http:\/\/www.csihelsinki.fi\/wp-content\/uploads\/2021\/08\/assignment.jpg\",\"contentUrl\":\"http:\/\/www.csihelsinki.fi\/wp-content\/uploads\/2021\/08\/assignment.jpg\"},{\"@type\":\"BreadcrumbList\",\"@id\":\"https:\/\/www.csihelsinki.fi\/sv\/kontakta-oss\/boka-en-demo\/#breadcrumb\",\"itemListElement\":[{\"@type\":\"ListItem\",\"position\":1,\"name\":\"Etusivu\",\"item\":\"https:\/\/www.csihelsinki.fi\/sv\/\"},{\"@type\":\"ListItem\",\"position\":2,\"name\":\"Kontakta oss\",\"item\":\"https:\/\/www.csihelsinki.fi\/sv\/kontakta-oss\/\"},{\"@type\":\"ListItem\",\"position\":3,\"name\":\"Boka en demo\"}]},{\"@type\":\"WebSite\",\"@id\":\"https:\/\/www.csihelsinki.fi\/#website\",\"url\":\"https:\/\/www.csihelsinki.fi\/\",\"name\":\"Csi Helsinki home\",\"description\":\"CSI-ohjelmistot \u2013 enemm\u00e4n aikaa asianajotoiminnalle\",\"publisher\":{\"@id\":\"https:\/\/www.csihelsinki.fi\/#organization\"},\"potentialAction\":[{\"@type\":\"SearchAction\",\"target\":{\"@type\":\"EntryPoint\",\"urlTemplate\":\"https:\/\/www.csihelsinki.fi\/?s={search_term_string}\"},\"query-input\":{\"@type\":\"PropertyValueSpecification\",\"valueRequired\":true,\"valueName\":\"search_term_string\"}}],\"inLanguage\":\"sv-SE\"},{\"@type\":\"Organization\",\"@id\":\"https:\/\/www.csihelsinki.fi\/#organization\",\"name\":\"Csi Helsinki home\",\"url\":\"https:\/\/www.csihelsinki.fi\/\",\"logo\":{\"@type\":\"ImageObject\",\"inLanguage\":\"sv-SE\",\"@id\":\"https:\/\/www.csihelsinki.fi\/#\/schema\/logo\/image\/\",\"url\":\"https:\/\/www.csihelsinki.fi\/wp-content\/uploads\/2021\/06\/logo.png\",\"contentUrl\":\"https:\/\/www.csihelsinki.fi\/wp-content\/uploads\/2021\/06\/logo.png\",\"width\":130,\"height\":65,\"caption\":\"Csi Helsinki home\"},\"image\":{\"@id\":\"https:\/\/www.csihelsinki.fi\/#\/schema\/logo\/image\/\"}}]}<\/script>\n<!-- \/ Yoast SEO plugin. -->","yoast_head_json":{"title":"Boka en CSI Lawyer demo","description":"Boka en gratis demo f\u00f6r att l\u00e4ra dig mer om CSI Lawyer. L\u00e4mna dina kontaktuppgifter h\u00e4r, s\u00e5 \u00e5terkommer vi s\u00e5 snart som m\u00f6jligt.","robots":{"index":"index","follow":"follow","max-snippet":"max-snippet:-1","max-image-preview":"max-image-preview:large","max-video-preview":"max-video-preview:-1"},"canonical":"https:\/\/www.csihelsinki.fi\/sv\/kontakta-oss\/boka-en-demo\/","og_locale":"sv_SE","og_type":"article","og_title":"Boka en CSI Lawyer demo","og_description":"Boka en gratis demo f\u00f6r att l\u00e4ra dig mer om CSI Lawyer. L\u00e4mna dina kontaktuppgifter h\u00e4r, s\u00e5 \u00e5terkommer vi s\u00e5 snart som m\u00f6jligt.","og_url":"https:\/\/www.csihelsinki.fi\/sv\/kontakta-oss\/boka-en-demo\/","og_site_name":"Csi Helsinki home","article_modified_time":"2022-06-20T07:54:38+00:00","og_image":[{"url":"http:\/\/www.csihelsinki.fi\/wp-content\/uploads\/2021\/08\/assignment.jpg","type":"","width":"","height":""}],"twitter_card":"summary_large_image","schema":{"@context":"https:\/\/schema.org","@graph":[{"@type":"WebPage","@id":"https:\/\/www.csihelsinki.fi\/sv\/kontakta-oss\/boka-en-demo\/","url":"https:\/\/www.csihelsinki.fi\/sv\/kontakta-oss\/boka-en-demo\/","name":"Boka en CSI Lawyer demo","isPartOf":{"@id":"https:\/\/www.csihelsinki.fi\/#website"},"primaryImageOfPage":{"@id":"https:\/\/www.csihelsinki.fi\/sv\/kontakta-oss\/boka-en-demo\/#primaryimage"},"image":{"@id":"https:\/\/www.csihelsinki.fi\/sv\/kontakta-oss\/boka-en-demo\/#primaryimage"},"thumbnailUrl":"http:\/\/www.csihelsinki.fi\/wp-content\/uploads\/2021\/08\/assignment.jpg","datePublished":"2022-01-17T14:08:28+00:00","dateModified":"2022-06-20T07:54:38+00:00","description":"Boka en gratis demo f\u00f6r att l\u00e4ra dig mer om CSI Lawyer. L\u00e4mna dina kontaktuppgifter h\u00e4r, s\u00e5 \u00e5terkommer vi s\u00e5 snart som m\u00f6jligt.","breadcrumb":{"@id":"https:\/\/www.csihelsinki.fi\/sv\/kontakta-oss\/boka-en-demo\/#breadcrumb"},"inLanguage":"sv-SE","potentialAction":[{"@type":"ReadAction","target":["https:\/\/www.csihelsinki.fi\/sv\/kontakta-oss\/boka-en-demo\/"]}]},{"@type":"ImageObject","inLanguage":"sv-SE","@id":"https:\/\/www.csihelsinki.fi\/sv\/kontakta-oss\/boka-en-demo\/#primaryimage","url":"http:\/\/www.csihelsinki.fi\/wp-content\/uploads\/2021\/08\/assignment.jpg","contentUrl":"http:\/\/www.csihelsinki.fi\/wp-content\/uploads\/2021\/08\/assignment.jpg"},{"@type":"BreadcrumbList","@id":"https:\/\/www.csihelsinki.fi\/sv\/kontakta-oss\/boka-en-demo\/#breadcrumb","itemListElement":[{"@type":"ListItem","position":1,"name":"Etusivu","item":"https:\/\/www.csihelsinki.fi\/sv\/"},{"@type":"ListItem","position":2,"name":"Kontakta oss","item":"https:\/\/www.csihelsinki.fi\/sv\/kontakta-oss\/"},{"@type":"ListItem","position":3,"name":"Boka en demo"}]},{"@type":"WebSite","@id":"https:\/\/www.csihelsinki.fi\/#website","url":"https:\/\/www.csihelsinki.fi\/","name":"Csi Helsinki home","description":"CSI-ohjelmistot \u2013 enemm\u00e4n aikaa asianajotoiminnalle","publisher":{"@id":"https:\/\/www.csihelsinki.fi\/#organization"},"potentialAction":[{"@type":"SearchAction","target":{"@type":"EntryPoint","urlTemplate":"https:\/\/www.csihelsinki.fi\/?s={search_term_string}"},"query-input":{"@type":"PropertyValueSpecification","valueRequired":true,"valueName":"search_term_string"}}],"inLanguage":"sv-SE"},{"@type":"Organization","@id":"https:\/\/www.csihelsinki.fi\/#organization","name":"Csi Helsinki home","url":"https:\/\/www.csihelsinki.fi\/","logo":{"@type":"ImageObject","inLanguage":"sv-SE","@id":"https:\/\/www.csihelsinki.fi\/#\/schema\/logo\/image\/","url":"https:\/\/www.csihelsinki.fi\/wp-content\/uploads\/2021\/06\/logo.png","contentUrl":"https:\/\/www.csihelsinki.fi\/wp-content\/uploads\/2021\/06\/logo.png","width":130,"height":65,"caption":"Csi Helsinki home"},"image":{"@id":"https:\/\/www.csihelsinki.fi\/#\/schema\/logo\/image\/"}}]}},"_links":{"self":[{"href":"https:\/\/www.csihelsinki.fi\/sv\/wp-json\/wp\/v2\/pages\/11859","targetHints":{"allow":["GET"]}}],"collection":[{"href":"https:\/\/www.csihelsinki.fi\/sv\/wp-json\/wp\/v2\/pages"}],"about":[{"href":"https:\/\/www.csihelsinki.fi\/sv\/wp-json\/wp\/v2\/types\/page"}],"author":[{"embeddable":true,"href":"https:\/\/www.csihelsinki.fi\/sv\/wp-json\/wp\/v2\/users\/1"}],"replies":[{"embeddable":true,"href":"https:\/\/www.csihelsinki.fi\/sv\/wp-json\/wp\/v2\/comments?post=11859"}],"version-history":[{"count":6,"href":"https:\/\/www.csihelsinki.fi\/sv\/wp-json\/wp\/v2\/pages\/11859\/revisions"}],"predecessor-version":[{"id":13121,"href":"https:\/\/www.csihelsinki.fi\/sv\/wp-json\/wp\/v2\/pages\/11859\/revisions\/13121"}],"up":[{"embeddable":true,"href":"https:\/\/www.csihelsinki.fi\/sv\/wp-json\/wp\/v2\/pages\/11565"}],"wp:attachment":[{"href":"https:\/\/www.csihelsinki.fi\/sv\/wp-json\/wp\/v2\/media?parent=11859"}],"curies":[{"name":"wp","href":"https:\/\/api.w.org\/{rel}","templated":true}]}}