{"id":11657,"date":"2021-11-16T15:02:00","date_gmt":"2021-11-16T15:02:00","guid":{"rendered":"http:\/\/www.csihelsinki.fi\/foretaget\/partners\/"},"modified":"2025-10-05T20:51:24","modified_gmt":"2025-10-05T20:51:24","slug":"partners","status":"publish","type":"page","link":"https:\/\/www.csihelsinki.fi\/sv\/foretaget\/partners\/","title":{"rendered":"Partners"},"content":{"rendered":"\n<div class=\"wp-block-cover\"><span aria-hidden=\"true\" class=\"wp-block-cover__background has-background-dim-70 has-background-dim\" style=\"background-color:#0090a6\"><\/span><img loading=\"lazy\" decoding=\"async\" width=\"1488\" height=\"509\" class=\"wp-block-cover__image-background wp-image-10251\" alt=\"\" src=\"http:\/\/www.csihelsinki.fi\/wp-content\/uploads\/2021\/12\/customer-2.jpg\" data-object-fit=\"cover\" srcset=\"https:\/\/www.csihelsinki.fi\/wp-content\/uploads\/2021\/12\/customer-2.jpg 1488w, https:\/\/www.csihelsinki.fi\/wp-content\/uploads\/2021\/12\/customer-2-300x103.jpg 300w, https:\/\/www.csihelsinki.fi\/wp-content\/uploads\/2021\/12\/customer-2-1024x350.jpg 1024w, https:\/\/www.csihelsinki.fi\/wp-content\/uploads\/2021\/12\/customer-2-768x263.jpg 768w\" sizes=\"auto, (max-width: 1488px) 100vw, 1488px\" \/><div class=\"wp-block-cover__inner-container is-layout-flow wp-block-cover-is-layout-flow\">\n<h1 class=\"wp-block-heading has-text-align-center\" id=\"csi-partners\">CSI Partners<\/h1>\n<\/div><\/div>\n\n\n\n<div style=\"height:50px\" aria-hidden=\"true\" class=\"wp-block-spacer\"><\/div>\n\n\n\n<div class=\"wp-block-columns page-content is-layout-flex wp-container-core-columns-is-layout-1 wp-block-columns-is-layout-flex\">\n<div class=\"wp-block-column is-layout-flow wp-block-column-is-layout-flow\" style=\"flex-basis:33.33%\">\n<h2 class=\"wp-block-heading\" id=\"csi-lawyer-ar-sallan-kundens-enda-verktyg-med-hjalp-av-vara-partners-kan-vi-tillhandahalla-den-totala-losningen-som-kravs\">CSI Lawyer \u00e4r s\u00e4llan v\u00e5ra kunders enda verktyg. Med hj\u00e4lp av v\u00e5ra partners kan vi tillhandah\u00e5lla en helt\u00e4ckande l\u00f6sning.<\/h2>\n\n\n\n<div style=\"height:51px\" aria-hidden=\"true\" class=\"wp-block-spacer\"><\/div>\n\n\n\n<h2 class=\"wp-block-heading\"><br><\/h2>\n<\/div>\n\n\n\n<div class=\"wp-block-column is-layout-flow wp-block-column-is-layout-flow\" style=\"flex-basis:66.66%\">\n<p>F\u00f6r att s\u00e4kerst\u00e4lla att ni kan effektivisera er verksamhet genom att integrera CSI-programvaran med era andra applikationer arbetar vi kontinuerligt med b\u00e5de v\u00e5ra etablerade partners och v\u00e5ra kunders \u00f6vriga leverant\u00f6rer.<\/p>\n\n\n\n<p>Bland v\u00e5ra partners finns f\u00f6ljande f\u00f6retag och f\u00f6reningar:<\/p>\n\n\n\n<div style=\"height:70px\" aria-hidden=\"true\" class=\"wp-block-spacer\"><\/div>\n\n\n\n<h3 class=\"wp-block-heading\"><a href=\"https:\/\/www.csihelsinki.fi\/sv\/losningar\/integrationer\/\"><span style=\"text-decoration: underline;\">KYC tj\u00e4nster<\/span><\/a><\/h3>\n\n\n\n<div style=\"height:20px\" aria-hidden=\"true\" class=\"wp-block-spacer\"><\/div>\n\n\n\n<figure class=\"wp-block-image size-full is-resized\"><img loading=\"lazy\" decoding=\"async\" width=\"450\" height=\"62\" src=\"https:\/\/www.csihelsinki.fi\/wp-content\/uploads\/2025\/02\/KYC-integraatio-ruotsi.png\" alt=\"\" class=\"wp-image-15310\" style=\"object-fit:cover;width:515px;height:47px\" srcset=\"https:\/\/www.csihelsinki.fi\/wp-content\/uploads\/2025\/02\/KYC-integraatio-ruotsi.png 450w, https:\/\/www.csihelsinki.fi\/wp-content\/uploads\/2025\/02\/KYC-integraatio-ruotsi-300x41.png 300w\" sizes=\"auto, (max-width: 450px) 100vw, 450px\" \/><\/figure>\n\n\n\n<div style=\"height:60px\" aria-hidden=\"true\" class=\"wp-block-spacer\"><\/div>\n\n\n\n<h3 class=\"wp-block-heading\"><a href=\"https:\/\/www.csihelsinki.fi\/sv\/losningar\/integrationer\/\"><span style=\"text-decoration: underline;\"><\/span><span style=\"text-decoration: underline;\">Redovisning och e-fakturering<\/span><\/a><\/h3>\n\n\n\n<div style=\"height:20px\" aria-hidden=\"true\" class=\"wp-block-spacer\"><\/div>\n\n\n\n<figure class=\"wp-block-image size-full\"><img loading=\"lazy\" decoding=\"async\" width=\"477\" height=\"90\" src=\"https:\/\/www.csihelsinki.fi\/wp-content\/uploads\/2025\/02\/Kirjanpitointegraatiot-SWE.png\" alt=\"\" class=\"wp-image-15314\" srcset=\"https:\/\/www.csihelsinki.fi\/wp-content\/uploads\/2025\/02\/Kirjanpitointegraatiot-SWE.png 477w, https:\/\/www.csihelsinki.fi\/wp-content\/uploads\/2025\/02\/Kirjanpitointegraatiot-SWE-300x57.png 300w\" sizes=\"auto, (max-width: 477px) 100vw, 477px\" \/><\/figure>\n\n\n\n<div style=\"height:60px\" aria-hidden=\"true\" class=\"wp-block-spacer\"><\/div>\n\n\n\n<h3 class=\"wp-block-heading\"><a href=\"https:\/\/www.csihelsinki.fi\/sv\/losningar\/integrationer\/\"><span style=\"text-decoration: underline;\">Dokumenthantering<\/span><\/a><\/h3>\n\n\n\n<div style=\"height:20px\" aria-hidden=\"true\" class=\"wp-block-spacer\"><\/div>\n\n\n\n<figure class=\"wp-block-image size-full\"><img loading=\"lazy\" decoding=\"async\" width=\"477\" height=\"70\" src=\"https:\/\/www.csihelsinki.fi\/wp-content\/uploads\/2025\/02\/Dokumentinhallintaintegraatio-2025.png\" alt=\"\" class=\"wp-image-15277\" srcset=\"https:\/\/www.csihelsinki.fi\/wp-content\/uploads\/2025\/02\/Dokumentinhallintaintegraatio-2025.png 477w, https:\/\/www.csihelsinki.fi\/wp-content\/uploads\/2025\/02\/Dokumentinhallintaintegraatio-2025-300x44.png 300w\" sizes=\"auto, (max-width: 477px) 100vw, 477px\" \/><\/figure>\n\n\n\n<div style=\"height:60px\" aria-hidden=\"true\" class=\"wp-block-spacer\"><\/div>\n\n\n\n<h3 class=\"wp-block-heading\"><a href=\"https:\/\/www.csihelsinki.fi\/sv\/tjanster\/molntjanst\/\"><span style=\"text-decoration: underline;\">Molntj\u00e4nster<\/span><\/a><\/h3>\n\n\n\n<div style=\"height:21px\" aria-hidden=\"true\" class=\"wp-block-spacer\"><\/div>\n\n\n\n<figure class=\"wp-block-image size-full is-resized\"><img loading=\"lazy\" decoding=\"async\" width=\"608\" height=\"181\" src=\"https:\/\/www.csihelsinki.fi\/wp-content\/uploads\/2025\/02\/SecFlow-logo.png\" alt=\"\" class=\"wp-image-15297\" style=\"width:120px\" srcset=\"https:\/\/www.csihelsinki.fi\/wp-content\/uploads\/2025\/02\/SecFlow-logo.png 608w, https:\/\/www.csihelsinki.fi\/wp-content\/uploads\/2025\/02\/SecFlow-logo-300x89.png 300w\" sizes=\"auto, (max-width: 608px) 100vw, 608px\" \/><\/figure>\n\n\n\n<div style=\"height:60px\" aria-hidden=\"true\" class=\"wp-block-spacer\"><\/div>\n\n\n\n<div style=\"height:0px\" aria-hidden=\"true\" class=\"wp-block-spacer\"><\/div>\n\n\n\n<h3 class=\"wp-block-heading\"><a href=\"https:\/\/www.csihelsinki.fi\/sv\/losningar\/integrationer\/\">Tidregistrering<\/a><\/h3>\n\n\n\n<div style=\"height:20px\" aria-hidden=\"true\" class=\"wp-block-spacer\"><\/div>\n\n\n\n<figure class=\"wp-block-image size-medium\"><img loading=\"lazy\" decoding=\"async\" width=\"300\" height=\"71\" src=\"https:\/\/www.csihelsinki.fi\/wp-content\/uploads\/2023\/03\/partners-time-tracking-300x71.png\" alt=\"\" class=\"wp-image-14066\" srcset=\"https:\/\/www.csihelsinki.fi\/wp-content\/uploads\/2023\/03\/partners-time-tracking-300x71.png 300w, https:\/\/www.csihelsinki.fi\/wp-content\/uploads\/2023\/03\/partners-time-tracking-768x182.png 768w, https:\/\/www.csihelsinki.fi\/wp-content\/uploads\/2023\/03\/partners-time-tracking.png 856w\" sizes=\"auto, (max-width: 300px) 100vw, 300px\" \/><\/figure>\n\n\n\n<div style=\"height:0px\" aria-hidden=\"true\" class=\"wp-block-spacer\"><\/div>\n\n\n\n<div style=\"height:30px\" aria-hidden=\"true\" class=\"wp-block-spacer\"><\/div>\n\n\n\n<div style=\"height:90px\" aria-hidden=\"true\" class=\"wp-block-spacer\"><\/div>\n<\/div>\n<\/div>\n\n\n\n<p><\/p>\n","protected":false},"excerpt":{"rendered":"","protected":false},"author":2,"featured_media":12376,"parent":11050,"menu_order":3,"comment_status":"closed","ping_status":"closed","template":"","meta":{"_acf_changed":false,"footnotes":""},"class_list":["post-11657","page","type-page","status-publish","has-post-thumbnail","hentry"],"acf":[],"yoast_head":"<!-- This site is optimized with the Yoast SEO plugin v26.8 - https:\/\/yoast.com\/product\/yoast-seo-wordpress\/ -->\n<title>Samarbetspartners m\u00f6jligg\u00f6r helhetsl\u00f6sningar<\/title>\n<meta name=\"description\" content=\"Med hj\u00e4lp av v\u00e5ra samarbetspartners kan vi erbjuda helhetsl\u00f6sningar f\u00f6r CSI:s kunder, t.ex. genom integrationer.\" \/>\n<meta name=\"robots\" content=\"index, follow, max-snippet:-1, max-image-preview:large, max-video-preview:-1\" \/>\n<link rel=\"canonical\" href=\"https:\/\/www.csihelsinki.fi\/sv\/foretaget\/partners\/\" \/>\n<meta property=\"og:locale\" content=\"sv_SE\" \/>\n<meta property=\"og:type\" content=\"article\" \/>\n<meta property=\"og:title\" content=\"Samarbetspartners m\u00f6jligg\u00f6r helhetsl\u00f6sningar\" \/>\n<meta property=\"og:description\" content=\"Med hj\u00e4lp av v\u00e5ra samarbetspartners kan vi erbjuda helhetsl\u00f6sningar f\u00f6r CSI:s kunder, t.ex. genom integrationer.\" \/>\n<meta property=\"og:url\" content=\"https:\/\/www.csihelsinki.fi\/sv\/foretaget\/partners\/\" \/>\n<meta property=\"og:site_name\" content=\"Csi Helsinki home\" \/>\n<meta property=\"article:modified_time\" content=\"2025-10-05T20:51:24+00:00\" \/>\n<meta property=\"og:image\" content=\"https:\/\/www.csihelsinki.fi\/wp-content\/uploads\/2021\/08\/collaboration.jpg\" \/>\n\t<meta property=\"og:image:width\" content=\"1490\" \/>\n\t<meta property=\"og:image:height\" content=\"680\" \/>\n\t<meta property=\"og:image:type\" content=\"image\/jpeg\" \/>\n<meta name=\"twitter:card\" content=\"summary_large_image\" \/>\n<script type=\"application\/ld+json\" class=\"yoast-schema-graph\">{\"@context\":\"https:\/\/schema.org\",\"@graph\":[{\"@type\":\"WebPage\",\"@id\":\"https:\/\/www.csihelsinki.fi\/sv\/foretaget\/partners\/\",\"url\":\"https:\/\/www.csihelsinki.fi\/sv\/foretaget\/partners\/\",\"name\":\"Samarbetspartners m\u00f6jligg\u00f6r helhetsl\u00f6sningar\",\"isPartOf\":{\"@id\":\"https:\/\/www.csihelsinki.fi\/#website\"},\"primaryImageOfPage\":{\"@id\":\"https:\/\/www.csihelsinki.fi\/sv\/foretaget\/partners\/#primaryimage\"},\"image\":{\"@id\":\"https:\/\/www.csihelsinki.fi\/sv\/foretaget\/partners\/#primaryimage\"},\"thumbnailUrl\":\"https:\/\/www.csihelsinki.fi\/wp-content\/uploads\/2021\/08\/collaboration.jpg\",\"datePublished\":\"2021-11-16T15:02:00+00:00\",\"dateModified\":\"2025-10-05T20:51:24+00:00\",\"description\":\"Med hj\u00e4lp av v\u00e5ra samarbetspartners kan vi erbjuda helhetsl\u00f6sningar f\u00f6r CSI:s kunder, t.ex. genom integrationer.\",\"breadcrumb\":{\"@id\":\"https:\/\/www.csihelsinki.fi\/sv\/foretaget\/partners\/#breadcrumb\"},\"inLanguage\":\"sv-SE\",\"potentialAction\":[{\"@type\":\"ReadAction\",\"target\":[\"https:\/\/www.csihelsinki.fi\/sv\/foretaget\/partners\/\"]}]},{\"@type\":\"ImageObject\",\"inLanguage\":\"sv-SE\",\"@id\":\"https:\/\/www.csihelsinki.fi\/sv\/foretaget\/partners\/#primaryimage\",\"url\":\"https:\/\/www.csihelsinki.fi\/wp-content\/uploads\/2021\/08\/collaboration.jpg\",\"contentUrl\":\"https:\/\/www.csihelsinki.fi\/wp-content\/uploads\/2021\/08\/collaboration.jpg\",\"width\":1490,\"height\":680},{\"@type\":\"BreadcrumbList\",\"@id\":\"https:\/\/www.csihelsinki.fi\/sv\/foretaget\/partners\/#breadcrumb\",\"itemListElement\":[{\"@type\":\"ListItem\",\"position\":1,\"name\":\"Etusivu\",\"item\":\"https:\/\/www.csihelsinki.fi\/sv\/\"},{\"@type\":\"ListItem\",\"position\":2,\"name\":\"Om oss\",\"item\":\"https:\/\/www.csihelsinki.fi\/sv\/foretaget\/\"},{\"@type\":\"ListItem\",\"position\":3,\"name\":\"Partners\"}]},{\"@type\":\"WebSite\",\"@id\":\"https:\/\/www.csihelsinki.fi\/#website\",\"url\":\"https:\/\/www.csihelsinki.fi\/\",\"name\":\"Csi Helsinki home\",\"description\":\"CSI-ohjelmistot \u2013 enemm\u00e4n aikaa asianajotoiminnalle\",\"publisher\":{\"@id\":\"https:\/\/www.csihelsinki.fi\/#organization\"},\"potentialAction\":[{\"@type\":\"SearchAction\",\"target\":{\"@type\":\"EntryPoint\",\"urlTemplate\":\"https:\/\/www.csihelsinki.fi\/?s={search_term_string}\"},\"query-input\":{\"@type\":\"PropertyValueSpecification\",\"valueRequired\":true,\"valueName\":\"search_term_string\"}}],\"inLanguage\":\"sv-SE\"},{\"@type\":\"Organization\",\"@id\":\"https:\/\/www.csihelsinki.fi\/#organization\",\"name\":\"Csi Helsinki home\",\"url\":\"https:\/\/www.csihelsinki.fi\/\",\"logo\":{\"@type\":\"ImageObject\",\"inLanguage\":\"sv-SE\",\"@id\":\"https:\/\/www.csihelsinki.fi\/#\/schema\/logo\/image\/\",\"url\":\"https:\/\/www.csihelsinki.fi\/wp-content\/uploads\/2021\/06\/logo.png\",\"contentUrl\":\"https:\/\/www.csihelsinki.fi\/wp-content\/uploads\/2021\/06\/logo.png\",\"width\":130,\"height\":65,\"caption\":\"Csi Helsinki home\"},\"image\":{\"@id\":\"https:\/\/www.csihelsinki.fi\/#\/schema\/logo\/image\/\"}}]}<\/script>\n<!-- \/ Yoast SEO plugin. -->","yoast_head_json":{"title":"Samarbetspartners m\u00f6jligg\u00f6r helhetsl\u00f6sningar","description":"Med hj\u00e4lp av v\u00e5ra samarbetspartners kan vi erbjuda helhetsl\u00f6sningar f\u00f6r CSI:s kunder, t.ex. genom integrationer.","robots":{"index":"index","follow":"follow","max-snippet":"max-snippet:-1","max-image-preview":"max-image-preview:large","max-video-preview":"max-video-preview:-1"},"canonical":"https:\/\/www.csihelsinki.fi\/sv\/foretaget\/partners\/","og_locale":"sv_SE","og_type":"article","og_title":"Samarbetspartners m\u00f6jligg\u00f6r helhetsl\u00f6sningar","og_description":"Med hj\u00e4lp av v\u00e5ra samarbetspartners kan vi erbjuda helhetsl\u00f6sningar f\u00f6r CSI:s kunder, t.ex. genom integrationer.","og_url":"https:\/\/www.csihelsinki.fi\/sv\/foretaget\/partners\/","og_site_name":"Csi Helsinki home","article_modified_time":"2025-10-05T20:51:24+00:00","og_image":[{"width":1490,"height":680,"url":"https:\/\/www.csihelsinki.fi\/wp-content\/uploads\/2021\/08\/collaboration.jpg","type":"image\/jpeg"}],"twitter_card":"summary_large_image","schema":{"@context":"https:\/\/schema.org","@graph":[{"@type":"WebPage","@id":"https:\/\/www.csihelsinki.fi\/sv\/foretaget\/partners\/","url":"https:\/\/www.csihelsinki.fi\/sv\/foretaget\/partners\/","name":"Samarbetspartners m\u00f6jligg\u00f6r helhetsl\u00f6sningar","isPartOf":{"@id":"https:\/\/www.csihelsinki.fi\/#website"},"primaryImageOfPage":{"@id":"https:\/\/www.csihelsinki.fi\/sv\/foretaget\/partners\/#primaryimage"},"image":{"@id":"https:\/\/www.csihelsinki.fi\/sv\/foretaget\/partners\/#primaryimage"},"thumbnailUrl":"https:\/\/www.csihelsinki.fi\/wp-content\/uploads\/2021\/08\/collaboration.jpg","datePublished":"2021-11-16T15:02:00+00:00","dateModified":"2025-10-05T20:51:24+00:00","description":"Med hj\u00e4lp av v\u00e5ra samarbetspartners kan vi erbjuda helhetsl\u00f6sningar f\u00f6r CSI:s kunder, t.ex. genom integrationer.","breadcrumb":{"@id":"https:\/\/www.csihelsinki.fi\/sv\/foretaget\/partners\/#breadcrumb"},"inLanguage":"sv-SE","potentialAction":[{"@type":"ReadAction","target":["https:\/\/www.csihelsinki.fi\/sv\/foretaget\/partners\/"]}]},{"@type":"ImageObject","inLanguage":"sv-SE","@id":"https:\/\/www.csihelsinki.fi\/sv\/foretaget\/partners\/#primaryimage","url":"https:\/\/www.csihelsinki.fi\/wp-content\/uploads\/2021\/08\/collaboration.jpg","contentUrl":"https:\/\/www.csihelsinki.fi\/wp-content\/uploads\/2021\/08\/collaboration.jpg","width":1490,"height":680},{"@type":"BreadcrumbList","@id":"https:\/\/www.csihelsinki.fi\/sv\/foretaget\/partners\/#breadcrumb","itemListElement":[{"@type":"ListItem","position":1,"name":"Etusivu","item":"https:\/\/www.csihelsinki.fi\/sv\/"},{"@type":"ListItem","position":2,"name":"Om oss","item":"https:\/\/www.csihelsinki.fi\/sv\/foretaget\/"},{"@type":"ListItem","position":3,"name":"Partners"}]},{"@type":"WebSite","@id":"https:\/\/www.csihelsinki.fi\/#website","url":"https:\/\/www.csihelsinki.fi\/","name":"Csi Helsinki home","description":"CSI-ohjelmistot \u2013 enemm\u00e4n aikaa asianajotoiminnalle","publisher":{"@id":"https:\/\/www.csihelsinki.fi\/#organization"},"potentialAction":[{"@type":"SearchAction","target":{"@type":"EntryPoint","urlTemplate":"https:\/\/www.csihelsinki.fi\/?s={search_term_string}"},"query-input":{"@type":"PropertyValueSpecification","valueRequired":true,"valueName":"search_term_string"}}],"inLanguage":"sv-SE"},{"@type":"Organization","@id":"https:\/\/www.csihelsinki.fi\/#organization","name":"Csi Helsinki home","url":"https:\/\/www.csihelsinki.fi\/","logo":{"@type":"ImageObject","inLanguage":"sv-SE","@id":"https:\/\/www.csihelsinki.fi\/#\/schema\/logo\/image\/","url":"https:\/\/www.csihelsinki.fi\/wp-content\/uploads\/2021\/06\/logo.png","contentUrl":"https:\/\/www.csihelsinki.fi\/wp-content\/uploads\/2021\/06\/logo.png","width":130,"height":65,"caption":"Csi Helsinki home"},"image":{"@id":"https:\/\/www.csihelsinki.fi\/#\/schema\/logo\/image\/"}}]}},"_links":{"self":[{"href":"https:\/\/www.csihelsinki.fi\/sv\/wp-json\/wp\/v2\/pages\/11657","targetHints":{"allow":["GET"]}}],"collection":[{"href":"https:\/\/www.csihelsinki.fi\/sv\/wp-json\/wp\/v2\/pages"}],"about":[{"href":"https:\/\/www.csihelsinki.fi\/sv\/wp-json\/wp\/v2\/types\/page"}],"author":[{"embeddable":true,"href":"https:\/\/www.csihelsinki.fi\/sv\/wp-json\/wp\/v2\/users\/2"}],"replies":[{"embeddable":true,"href":"https:\/\/www.csihelsinki.fi\/sv\/wp-json\/wp\/v2\/comments?post=11657"}],"version-history":[{"count":15,"href":"https:\/\/www.csihelsinki.fi\/sv\/wp-json\/wp\/v2\/pages\/11657\/revisions"}],"predecessor-version":[{"id":15520,"href":"https:\/\/www.csihelsinki.fi\/sv\/wp-json\/wp\/v2\/pages\/11657\/revisions\/15520"}],"up":[{"embeddable":true,"href":"https:\/\/www.csihelsinki.fi\/sv\/wp-json\/wp\/v2\/pages\/11050"}],"wp:featuredmedia":[{"embeddable":true,"href":"https:\/\/www.csihelsinki.fi\/sv\/wp-json\/wp\/v2\/media\/12376"}],"wp:attachment":[{"href":"https:\/\/www.csihelsinki.fi\/sv\/wp-json\/wp\/v2\/media?parent=11657"}],"curies":[{"name":"wp","href":"https:\/\/api.w.org\/{rel}","templated":true}]}}