{"id":11560,"date":"2021-11-18T15:12:52","date_gmt":"2021-11-18T15:12:52","guid":{"rendered":"http:\/\/www.csihelsinki.fi\/document-management\/"},"modified":"2026-04-08T15:12:43","modified_gmt":"2026-04-08T15:12:43","slug":"dokumenthantering","status":"publish","type":"page","link":"https:\/\/www.csihelsinki.fi\/sv\/funktioner\/dokumenthantering\/","title":{"rendered":"Dokumenthantering"},"content":{"rendered":"\n<div class=\"wp-block-cover\"><span aria-hidden=\"true\" class=\"wp-block-cover__background has-background-dim-70 has-background-dim\" style=\"background-color:#0090a6\"><\/span><img loading=\"lazy\" decoding=\"async\" width=\"2560\" height=\"1707\" class=\"wp-block-cover__image-background wp-image-10211\" alt=\"\" src=\"http:\/\/www.csihelsinki.fi\/wp-content\/uploads\/2021\/12\/Document-management-ID-16552-scaled.jpg\" data-object-fit=\"cover\" srcset=\"https:\/\/www.csihelsinki.fi\/wp-content\/uploads\/2021\/12\/Document-management-ID-16552-scaled.jpg 2560w, https:\/\/www.csihelsinki.fi\/wp-content\/uploads\/2021\/12\/Document-management-ID-16552-300x200.jpg 300w, https:\/\/www.csihelsinki.fi\/wp-content\/uploads\/2021\/12\/Document-management-ID-16552-1024x683.jpg 1024w, https:\/\/www.csihelsinki.fi\/wp-content\/uploads\/2021\/12\/Document-management-ID-16552-768x512.jpg 768w, https:\/\/www.csihelsinki.fi\/wp-content\/uploads\/2021\/12\/Document-management-ID-16552-1536x1024.jpg 1536w, https:\/\/www.csihelsinki.fi\/wp-content\/uploads\/2021\/12\/Document-management-ID-16552-2048x1365.jpg 2048w\" sizes=\"auto, (max-width: 2560px) 100vw, 2560px\" \/><div class=\"wp-block-cover__inner-container is-layout-flow wp-block-cover-is-layout-flow\">\n<h1 class=\"wp-block-heading has-text-align-center\" id=\"dokumenthantering\">Dokumenthantering<\/h1>\n<\/div><\/div>\n\n\n\n<div style=\"height:50px\" aria-hidden=\"true\" class=\"wp-block-spacer\"><\/div>\n\n\n\n<div class=\"wp-block-columns page-content is-layout-flex wp-container-core-columns-is-layout-1 wp-block-columns-is-layout-flex\">\n<div class=\"wp-block-column is-layout-flow wp-block-column-is-layout-flow\" style=\"flex-basis:33.33%\">\n<h2 class=\"wp-block-heading\" id=\"vem-vet-var-de-senaste-versionerna-av-dokumenten-for-ett-arende-finns-hela-arendeteamet-om-ni-anvander-csi-lawyer\">Vem vet var de senaste versionerna av dokumenten f\u00f6r ett \u00e4rende finns? Hela \u00e4rendeteamet, om ni anv\u00e4nder CSI Lawyer.<\/h2>\n\n\n\n<div style=\"height:50px\" aria-hidden=\"true\" class=\"wp-block-spacer\"><\/div>\n<\/div>\n\n\n\n<div class=\"wp-block-column is-layout-flow wp-block-column-is-layout-flow\" style=\"flex-basis:66.66%\">\n<h3 class=\"wp-block-heading\" id=\"lagra-dokument\">Lagra dokument<\/h3>\n\n\n\n<p>F\u00f6r l\u00e4ttare dokumenthantering kan man spara alla dokument som ber\u00f6r \u00e4renden och kunder i CSI Lawyer. Dokumenten kan sparas i en delad mapp som kopplas till CSI Lawyer, eller i ett separat dokumenthanteringssystem, s\u00e5 som juristbranschens ledande dokumenthanteringssystem <a href=\"https:\/\/www.csihelsinki.fi\/sv\/losningar\/netdocuments\/\">NetDocuments<\/a>, eller branschoberoende M-Files. Mindre dokument kan \u00e4ven sparas som anteckningar direkt i CSI Lawyer.<\/p>\n\n\n\n<p>Dokument som kopplas till ett \u00e4rende eller en klient visas i egna mappar i programvaran, s\u00e5 att hela \u00e4rendeteamet enkelt kan komma \u00e5t de senaste versionerna.<\/p>\n\n\n\n<p>Dokumentmapparna i CSI Lawyer fungerar som ett f\u00f6nster i dokumenthanteringssystemet s\u00e5 att man kan \u00f6ppna och redigera dokument och skapa nya. Om \u00e5tkomsten till en klient eller ett \u00e4rende har begr\u00e4nsats till specifika anv\u00e4ndare g\u00e4ller samma begr\u00e4nsningar f\u00f6r de relaterade dokumenten.<\/p>\n\n\n\n<p>L\u00e4s mer om dokumenthanteringintegrationer <a href=\"https:\/\/www.csihelsinki.fi\/sv\/losningar\/integrationer\/#dokumenthanteringssystem\"><span style=\"text-decoration: underline;\">h\u00e4r<\/span><\/a>.<\/p>\n\n\n\n<div style=\"height:30px\" aria-hidden=\"true\" class=\"wp-block-spacer\"><\/div>\n\n\n\n<hr class=\"wp-block-separator has-text-color has-css-opacity has-background\" style=\"background-color:#89d4e3;color:#89d4e3\"\/>\n\n\n\n<div style=\"height:30px\" aria-hidden=\"true\" class=\"wp-block-spacer\"><\/div>\n\n\n\n<h3 class=\"wp-block-heading\" id=\"dokumentmallar-med-csi-data\">Dokumentmallar med CSI-data<\/h3>\n\n\n\n<p>I programvaran kan man skapa olika f\u00f6rdefinierade dokumentmallar som  kan kopplas till en f\u00f6retagsklient, en privatperson, ett prospekt eller ett \u00e4rende.<\/p>\n\n\n\n<p>Med hj\u00e4lp av dokumentmallar kan man till exempel skapa ett bekr\u00e4ftelsedokument f\u00f6r ett \u00e4rende direkt fr\u00e5n menyf\u00e4ltet i \u00e4rendef\u00f6nstret. Mallar fylls i automatiskt med den klient- och\/eller \u00e4rendeinformation som har sparats i programvaran, s\u00e5 att det g\u00e5r snabbare att skapa dokument och risken f\u00f6r m\u00e4nskliga fel minskar.<\/p>\n\n\n\n<p>Man kan \u00e4ven skapa olika e-postmallar, till exempel f\u00f6r att skicka fakturor via e-post. D\u00e4rtill kan standardmallar anges f\u00f6r olika typer av fakturor s\u00e5 att de inte beh\u00f6ver v\u00e4ljas separat i samband med utskrift av fakturan. Ni kan skapa mallar sj\u00e4lv eller best\u00e4lla mallar fr\u00e5n CSI.<\/p>\n\n\n\n<div style=\"height:30px\" aria-hidden=\"true\" class=\"wp-block-spacer\"><\/div>\n<\/div>\n<\/div>\n\n\n\n<div class=\"wp-block-columns page-content bg-gray is-layout-flex wp-container-core-columns-is-layout-2 wp-block-columns-is-layout-flex\">\n<div class=\"wp-block-column is-layout-flow wp-block-column-is-layout-flow\" style=\"flex-basis:33.33%\">\n<h2 class=\"wp-block-heading\" id=\"las-om-ovriga-funktioner\">L\u00e4s om \u00f6vriga funktioner<\/h2>\n<\/div>\n\n\n\n<div class=\"wp-block-column is-layout-flow wp-block-column-is-layout-flow\" style=\"flex-basis:32%\">\n<p class=\"arrow-right\"><strong><a href=\"https:\/\/www.csihelsinki.fi\/sv\/funktioner\/arendehantering\/\">\u00c4rendehantering<\/a><\/strong><\/p>\n\n\n\n<p class=\"arrow-right text-large\"><strong><a href=\"https:\/\/www.csihelsinki.fi\/sv\/funktioner\/tidregistrering\/\">Tidregistrering<\/a><\/strong><\/p>\n<\/div>\n\n\n\n<div class=\"wp-block-column is-layout-flow wp-block-column-is-layout-flow\" style=\"flex-basis:32%\">\n<p class=\"arrow-right text-large\"><a href=\"https:\/\/www.csihelsinki.fi\/sv\/funktioner\/rapportering\/\"><\/a><a href=\"https:\/\/www.csihelsinki.fi\/sv\/funktioner\/fakturering\/\"><strong>Fakturering<\/strong><\/a><\/p>\n\n\n\n<p class=\"arrow-right text-large\"><strong><a href=\"https:\/\/www.csihelsinki.fi\/sv\/funktioner\/rapportering\/\">Rapportering<\/a><\/strong><\/p>\n<\/div>\n<\/div>\n\n\n\n<p><\/p>\n","protected":false},"excerpt":{"rendered":"","protected":false},"author":2,"featured_media":10732,"parent":11568,"menu_order":6,"comment_status":"closed","ping_status":"closed","template":"","meta":{"_acf_changed":false,"footnotes":""},"class_list":["post-11560","page","type-page","status-publish","has-post-thumbnail","hentry"],"acf":[],"yoast_head":"<!-- This site is optimized with the Yoast SEO plugin v26.8 - https:\/\/yoast.com\/product\/yoast-seo-wordpress\/ -->\n<title>CSI Lawyer st\u00f6der dokumenthantering<\/title>\n<meta name=\"description\" content=\"F\u00f6r praktiskt dokumenthantering bifogas dokumenten till klienten eller \u00e4rendet i CSI Lawyer s\u00e5 att alla teammedlemmar l\u00e4tt hittar dem.\" \/>\n<meta name=\"robots\" content=\"index, follow, max-snippet:-1, max-image-preview:large, max-video-preview:-1\" \/>\n<link rel=\"canonical\" href=\"https:\/\/www.csihelsinki.fi\/sv\/funktioner\/dokumenthantering\/\" \/>\n<meta property=\"og:locale\" content=\"sv_SE\" \/>\n<meta property=\"og:type\" content=\"article\" \/>\n<meta property=\"og:title\" content=\"CSI Lawyer st\u00f6der dokumenthantering\" \/>\n<meta property=\"og:description\" content=\"F\u00f6r praktiskt dokumenthantering bifogas dokumenten till klienten eller \u00e4rendet i CSI Lawyer s\u00e5 att alla teammedlemmar l\u00e4tt hittar dem.\" \/>\n<meta property=\"og:url\" content=\"https:\/\/www.csihelsinki.fi\/sv\/funktioner\/dokumenthantering\/\" \/>\n<meta property=\"og:site_name\" content=\"Csi Helsinki home\" \/>\n<meta property=\"article:modified_time\" content=\"2026-04-08T15:12:43+00:00\" \/>\n<meta property=\"og:image\" content=\"https:\/\/www.csihelsinki.fi\/wp-content\/uploads\/2021\/08\/documents2.jpg\" \/>\n\t<meta property=\"og:image:width\" content=\"1474\" \/>\n\t<meta property=\"og:image:height\" content=\"692\" \/>\n\t<meta property=\"og:image:type\" content=\"image\/jpeg\" \/>\n<meta name=\"twitter:card\" content=\"summary_large_image\" \/>\n<script type=\"application\/ld+json\" class=\"yoast-schema-graph\">{\"@context\":\"https:\/\/schema.org\",\"@graph\":[{\"@type\":\"WebPage\",\"@id\":\"https:\/\/www.csihelsinki.fi\/sv\/funktioner\/dokumenthantering\/\",\"url\":\"https:\/\/www.csihelsinki.fi\/sv\/funktioner\/dokumenthantering\/\",\"name\":\"CSI Lawyer st\u00f6der dokumenthantering\",\"isPartOf\":{\"@id\":\"https:\/\/www.csihelsinki.fi\/#website\"},\"primaryImageOfPage\":{\"@id\":\"https:\/\/www.csihelsinki.fi\/sv\/funktioner\/dokumenthantering\/#primaryimage\"},\"image\":{\"@id\":\"https:\/\/www.csihelsinki.fi\/sv\/funktioner\/dokumenthantering\/#primaryimage\"},\"thumbnailUrl\":\"https:\/\/www.csihelsinki.fi\/wp-content\/uploads\/2021\/08\/documents2.jpg\",\"datePublished\":\"2021-11-18T15:12:52+00:00\",\"dateModified\":\"2026-04-08T15:12:43+00:00\",\"description\":\"F\u00f6r praktiskt dokumenthantering bifogas dokumenten till klienten eller \u00e4rendet i CSI Lawyer s\u00e5 att alla teammedlemmar l\u00e4tt hittar dem.\",\"breadcrumb\":{\"@id\":\"https:\/\/www.csihelsinki.fi\/sv\/funktioner\/dokumenthantering\/#breadcrumb\"},\"inLanguage\":\"sv-SE\",\"potentialAction\":[{\"@type\":\"ReadAction\",\"target\":[\"https:\/\/www.csihelsinki.fi\/sv\/funktioner\/dokumenthantering\/\"]}]},{\"@type\":\"ImageObject\",\"inLanguage\":\"sv-SE\",\"@id\":\"https:\/\/www.csihelsinki.fi\/sv\/funktioner\/dokumenthantering\/#primaryimage\",\"url\":\"https:\/\/www.csihelsinki.fi\/wp-content\/uploads\/2021\/08\/documents2.jpg\",\"contentUrl\":\"https:\/\/www.csihelsinki.fi\/wp-content\/uploads\/2021\/08\/documents2.jpg\",\"width\":1474,\"height\":692},{\"@type\":\"BreadcrumbList\",\"@id\":\"https:\/\/www.csihelsinki.fi\/sv\/funktioner\/dokumenthantering\/#breadcrumb\",\"itemListElement\":[{\"@type\":\"ListItem\",\"position\":1,\"name\":\"Etusivu\",\"item\":\"https:\/\/www.csihelsinki.fi\/sv\/\"},{\"@type\":\"ListItem\",\"position\":2,\"name\":\"Funktioner\",\"item\":\"https:\/\/www.csihelsinki.fi\/toiminnallisuus\/\"},{\"@type\":\"ListItem\",\"position\":3,\"name\":\"Dokumenthantering\"}]},{\"@type\":\"WebSite\",\"@id\":\"https:\/\/www.csihelsinki.fi\/#website\",\"url\":\"https:\/\/www.csihelsinki.fi\/\",\"name\":\"Csi Helsinki home\",\"description\":\"CSI-ohjelmistot \u2013 enemm\u00e4n aikaa asianajotoiminnalle\",\"publisher\":{\"@id\":\"https:\/\/www.csihelsinki.fi\/#organization\"},\"potentialAction\":[{\"@type\":\"SearchAction\",\"target\":{\"@type\":\"EntryPoint\",\"urlTemplate\":\"https:\/\/www.csihelsinki.fi\/?s={search_term_string}\"},\"query-input\":{\"@type\":\"PropertyValueSpecification\",\"valueRequired\":true,\"valueName\":\"search_term_string\"}}],\"inLanguage\":\"sv-SE\"},{\"@type\":\"Organization\",\"@id\":\"https:\/\/www.csihelsinki.fi\/#organization\",\"name\":\"Csi Helsinki home\",\"url\":\"https:\/\/www.csihelsinki.fi\/\",\"logo\":{\"@type\":\"ImageObject\",\"inLanguage\":\"sv-SE\",\"@id\":\"https:\/\/www.csihelsinki.fi\/#\/schema\/logo\/image\/\",\"url\":\"https:\/\/www.csihelsinki.fi\/wp-content\/uploads\/2021\/06\/logo.png\",\"contentUrl\":\"https:\/\/www.csihelsinki.fi\/wp-content\/uploads\/2021\/06\/logo.png\",\"width\":130,\"height\":65,\"caption\":\"Csi Helsinki home\"},\"image\":{\"@id\":\"https:\/\/www.csihelsinki.fi\/#\/schema\/logo\/image\/\"}}]}<\/script>\n<!-- \/ Yoast SEO plugin. -->","yoast_head_json":{"title":"CSI Lawyer st\u00f6der dokumenthantering","description":"F\u00f6r praktiskt dokumenthantering bifogas dokumenten till klienten eller \u00e4rendet i CSI Lawyer s\u00e5 att alla teammedlemmar l\u00e4tt hittar dem.","robots":{"index":"index","follow":"follow","max-snippet":"max-snippet:-1","max-image-preview":"max-image-preview:large","max-video-preview":"max-video-preview:-1"},"canonical":"https:\/\/www.csihelsinki.fi\/sv\/funktioner\/dokumenthantering\/","og_locale":"sv_SE","og_type":"article","og_title":"CSI Lawyer st\u00f6der dokumenthantering","og_description":"F\u00f6r praktiskt dokumenthantering bifogas dokumenten till klienten eller \u00e4rendet i CSI Lawyer s\u00e5 att alla teammedlemmar l\u00e4tt hittar dem.","og_url":"https:\/\/www.csihelsinki.fi\/sv\/funktioner\/dokumenthantering\/","og_site_name":"Csi Helsinki home","article_modified_time":"2026-04-08T15:12:43+00:00","og_image":[{"width":1474,"height":692,"url":"https:\/\/www.csihelsinki.fi\/wp-content\/uploads\/2021\/08\/documents2.jpg","type":"image\/jpeg"}],"twitter_card":"summary_large_image","schema":{"@context":"https:\/\/schema.org","@graph":[{"@type":"WebPage","@id":"https:\/\/www.csihelsinki.fi\/sv\/funktioner\/dokumenthantering\/","url":"https:\/\/www.csihelsinki.fi\/sv\/funktioner\/dokumenthantering\/","name":"CSI Lawyer st\u00f6der dokumenthantering","isPartOf":{"@id":"https:\/\/www.csihelsinki.fi\/#website"},"primaryImageOfPage":{"@id":"https:\/\/www.csihelsinki.fi\/sv\/funktioner\/dokumenthantering\/#primaryimage"},"image":{"@id":"https:\/\/www.csihelsinki.fi\/sv\/funktioner\/dokumenthantering\/#primaryimage"},"thumbnailUrl":"https:\/\/www.csihelsinki.fi\/wp-content\/uploads\/2021\/08\/documents2.jpg","datePublished":"2021-11-18T15:12:52+00:00","dateModified":"2026-04-08T15:12:43+00:00","description":"F\u00f6r praktiskt dokumenthantering bifogas dokumenten till klienten eller \u00e4rendet i CSI Lawyer s\u00e5 att alla teammedlemmar l\u00e4tt hittar dem.","breadcrumb":{"@id":"https:\/\/www.csihelsinki.fi\/sv\/funktioner\/dokumenthantering\/#breadcrumb"},"inLanguage":"sv-SE","potentialAction":[{"@type":"ReadAction","target":["https:\/\/www.csihelsinki.fi\/sv\/funktioner\/dokumenthantering\/"]}]},{"@type":"ImageObject","inLanguage":"sv-SE","@id":"https:\/\/www.csihelsinki.fi\/sv\/funktioner\/dokumenthantering\/#primaryimage","url":"https:\/\/www.csihelsinki.fi\/wp-content\/uploads\/2021\/08\/documents2.jpg","contentUrl":"https:\/\/www.csihelsinki.fi\/wp-content\/uploads\/2021\/08\/documents2.jpg","width":1474,"height":692},{"@type":"BreadcrumbList","@id":"https:\/\/www.csihelsinki.fi\/sv\/funktioner\/dokumenthantering\/#breadcrumb","itemListElement":[{"@type":"ListItem","position":1,"name":"Etusivu","item":"https:\/\/www.csihelsinki.fi\/sv\/"},{"@type":"ListItem","position":2,"name":"Funktioner","item":"https:\/\/www.csihelsinki.fi\/toiminnallisuus\/"},{"@type":"ListItem","position":3,"name":"Dokumenthantering"}]},{"@type":"WebSite","@id":"https:\/\/www.csihelsinki.fi\/#website","url":"https:\/\/www.csihelsinki.fi\/","name":"Csi Helsinki home","description":"CSI-ohjelmistot \u2013 enemm\u00e4n aikaa asianajotoiminnalle","publisher":{"@id":"https:\/\/www.csihelsinki.fi\/#organization"},"potentialAction":[{"@type":"SearchAction","target":{"@type":"EntryPoint","urlTemplate":"https:\/\/www.csihelsinki.fi\/?s={search_term_string}"},"query-input":{"@type":"PropertyValueSpecification","valueRequired":true,"valueName":"search_term_string"}}],"inLanguage":"sv-SE"},{"@type":"Organization","@id":"https:\/\/www.csihelsinki.fi\/#organization","name":"Csi Helsinki home","url":"https:\/\/www.csihelsinki.fi\/","logo":{"@type":"ImageObject","inLanguage":"sv-SE","@id":"https:\/\/www.csihelsinki.fi\/#\/schema\/logo\/image\/","url":"https:\/\/www.csihelsinki.fi\/wp-content\/uploads\/2021\/06\/logo.png","contentUrl":"https:\/\/www.csihelsinki.fi\/wp-content\/uploads\/2021\/06\/logo.png","width":130,"height":65,"caption":"Csi Helsinki home"},"image":{"@id":"https:\/\/www.csihelsinki.fi\/#\/schema\/logo\/image\/"}}]}},"_links":{"self":[{"href":"https:\/\/www.csihelsinki.fi\/sv\/wp-json\/wp\/v2\/pages\/11560","targetHints":{"allow":["GET"]}}],"collection":[{"href":"https:\/\/www.csihelsinki.fi\/sv\/wp-json\/wp\/v2\/pages"}],"about":[{"href":"https:\/\/www.csihelsinki.fi\/sv\/wp-json\/wp\/v2\/types\/page"}],"author":[{"embeddable":true,"href":"https:\/\/www.csihelsinki.fi\/sv\/wp-json\/wp\/v2\/users\/2"}],"replies":[{"embeddable":true,"href":"https:\/\/www.csihelsinki.fi\/sv\/wp-json\/wp\/v2\/comments?post=11560"}],"version-history":[{"count":15,"href":"https:\/\/www.csihelsinki.fi\/sv\/wp-json\/wp\/v2\/pages\/11560\/revisions"}],"predecessor-version":[{"id":15986,"href":"https:\/\/www.csihelsinki.fi\/sv\/wp-json\/wp\/v2\/pages\/11560\/revisions\/15986"}],"up":[{"embeddable":true,"href":"https:\/\/www.csihelsinki.fi\/sv\/wp-json\/wp\/v2\/pages\/11568"}],"wp:featuredmedia":[{"embeddable":true,"href":"https:\/\/www.csihelsinki.fi\/sv\/wp-json\/wp\/v2\/media\/10732"}],"wp:attachment":[{"href":"https:\/\/www.csihelsinki.fi\/sv\/wp-json\/wp\/v2\/media?parent=11560"}],"curies":[{"name":"wp","href":"https:\/\/api.w.org\/{rel}","templated":true}]}}