{"id":11551,"date":"2021-11-19T09:19:56","date_gmt":"2021-11-19T09:19:56","guid":{"rendered":"http:\/\/www.csihelsinki.fi\/reporting\/"},"modified":"2026-04-08T15:09:25","modified_gmt":"2026-04-08T15:09:25","slug":"rapportering","status":"publish","type":"page","link":"https:\/\/www.csihelsinki.fi\/sv\/funktioner\/rapportering\/","title":{"rendered":"Rapportering"},"content":{"rendered":"\n<div class=\"wp-block-cover\"><span aria-hidden=\"true\" class=\"wp-block-cover__background has-background-dim-70 has-background-dim\" style=\"background-color:#0090a6\"><\/span><img loading=\"lazy\" decoding=\"async\" width=\"2560\" height=\"887\" class=\"wp-block-cover__image-background wp-image-10307\" alt=\"\" src=\"http:\/\/www.csihelsinki.fi\/wp-content\/uploads\/2021\/12\/Reportiing-2-scaled.jpg\" data-object-fit=\"cover\" srcset=\"https:\/\/www.csihelsinki.fi\/wp-content\/uploads\/2021\/12\/Reportiing-2-scaled.jpg 2560w, https:\/\/www.csihelsinki.fi\/wp-content\/uploads\/2021\/12\/Reportiing-2-300x104.jpg 300w, https:\/\/www.csihelsinki.fi\/wp-content\/uploads\/2021\/12\/Reportiing-2-1024x355.jpg 1024w, https:\/\/www.csihelsinki.fi\/wp-content\/uploads\/2021\/12\/Reportiing-2-768x266.jpg 768w, https:\/\/www.csihelsinki.fi\/wp-content\/uploads\/2021\/12\/Reportiing-2-1536x532.jpg 1536w, https:\/\/www.csihelsinki.fi\/wp-content\/uploads\/2021\/12\/Reportiing-2-2048x710.jpg 2048w\" sizes=\"auto, (max-width: 2560px) 100vw, 2560px\" \/><div class=\"wp-block-cover__inner-container is-layout-flow wp-block-cover-is-layout-flow\">\n<h1 class=\"wp-block-heading has-text-align-center\" id=\"rapportering\">Rapportering<\/h1>\n<\/div><\/div>\n\n\n\n<div style=\"height:50px\" aria-hidden=\"true\" class=\"wp-block-spacer\"><\/div>\n\n\n\n<div class=\"wp-block-columns page-content is-layout-flex wp-container-core-columns-is-layout-4 wp-block-columns-is-layout-flex\">\n<div class=\"wp-block-column is-layout-flow wp-block-column-is-layout-flow\" style=\"flex-basis:33.33%\">\n<h2 class=\"wp-block-heading\" id=\"vilken-information-ar-du-ute-efter-anvand-vart-omfattande-utbud-av-fardiga-rapporter-och-bestall-vid-behov-tillaggsrapporter-anpassade-enligt-det-er-byra-behover\"><meta charset=\"utf-8\">Vilken information s\u00f6ker ni? Anv\u00e4nd v\u00e5rt omfattande utbud av f\u00e4rdiga rapporter och best\u00e4ll vid behov till\u00e4ggsrapporter anpassade efter er byr\u00e5s behov.<\/h2>\n\n\n\n<div style=\"height:51px\" aria-hidden=\"true\" class=\"wp-block-spacer\"><\/div>\n<\/div>\n\n\n\n<div class=\"wp-block-column is-layout-flow wp-block-column-is-layout-flow\" style=\"flex-basis:66.66%\">\n<p>F\u00f6r effektiv rapportering och analys erbjuder programvaran f\u00f6ljande f\u00e4rdiga rapportalternativ:<\/p>\n\n\n\n<div class=\"wp-block-columns is-layout-flex wp-container-core-columns-is-layout-3 wp-block-columns-is-layout-flex\">\n<div class=\"wp-block-column is-layout-flow wp-block-column-is-layout-flow\">\n<div class=\"wp-block-columns is-layout-flex wp-container-core-columns-is-layout-2 wp-block-columns-is-layout-flex\">\n<div class=\"wp-block-column is-layout-flow wp-block-column-is-layout-flow\" style=\"flex-basis:25%\">\n<p class=\"has-text-align-center number-large has-text-color\" style=\"color:#e25840\"><mark style=\"background-color:rgba(0, 0, 0, 0);color:#89d4e3\" class=\"has-inline-color\">24<\/mark><\/p>\n\n\n\n<h5 class=\"wp-block-heading has-text-align-center\" id=\"traditionella-rapporter\">traditionella rapporter<\/h5>\n<\/div>\n\n\n\n<div class=\"wp-block-column is-layout-flow wp-block-column-is-layout-flow\" style=\"flex-basis:50%\">\n<div class=\"wp-block-columns is-layout-flex wp-container-core-columns-is-layout-1 wp-block-columns-is-layout-flex\">\n<div class=\"wp-block-column is-layout-flow wp-block-column-is-layout-flow\">\n<p class=\"has-text-align-center number-large has-text-color\" style=\"color:#e25840\"><mark style=\"background-color:rgba(0, 0, 0, 0);color:#89d4e3\" class=\"has-inline-color\">36<\/mark><\/p>\n\n\n\n<h5 class=\"wp-block-heading has-text-align-center\" id=\"pivotrapporter\">pivotrapporter<\/h5>\n<\/div>\n\n\n\n<div class=\"wp-block-column is-layout-flow wp-block-column-is-layout-flow\">\n<p class=\"has-text-align-center number-large has-text-color\" style=\"color:#e25840\"><mark style=\"background-color:rgba(0, 0, 0, 0);color:#89d4e3\" class=\"has-inline-color\">178<\/mark><\/p>\n\n\n\n<h5 class=\"wp-block-heading has-text-align-center\" id=\"systemvyer\">systemvyer<\/h5>\n<\/div>\n<\/div>\n<\/div>\n\n\n\n<div class=\"wp-block-column is-layout-flow wp-block-column-is-layout-flow\" style=\"flex-basis:25%\">\n<p class=\"has-text-align-center number-large has-text-color\" style=\"color:#e25840\"><mark style=\"background-color:rgba(0, 0, 0, 0);color:#89d4e3\" class=\"has-inline-color\">40<\/mark><\/p>\n\n\n\n<h5 class=\"wp-block-heading has-text-align-center\" id=\"diagram\">diagram<\/h5>\n<\/div>\n<\/div>\n<\/div>\n<\/div>\n\n\n\n<p><\/p>\n\n\n\n<div style=\"height:30px\" aria-hidden=\"true\" class=\"wp-block-spacer\"><\/div>\n\n\n\n<h3 class=\"wp-block-heading\" id=\"systemvyer\">Effektiv rapportering med vyer<\/h3>\n\n\n\n<p>Det enklaste s\u00e4ttet att rapportera data \u00e4r att anv\u00e4nda vyerna i <a href=\"https:\/\/www.csihelsinki.fi\/sv\/losningar\/csi-lawyer\/\">CSI Lawyer<\/a>, som l\u00e4mpar sig v\u00e4l f\u00f6r de vanligaste behoven. Med hj\u00e4lp av de f\u00f6rdefinierade vyalternativen kan ni enkelt ta fram till exempel en lista \u00f6ver registrerad tid. Listan kan d\u00e4refter justeras med filtreringsalternativ och exporteras till Excel f\u00f6r vidare bearbetning.<\/p>\n\n\n\n<div style=\"height:30px\" aria-hidden=\"true\" class=\"wp-block-spacer\"><\/div>\n\n\n\n<hr class=\"wp-block-separator has-text-color has-css-opacity has-background\" style=\"background-color:#89d4e3;color:#89d4e3\"\/>\n\n\n\n<div style=\"height:30px\" aria-hidden=\"true\" class=\"wp-block-spacer\"><\/div>\n\n\n\n<h3 class=\"wp-block-heading\" id=\"diagram\">F\u00e5 \u00f6verblick med anpassade diagram<\/h3>\n\n\n\n<p>De illustrativa och gruppanpassade diagrammen \u00e4r s\u00e4rskilt anv\u00e4ndbara f\u00f6r upptagna anv\u00e4ndare. De ger en snabb \u00f6verblick \u00f6ver aktuell status f\u00f6r viktiga nyckeltal, s\u00e5som registrerad och fakturerad tid. Diagrammen kan anpassas efter varje anv\u00e4ndargrupps behov \u2013 en jurist kanske fokuserar p\u00e5 sina egna registreringar, medan en partner vill f\u00f6lja upp f\u00f6retagets helhet.<\/p>\n\n\n\n<p>Diagramutbudet inneh\u00e5ller flera f\u00e4rdiga vyer som kan anv\u00e4ndas av exempelvis jurister, teamledare, partners och ekonomiavdelningen. Vid behov kan diagrammen anpassas efter ert f\u00f6retagsbehov.<\/p>\n\n\n\n<div style=\"height:30px\" aria-hidden=\"true\" class=\"wp-block-spacer\"><\/div>\n\n\n\n<hr class=\"wp-block-separator has-text-color has-css-opacity has-background\" style=\"background-color:#89d4e3;color:#89d4e3\"\/>\n\n\n\n<div style=\"height:30px\" aria-hidden=\"true\" class=\"wp-block-spacer\"><\/div>\n\n\n\n<h3 class=\"wp-block-heading\" id=\"pivotrapporter\">Pivotrapporter f\u00f6r avancerad analys<\/h3>\n\n\n\n<p>Om ni beh\u00f6ver mer detaljerade analyser kan data visas ur olika perspektiv med hj\u00e4lp av interaktiva pivotrapporter. Det \u00e4r enkelt att analysera inneh\u00e5llet p\u00e5 olika s\u00e4tt \u2013 ni kan till exempel dra in nya f\u00e4lt i rapporten, \u00e4ndra deras ordningsf\u00f6ljd och definiera olika filter. De f\u00e4rdiga pivotrapporterna kan delvis anpassas, och ni kan \u00e4ven best\u00e4lla helt nya rapporter fr\u00e5n CSI eller skapa egna.<\/p>\n\n\n\n<div style=\"height:30px\" aria-hidden=\"true\" class=\"wp-block-spacer\"><\/div>\n\n\n\n<hr class=\"wp-block-separator has-text-color has-css-opacity has-background\" style=\"background-color:#89d4e3;color:#89d4e3\"\/>\n\n\n\n<div style=\"height:30px\" aria-hidden=\"true\" class=\"wp-block-spacer\"><\/div>\n\n\n\n<h3 class=\"wp-block-heading\" id=\"traditionella-rapporter\">Traditionella rapporter<\/h3>\n\n\n\n<p>Sj\u00e4lvklart inneh\u00e5ller programvaran \u00e4ven alla grundl\u00e4ggande rapporter som beh\u00f6vs f\u00f6r exempelvis bokf\u00f6ring. F\u00f6rs\u00e4ljningsdagboken, EU\u2011f\u00f6rs\u00e4ljningsdagboken och betalningsf\u00f6rteckningen kompletteras av rapporter f\u00f6r obetalda fakturor, f\u00f6rskott och ofakturerat arbete. Dessutom finns rapporter f\u00f6r att f\u00f6lja upp ofakturerad arbetstid och f\u00f6rfallna fakturor.<\/p>\n\n\n\n<div style=\"height:30px\" aria-hidden=\"true\" class=\"wp-block-spacer\"><\/div>\n<\/div>\n<\/div>\n\n\n\n<div class=\"wp-block-columns page-content bg-gray is-layout-flex wp-container-core-columns-is-layout-5 wp-block-columns-is-layout-flex\">\n<div class=\"wp-block-column is-layout-flow wp-block-column-is-layout-flow\" style=\"flex-basis:33.33%\">\n<h2 class=\"wp-block-heading\" id=\"las-om-ovriga-funktioner\">L\u00e4s ocks\u00e5 om <\/h2>\n<\/div>\n\n\n\n<div class=\"wp-block-column is-layout-flow wp-block-column-is-layout-flow\" style=\"flex-basis:32%\">\n<p class=\"arrow-right text-jumbo\"><a href=\"https:\/\/www.csihelsinki.fi\/sv\/funktioner\/arendehantering\/\"><strong>\u00c4rendehantering<\/strong><\/a><\/p>\n\n\n\n<p class=\"arrow-right text-jumbo\"><a href=\"https:\/\/www.csihelsinki.fi\/sv\/funktioner\/tidregistrering\/\"><strong>Tidregistrering<\/strong><\/a><\/p>\n\n\n\n<p class=\"arrow-right text-jumbo\"><a href=\"https:\/\/www.csihelsinki.fi\/sv\/funktioner\/fakturering\/\"><strong>Fakturering<\/strong><\/a><\/p>\n<\/div>\n\n\n\n<div class=\"wp-block-column is-layout-flow wp-block-column-is-layout-flow\" style=\"flex-basis:32%\">\n<p class=\"arrow-right text-jumbo\"><strong><a href=\"https:\/\/www.csihelsinki.fi\/sv\/funktioner\/dokumenthantering\/\">Dokumenthantering<\/a><\/strong><\/p>\n\n\n\n<p class=\"arrow-right text-jumbo\"><a data-type=\"page\" href=\"https:\/\/www.csihelsinki.fi\/sv\/losningar\/fordelar\/\"><strong>In<\/strong><\/a><strong><a href=\"https:\/\/www.csihelsinki.fi\/sv\/losningar\/integrationer\/\">tegrationer<\/a><\/strong><\/p>\n\n\n\n<p class=\"arrow-right text-jumbo\"><a href=\"https:\/\/www.csihelsinki.fi\/sv\/losningar\/fordelar\/\"><strong>F\u00f6rdelar<\/strong><\/a><\/p>\n<\/div>\n<\/div>\n\n\n\n<p><\/p>\n","protected":false},"excerpt":{"rendered":"","protected":false},"author":2,"featured_media":0,"parent":11568,"menu_order":4,"comment_status":"closed","ping_status":"closed","template":"","meta":{"_acf_changed":false,"footnotes":""},"class_list":["post-11551","page","type-page","status-publish","hentry"],"acf":[],"yoast_head":"<!-- This site is optimized with the Yoast SEO plugin v26.8 - https:\/\/yoast.com\/product\/yoast-seo-wordpress\/ -->\n<title>CSI Lawyer erbjuder m\u00e5ngsidiga verktyg f\u00f6r rapportering<\/title>\n<meta name=\"description\" content=\"Rapportering erbjuder systemvyer, pivot- och traditionella rapporter samt diagram f\u00f6r \u00f6vervakning och analys av informationen.\" \/>\n<meta name=\"robots\" content=\"index, follow, max-snippet:-1, max-image-preview:large, max-video-preview:-1\" \/>\n<link rel=\"canonical\" href=\"https:\/\/www.csihelsinki.fi\/sv\/funktioner\/rapportering\/\" \/>\n<meta property=\"og:locale\" content=\"sv_SE\" \/>\n<meta property=\"og:type\" content=\"article\" \/>\n<meta property=\"og:title\" content=\"CSI Lawyer erbjuder m\u00e5ngsidiga verktyg f\u00f6r rapportering\" \/>\n<meta property=\"og:description\" content=\"Rapportering erbjuder systemvyer, pivot- och traditionella rapporter samt diagram f\u00f6r \u00f6vervakning och analys av informationen.\" \/>\n<meta property=\"og:url\" content=\"https:\/\/www.csihelsinki.fi\/sv\/funktioner\/rapportering\/\" \/>\n<meta property=\"og:site_name\" content=\"Csi Helsinki home\" \/>\n<meta property=\"article:modified_time\" content=\"2026-04-08T15:09:25+00:00\" \/>\n<meta property=\"og:image\" content=\"https:\/\/www.csihelsinki.fi\/wp-content\/uploads\/2021\/12\/Reportiing-2-scaled.jpg\" \/>\n\t<meta property=\"og:image:width\" content=\"2560\" \/>\n\t<meta property=\"og:image:height\" content=\"887\" \/>\n\t<meta property=\"og:image:type\" content=\"image\/jpeg\" \/>\n<meta name=\"twitter:card\" content=\"summary_large_image\" \/>\n<script type=\"application\/ld+json\" class=\"yoast-schema-graph\">{\"@context\":\"https:\/\/schema.org\",\"@graph\":[{\"@type\":\"WebPage\",\"@id\":\"https:\/\/www.csihelsinki.fi\/sv\/funktioner\/rapportering\/\",\"url\":\"https:\/\/www.csihelsinki.fi\/sv\/funktioner\/rapportering\/\",\"name\":\"CSI Lawyer erbjuder m\u00e5ngsidiga verktyg f\u00f6r rapportering\",\"isPartOf\":{\"@id\":\"https:\/\/www.csihelsinki.fi\/#website\"},\"primaryImageOfPage\":{\"@id\":\"https:\/\/www.csihelsinki.fi\/sv\/funktioner\/rapportering\/#primaryimage\"},\"image\":{\"@id\":\"https:\/\/www.csihelsinki.fi\/sv\/funktioner\/rapportering\/#primaryimage\"},\"thumbnailUrl\":\"http:\/\/www.csihelsinki.fi\/wp-content\/uploads\/2021\/12\/Reportiing-2-scaled.jpg\",\"datePublished\":\"2021-11-19T09:19:56+00:00\",\"dateModified\":\"2026-04-08T15:09:25+00:00\",\"description\":\"Rapportering erbjuder systemvyer, pivot- och traditionella rapporter samt diagram f\u00f6r \u00f6vervakning och analys av informationen.\",\"breadcrumb\":{\"@id\":\"https:\/\/www.csihelsinki.fi\/sv\/funktioner\/rapportering\/#breadcrumb\"},\"inLanguage\":\"sv-SE\",\"potentialAction\":[{\"@type\":\"ReadAction\",\"target\":[\"https:\/\/www.csihelsinki.fi\/sv\/funktioner\/rapportering\/\"]}]},{\"@type\":\"ImageObject\",\"inLanguage\":\"sv-SE\",\"@id\":\"https:\/\/www.csihelsinki.fi\/sv\/funktioner\/rapportering\/#primaryimage\",\"url\":\"http:\/\/www.csihelsinki.fi\/wp-content\/uploads\/2021\/12\/Reportiing-2-scaled.jpg\",\"contentUrl\":\"http:\/\/www.csihelsinki.fi\/wp-content\/uploads\/2021\/12\/Reportiing-2-scaled.jpg\"},{\"@type\":\"BreadcrumbList\",\"@id\":\"https:\/\/www.csihelsinki.fi\/sv\/funktioner\/rapportering\/#breadcrumb\",\"itemListElement\":[{\"@type\":\"ListItem\",\"position\":1,\"name\":\"Etusivu\",\"item\":\"https:\/\/www.csihelsinki.fi\/sv\/\"},{\"@type\":\"ListItem\",\"position\":2,\"name\":\"Funktioner\",\"item\":\"https:\/\/www.csihelsinki.fi\/toiminnallisuus\/\"},{\"@type\":\"ListItem\",\"position\":3,\"name\":\"Rapportering\"}]},{\"@type\":\"WebSite\",\"@id\":\"https:\/\/www.csihelsinki.fi\/#website\",\"url\":\"https:\/\/www.csihelsinki.fi\/\",\"name\":\"Csi Helsinki home\",\"description\":\"CSI-ohjelmistot \u2013 enemm\u00e4n aikaa asianajotoiminnalle\",\"publisher\":{\"@id\":\"https:\/\/www.csihelsinki.fi\/#organization\"},\"potentialAction\":[{\"@type\":\"SearchAction\",\"target\":{\"@type\":\"EntryPoint\",\"urlTemplate\":\"https:\/\/www.csihelsinki.fi\/?s={search_term_string}\"},\"query-input\":{\"@type\":\"PropertyValueSpecification\",\"valueRequired\":true,\"valueName\":\"search_term_string\"}}],\"inLanguage\":\"sv-SE\"},{\"@type\":\"Organization\",\"@id\":\"https:\/\/www.csihelsinki.fi\/#organization\",\"name\":\"Csi Helsinki home\",\"url\":\"https:\/\/www.csihelsinki.fi\/\",\"logo\":{\"@type\":\"ImageObject\",\"inLanguage\":\"sv-SE\",\"@id\":\"https:\/\/www.csihelsinki.fi\/#\/schema\/logo\/image\/\",\"url\":\"https:\/\/www.csihelsinki.fi\/wp-content\/uploads\/2021\/06\/logo.png\",\"contentUrl\":\"https:\/\/www.csihelsinki.fi\/wp-content\/uploads\/2021\/06\/logo.png\",\"width\":130,\"height\":65,\"caption\":\"Csi Helsinki home\"},\"image\":{\"@id\":\"https:\/\/www.csihelsinki.fi\/#\/schema\/logo\/image\/\"}}]}<\/script>\n<!-- \/ Yoast SEO plugin. -->","yoast_head_json":{"title":"CSI Lawyer erbjuder m\u00e5ngsidiga verktyg f\u00f6r rapportering","description":"Rapportering erbjuder systemvyer, pivot- och traditionella rapporter samt diagram f\u00f6r \u00f6vervakning och analys av informationen.","robots":{"index":"index","follow":"follow","max-snippet":"max-snippet:-1","max-image-preview":"max-image-preview:large","max-video-preview":"max-video-preview:-1"},"canonical":"https:\/\/www.csihelsinki.fi\/sv\/funktioner\/rapportering\/","og_locale":"sv_SE","og_type":"article","og_title":"CSI Lawyer erbjuder m\u00e5ngsidiga verktyg f\u00f6r rapportering","og_description":"Rapportering erbjuder systemvyer, pivot- och traditionella rapporter samt diagram f\u00f6r \u00f6vervakning och analys av informationen.","og_url":"https:\/\/www.csihelsinki.fi\/sv\/funktioner\/rapportering\/","og_site_name":"Csi Helsinki home","article_modified_time":"2026-04-08T15:09:25+00:00","og_image":[{"width":2560,"height":887,"url":"https:\/\/www.csihelsinki.fi\/wp-content\/uploads\/2021\/12\/Reportiing-2-scaled.jpg","type":"image\/jpeg"}],"twitter_card":"summary_large_image","schema":{"@context":"https:\/\/schema.org","@graph":[{"@type":"WebPage","@id":"https:\/\/www.csihelsinki.fi\/sv\/funktioner\/rapportering\/","url":"https:\/\/www.csihelsinki.fi\/sv\/funktioner\/rapportering\/","name":"CSI Lawyer erbjuder m\u00e5ngsidiga verktyg f\u00f6r rapportering","isPartOf":{"@id":"https:\/\/www.csihelsinki.fi\/#website"},"primaryImageOfPage":{"@id":"https:\/\/www.csihelsinki.fi\/sv\/funktioner\/rapportering\/#primaryimage"},"image":{"@id":"https:\/\/www.csihelsinki.fi\/sv\/funktioner\/rapportering\/#primaryimage"},"thumbnailUrl":"http:\/\/www.csihelsinki.fi\/wp-content\/uploads\/2021\/12\/Reportiing-2-scaled.jpg","datePublished":"2021-11-19T09:19:56+00:00","dateModified":"2026-04-08T15:09:25+00:00","description":"Rapportering erbjuder systemvyer, pivot- och traditionella rapporter samt diagram f\u00f6r \u00f6vervakning och analys av informationen.","breadcrumb":{"@id":"https:\/\/www.csihelsinki.fi\/sv\/funktioner\/rapportering\/#breadcrumb"},"inLanguage":"sv-SE","potentialAction":[{"@type":"ReadAction","target":["https:\/\/www.csihelsinki.fi\/sv\/funktioner\/rapportering\/"]}]},{"@type":"ImageObject","inLanguage":"sv-SE","@id":"https:\/\/www.csihelsinki.fi\/sv\/funktioner\/rapportering\/#primaryimage","url":"http:\/\/www.csihelsinki.fi\/wp-content\/uploads\/2021\/12\/Reportiing-2-scaled.jpg","contentUrl":"http:\/\/www.csihelsinki.fi\/wp-content\/uploads\/2021\/12\/Reportiing-2-scaled.jpg"},{"@type":"BreadcrumbList","@id":"https:\/\/www.csihelsinki.fi\/sv\/funktioner\/rapportering\/#breadcrumb","itemListElement":[{"@type":"ListItem","position":1,"name":"Etusivu","item":"https:\/\/www.csihelsinki.fi\/sv\/"},{"@type":"ListItem","position":2,"name":"Funktioner","item":"https:\/\/www.csihelsinki.fi\/toiminnallisuus\/"},{"@type":"ListItem","position":3,"name":"Rapportering"}]},{"@type":"WebSite","@id":"https:\/\/www.csihelsinki.fi\/#website","url":"https:\/\/www.csihelsinki.fi\/","name":"Csi Helsinki home","description":"CSI-ohjelmistot \u2013 enemm\u00e4n aikaa asianajotoiminnalle","publisher":{"@id":"https:\/\/www.csihelsinki.fi\/#organization"},"potentialAction":[{"@type":"SearchAction","target":{"@type":"EntryPoint","urlTemplate":"https:\/\/www.csihelsinki.fi\/?s={search_term_string}"},"query-input":{"@type":"PropertyValueSpecification","valueRequired":true,"valueName":"search_term_string"}}],"inLanguage":"sv-SE"},{"@type":"Organization","@id":"https:\/\/www.csihelsinki.fi\/#organization","name":"Csi Helsinki home","url":"https:\/\/www.csihelsinki.fi\/","logo":{"@type":"ImageObject","inLanguage":"sv-SE","@id":"https:\/\/www.csihelsinki.fi\/#\/schema\/logo\/image\/","url":"https:\/\/www.csihelsinki.fi\/wp-content\/uploads\/2021\/06\/logo.png","contentUrl":"https:\/\/www.csihelsinki.fi\/wp-content\/uploads\/2021\/06\/logo.png","width":130,"height":65,"caption":"Csi Helsinki home"},"image":{"@id":"https:\/\/www.csihelsinki.fi\/#\/schema\/logo\/image\/"}}]}},"_links":{"self":[{"href":"https:\/\/www.csihelsinki.fi\/sv\/wp-json\/wp\/v2\/pages\/11551","targetHints":{"allow":["GET"]}}],"collection":[{"href":"https:\/\/www.csihelsinki.fi\/sv\/wp-json\/wp\/v2\/pages"}],"about":[{"href":"https:\/\/www.csihelsinki.fi\/sv\/wp-json\/wp\/v2\/types\/page"}],"author":[{"embeddable":true,"href":"https:\/\/www.csihelsinki.fi\/sv\/wp-json\/wp\/v2\/users\/2"}],"replies":[{"embeddable":true,"href":"https:\/\/www.csihelsinki.fi\/sv\/wp-json\/wp\/v2\/comments?post=11551"}],"version-history":[{"count":15,"href":"https:\/\/www.csihelsinki.fi\/sv\/wp-json\/wp\/v2\/pages\/11551\/revisions"}],"predecessor-version":[{"id":15984,"href":"https:\/\/www.csihelsinki.fi\/sv\/wp-json\/wp\/v2\/pages\/11551\/revisions\/15984"}],"up":[{"embeddable":true,"href":"https:\/\/www.csihelsinki.fi\/sv\/wp-json\/wp\/v2\/pages\/11568"}],"wp:attachment":[{"href":"https:\/\/www.csihelsinki.fi\/sv\/wp-json\/wp\/v2\/media?parent=11551"}],"curies":[{"name":"wp","href":"https:\/\/api.w.org\/{rel}","templated":true}]}}