{"id":11547,"date":"2021-11-19T08:56:36","date_gmt":"2021-11-19T08:56:36","guid":{"rendered":"http:\/\/www.csihelsinki.fi\/invoicing-payments\/"},"modified":"2026-04-08T15:07:38","modified_gmt":"2026-04-08T15:07:38","slug":"fakturering","status":"publish","type":"page","link":"https:\/\/www.csihelsinki.fi\/sv\/funktioner\/fakturering\/","title":{"rendered":"Fakturering"},"content":{"rendered":"\n<div class=\"wp-block-cover\"><span aria-hidden=\"true\" class=\"wp-block-cover__background has-background-dim-70 has-background-dim\" style=\"background-color:#0090a6\"><\/span><img loading=\"lazy\" decoding=\"async\" width=\"2560\" height=\"1575\" class=\"wp-block-cover__image-background wp-image-10191\" alt=\"\" src=\"http:\/\/www.csihelsinki.fi\/wp-content\/uploads\/2021\/12\/Invoicing-ID-16553-scaled.jpg\" data-object-fit=\"cover\" srcset=\"https:\/\/www.csihelsinki.fi\/wp-content\/uploads\/2021\/12\/Invoicing-ID-16553-scaled.jpg 2560w, https:\/\/www.csihelsinki.fi\/wp-content\/uploads\/2021\/12\/Invoicing-ID-16553-300x185.jpg 300w, https:\/\/www.csihelsinki.fi\/wp-content\/uploads\/2021\/12\/Invoicing-ID-16553-1024x630.jpg 1024w, https:\/\/www.csihelsinki.fi\/wp-content\/uploads\/2021\/12\/Invoicing-ID-16553-768x473.jpg 768w, https:\/\/www.csihelsinki.fi\/wp-content\/uploads\/2021\/12\/Invoicing-ID-16553-1536x945.jpg 1536w, https:\/\/www.csihelsinki.fi\/wp-content\/uploads\/2021\/12\/Invoicing-ID-16553-2048x1260.jpg 2048w\" sizes=\"auto, (max-width: 2560px) 100vw, 2560px\" \/><div class=\"wp-block-cover__inner-container is-layout-flow wp-block-cover-is-layout-flow\">\n<h1 class=\"wp-block-heading has-text-align-center\" id=\"fakturering-betalningar\">Fakturering<\/h1>\n<\/div><\/div>\n\n\n\n<div style=\"height:50px\" aria-hidden=\"true\" class=\"wp-block-spacer\"><\/div>\n\n\n\n<div class=\"wp-block-columns page-content is-layout-flex wp-container-core-columns-is-layout-1 wp-block-columns-is-layout-flex\">\n<div class=\"wp-block-column is-layout-flow wp-block-column-is-layout-flow\" style=\"flex-basis:33.333%\">\n<h2 class=\"wp-block-heading\" id=\"nu-kan-ni-slippa-papper-och-utskrifter-och-overga-till-en-digital-faktureringsprocess-som-sparar-tid-och-minskar-krangel\"><meta charset=\"utf-8\">Nu kan ni l\u00e4mna pappersutskrifter bakom er och \u00f6verg\u00e5 till en digital faktureringsprocess som sparar tid och minskar kr\u00e5ngel.<\/h2>\n\n\n\n<div style=\"height:41px\" aria-hidden=\"true\" class=\"wp-block-spacer\"><\/div>\n<\/div>\n\n\n\n<div class=\"wp-block-column is-layout-flow wp-block-column-is-layout-flow\" style=\"flex-basis:66.666%\">\n<h3 class=\"wp-block-heading\" id=\"enkelt-att-skapa-fakturaunderlag\">Enkelt att skapa fakturaunderlag<\/h3>\n\n\n\n<p>Effektiv fakturering \u00e4r en av de st\u00f6rsta f\u00f6rdelarna med <a href=\"https:\/\/www.csihelsinki.fi\/sv\/losningar\/csi-lawyer\/\">CSI Lawyer<\/a> som advokatsystem. Man kan n\u00e4r som helst f\u00f6rhandsgranska ett fakturerbart \u00e4rende f\u00f6r att se hur fakturan skulle se ut om den skapades.<\/p>\n\n\n\n<p>Den faktiska fakturan f\u00f6reg\u00e5s av en prelimin\u00e4rfaktura d\u00e4r man enkelt kan redigera till exempel enskilda \u00e5tg\u00e4rder och utl\u00e4gg eller justera priset till ett fast totalbelopp.<\/p>\n\n\n\n<p>Prelimin\u00e4rfakturor kan skapas antingen av enskilda \u00e4renden, av alla fakturerbara \u00e4renden f\u00f6r den aktuella faktureringsperioden eller fram till dagens datum. Prelimin\u00e4rfakturorna skapas baserat p\u00e5 standardinst\u00e4llningarna i programvaran och de specifikationer som definierats p\u00e5 kontors-, klient- och\/eller \u00e4rendeniv\u00e5.<\/p>\n\n\n\n<p>Om det finns viktiga anteckningar om klienten eller \u00e4rendet i programvaran kan faktureringsteamet&nbsp;ta h\u00e4nsyn till&nbsp;dessa n\u00e4r fakturan skapas. I listan&nbsp;\u00f6ver&nbsp;fakturerbara \u00e4renden visas en ikon som&nbsp;visar att det finns&nbsp;anteckningar, och de kan&nbsp;\u00f6ppnas<strong>&nbsp;<\/strong>med ett enda klick.<\/p>\n\n\n\n<div style=\"height:30px\" aria-hidden=\"true\" class=\"wp-block-spacer\"><\/div>\n\n\n\n<hr class=\"wp-block-separator has-text-color has-css-opacity has-background\" style=\"background-color:#89d4e3;color:#89d4e3\"\/>\n\n\n\n<div style=\"height:30px\" aria-hidden=\"true\" class=\"wp-block-spacer\"><\/div>\n\n\n\n<h3 class=\"wp-block-heading\" id=\"papperslos-attesteringsprocess-for-fakturor\">Pappersl\u00f6s attesteringsprocess f\u00f6r fakturor<\/h3>\n\n\n\n<p>Om \u00e4rendet \u00e4r omfattande kan flera personer arbeta med det och registrera tid som ska faktureras till klienten. Det inneb\u00e4r att flera personer ocks\u00e5&nbsp;beh\u00f6ver granska&nbsp;fakturan n\u00e4r det \u00e4r dags att fakturera.<\/p>\n\n\n\n<p>Med CSI Lawyer slipper ni skicka fakturautkast p\u00e5 papper mellan flera upptagna jurister f\u00f6r verifiering. I st\u00e4llet f\u00f6r de vanliga pappersutskrifterna kan prelimin\u00e4rfakturor nu cirkulera digitalt i en f\u00f6rdefinierad ordning f\u00f6r granskning. N\u00e4r en anv\u00e4ndare har gjort korrigeringar och markerat prelimin\u00e4rfakturan som som granskad skickas den vidare till n\u00e4sta kontrollant. N\u00e4r den sista kontrollanten har godk\u00e4nt prelimin\u00e4rfakturan kan den slutliga fakturan skapas.<\/p>\n\n\n\n<div style=\"height:30px\" aria-hidden=\"true\" class=\"wp-block-spacer\"><\/div>\n\n\n\n<hr class=\"wp-block-separator has-text-color has-css-opacity has-background\" style=\"background-color:#89d4e3;color:#89d4e3\"\/>\n\n\n\n<div style=\"height:30px\" aria-hidden=\"true\" class=\"wp-block-spacer\"><\/div>\n\n\n\n<h3 class=\"wp-block-heading\" id=\"fakturor-skickas-som-e-fakturor\">Fakturor skickas som e-fakturor<\/h3>\n\n\n\n<p>Den digitala processen inneb\u00e4r att fakturor kan skickas elektroniskt. F\u00f6r CSI-kunder i Finland och Sverige kan hela faktureringsunderlaget \u00f6verf\u00f6ras till e-fakturatj\u00e4nsten Maventa med ett klick. Fakturorna skickas fr\u00e5n Maventa som e-fakturor till alla klienter med en giltig e-fakturaadress. Om ingen giltig e-fakturaadress finns skickar Maventa fakturan till klienten som en e-postbilaga eller en pappersfaktura med vanlig post.<\/p>\n\n\n\n<p>Om ert f\u00f6retag anv\u00e4nder en annan e-fakturaleverant\u00f6r kan ni skapa faktureringsunderlag&nbsp;f\u00f6r era&nbsp;fakturor och skicka det manuellt till leverant\u00f6ren.<\/p>\n\n\n\n<div style=\"height:30px\" aria-hidden=\"true\" class=\"wp-block-spacer\"><\/div>\n\n\n\n<hr class=\"wp-block-separator has-text-color has-css-opacity has-background\" style=\"background-color:#89d4e3;color:#89d4e3\"\/>\n\n\n\n<div style=\"height:30px\" aria-hidden=\"true\" class=\"wp-block-spacer\"><\/div>\n\n\n\n<h3 class=\"wp-block-heading\" id=\"andra-fakturatyper-som-anvands\">Andra fakturatyper som anv\u00e4nds <\/h3>\n\n\n\n<p>N\u00e4r f\u00f6rskottsbetalning kr\u00e4vs kan en f\u00f6rskottsfaktura skickas. Kostnadsr\u00e4kningar \u00e4r fakturor som inte anv\u00e4nds i redovisningen, men som kan skickas till klienter som vill ha en \u00f6versikt \u00f6ver aktuell status eller, i r\u00e4ttsfall, som en lista \u00f6ver utf\u00f6rt arbete.<\/p>\n\n\n\n<p>En klients \u00e4renden kan delas in i en huvud- och under\u00e4rendestruktur, genom vilken man kan skapa fakturor som samlingsfaktura eller enskilt per \u00e4rende. I programvaran kan ni \u00e4ven skapa kreditfakturor vid behov och skicka f\u00f6rdefinierade betalningsp\u00e5minnelser f\u00f6r f\u00f6rfallna fakturor.<\/p>\n\n\n\n<div style=\"height:30px\" aria-hidden=\"true\" class=\"wp-block-spacer\"><\/div>\n\n\n\n<hr class=\"wp-block-separator has-text-color has-css-opacity has-background\" style=\"background-color:#89d4e3;color:#89d4e3\"\/>\n\n\n\n<div style=\"height:30px\" aria-hidden=\"true\" class=\"wp-block-spacer\"><\/div>\n\n\n\n<h3 class=\"wp-block-heading\" id=\"hantera-betalningar\">Hantera betalningar<\/h3>\n\n\n\n<p>Det enklaste s\u00e4ttet att behandla klientbetalningar \u00e4r att importera dem direkt fr\u00e5n ett bankprogram som referensdata. Om ett giltigt referensnummer finns f\u00f6r betalningen justeras den automatiskt mot r\u00e4tt faktura och beh\u00f6ver inte hanteras manuellt. Om en betalning inte kan justeras automatiskt visar programvaran f\u00f6rslag p\u00e5 justering, med alla fakturor som har ett obetalt belopp som motsvarar betalningen.<\/p>\n\n\n\n<p>Det g\u00e5r \u00e4ven att registrera betalningar manuellt i CSI Lawyer. Om det belopp klienten har betalat avviker fr\u00e5n fakturabeloppet finns det funktioner i programvaran f\u00f6r att hantera b\u00e5de under- och \u00f6verbetalningar.<\/p>\n\n\n\n<div style=\"height:30px\" aria-hidden=\"true\" class=\"wp-block-spacer\"><\/div>\n\n\n\n<p><\/p>\n<\/div>\n<\/div>\n\n\n\n<div class=\"wp-block-columns page-content bg-gray is-layout-flex wp-container-core-columns-is-layout-2 wp-block-columns-is-layout-flex\">\n<div class=\"wp-block-column is-layout-flow wp-block-column-is-layout-flow\" style=\"flex-basis:33.33%\">\n<h2 class=\"wp-block-heading\" id=\"las-om-ovriga-funktioner\">L\u00e4s ocks\u00e5 om <\/h2>\n<\/div>\n\n\n\n<div class=\"wp-block-column is-layout-flow wp-block-column-is-layout-flow\" style=\"flex-basis:32%\">\n<p class=\"arrow-right text-jumbo\"><strong><a href=\"https:\/\/www.csihelsinki.fi\/sv\/funktioner\/tidregistrering\/\">Tidregistrering<\/a><\/strong><\/p>\n\n\n\n<p class=\"arrow-right text-jumbo\"><strong><a href=\"https:\/\/www.csihelsinki.fi\/sv\/funktioner\/arendehantering\/\">\u00c4rendehantering<\/a><\/strong><\/p>\n\n\n\n<p class=\"arrow-right text-jumbo\"><strong><a href=\"https:\/\/www.csihelsinki.fi\/sv\/funktioner\/dokumenthantering\/\">Dokumenthantering<\/a><\/strong><\/p>\n<\/div>\n\n\n\n<div class=\"wp-block-column is-layout-flow wp-block-column-is-layout-flow\" style=\"flex-basis:32%\">\n<p class=\"arrow-right text-jumbo\"><strong><a href=\"https:\/\/www.csihelsinki.fi\/sv\/funktioner\/rapportering\/\">Rapportering<\/a><\/strong><\/p>\n\n\n\n<p class=\"arrow-right text-jumbo\"><a data-type=\"page\" href=\"https:\/\/www.csihelsinki.fi\/sv\/losningar\/fordelar\/\"><strong>In<\/strong><\/a><strong><a href=\"https:\/\/www.csihelsinki.fi\/sv\/losningar\/integrationer\/\">tegrationer<\/a><\/strong><\/p>\n\n\n\n<p class=\"arrow-right text-jumbo\"><a href=\"https:\/\/www.csihelsinki.fi\/sv\/losningar\/fordelar\/\"><strong>F\u00f6rdelar<\/strong><\/a><\/p>\n\n\n\n<p><\/p>\n<\/div>\n<\/div>\n\n\n\n<p><\/p>\n","protected":false},"excerpt":{"rendered":"","protected":false},"author":2,"featured_media":0,"parent":11568,"menu_order":3,"comment_status":"closed","ping_status":"closed","template":"","meta":{"_acf_changed":false,"footnotes":""},"class_list":["post-11547","page","type-page","status-publish","hentry"],"acf":[],"yoast_head":"<!-- This site is optimized with the Yoast SEO plugin v26.8 - https:\/\/yoast.com\/product\/yoast-seo-wordpress\/ -->\n<title>Digital fakturering sparar tid och papper<\/title>\n<meta name=\"description\" content=\"CSI Lawyers digitala fakturering st\u00f6der skapande, verifiering och utskick av fakturor, vilket sparar b\u00e5de tid och papper.\" \/>\n<meta name=\"robots\" content=\"index, follow, max-snippet:-1, max-image-preview:large, max-video-preview:-1\" \/>\n<link rel=\"canonical\" href=\"https:\/\/www.csihelsinki.fi\/sv\/funktioner\/fakturering\/\" \/>\n<meta property=\"og:locale\" content=\"sv_SE\" \/>\n<meta property=\"og:type\" content=\"article\" \/>\n<meta property=\"og:title\" content=\"Digital fakturering sparar tid och papper\" \/>\n<meta property=\"og:description\" content=\"CSI Lawyers digitala fakturering st\u00f6der skapande, verifiering och utskick av fakturor, vilket sparar b\u00e5de tid och papper.\" \/>\n<meta property=\"og:url\" content=\"https:\/\/www.csihelsinki.fi\/sv\/funktioner\/fakturering\/\" \/>\n<meta property=\"og:site_name\" content=\"Csi Helsinki home\" \/>\n<meta property=\"article:modified_time\" content=\"2026-04-08T15:07:38+00:00\" \/>\n<meta property=\"og:image\" content=\"https:\/\/www.csihelsinki.fi\/wp-content\/uploads\/2021\/12\/Invoicing-ID-16553-scaled.jpg\" \/>\n\t<meta property=\"og:image:width\" content=\"2560\" \/>\n\t<meta property=\"og:image:height\" content=\"1575\" \/>\n\t<meta property=\"og:image:type\" content=\"image\/jpeg\" \/>\n<meta name=\"twitter:card\" content=\"summary_large_image\" \/>\n<script type=\"application\/ld+json\" class=\"yoast-schema-graph\">{\"@context\":\"https:\/\/schema.org\",\"@graph\":[{\"@type\":\"WebPage\",\"@id\":\"https:\/\/www.csihelsinki.fi\/sv\/funktioner\/fakturering\/\",\"url\":\"https:\/\/www.csihelsinki.fi\/sv\/funktioner\/fakturering\/\",\"name\":\"Digital fakturering sparar tid och papper\",\"isPartOf\":{\"@id\":\"https:\/\/www.csihelsinki.fi\/#website\"},\"primaryImageOfPage\":{\"@id\":\"https:\/\/www.csihelsinki.fi\/sv\/funktioner\/fakturering\/#primaryimage\"},\"image\":{\"@id\":\"https:\/\/www.csihelsinki.fi\/sv\/funktioner\/fakturering\/#primaryimage\"},\"thumbnailUrl\":\"http:\/\/www.csihelsinki.fi\/wp-content\/uploads\/2021\/12\/Invoicing-ID-16553-scaled.jpg\",\"datePublished\":\"2021-11-19T08:56:36+00:00\",\"dateModified\":\"2026-04-08T15:07:38+00:00\",\"description\":\"CSI Lawyers digitala fakturering st\u00f6der skapande, verifiering och utskick av fakturor, vilket sparar b\u00e5de tid och papper.\",\"breadcrumb\":{\"@id\":\"https:\/\/www.csihelsinki.fi\/sv\/funktioner\/fakturering\/#breadcrumb\"},\"inLanguage\":\"sv-SE\",\"potentialAction\":[{\"@type\":\"ReadAction\",\"target\":[\"https:\/\/www.csihelsinki.fi\/sv\/funktioner\/fakturering\/\"]}]},{\"@type\":\"ImageObject\",\"inLanguage\":\"sv-SE\",\"@id\":\"https:\/\/www.csihelsinki.fi\/sv\/funktioner\/fakturering\/#primaryimage\",\"url\":\"http:\/\/www.csihelsinki.fi\/wp-content\/uploads\/2021\/12\/Invoicing-ID-16553-scaled.jpg\",\"contentUrl\":\"http:\/\/www.csihelsinki.fi\/wp-content\/uploads\/2021\/12\/Invoicing-ID-16553-scaled.jpg\"},{\"@type\":\"BreadcrumbList\",\"@id\":\"https:\/\/www.csihelsinki.fi\/sv\/funktioner\/fakturering\/#breadcrumb\",\"itemListElement\":[{\"@type\":\"ListItem\",\"position\":1,\"name\":\"Etusivu\",\"item\":\"https:\/\/www.csihelsinki.fi\/sv\/\"},{\"@type\":\"ListItem\",\"position\":2,\"name\":\"Funktioner\",\"item\":\"https:\/\/www.csihelsinki.fi\/toiminnallisuus\/\"},{\"@type\":\"ListItem\",\"position\":3,\"name\":\"Fakturering\"}]},{\"@type\":\"WebSite\",\"@id\":\"https:\/\/www.csihelsinki.fi\/#website\",\"url\":\"https:\/\/www.csihelsinki.fi\/\",\"name\":\"Csi Helsinki home\",\"description\":\"CSI-ohjelmistot \u2013 enemm\u00e4n aikaa asianajotoiminnalle\",\"publisher\":{\"@id\":\"https:\/\/www.csihelsinki.fi\/#organization\"},\"potentialAction\":[{\"@type\":\"SearchAction\",\"target\":{\"@type\":\"EntryPoint\",\"urlTemplate\":\"https:\/\/www.csihelsinki.fi\/?s={search_term_string}\"},\"query-input\":{\"@type\":\"PropertyValueSpecification\",\"valueRequired\":true,\"valueName\":\"search_term_string\"}}],\"inLanguage\":\"sv-SE\"},{\"@type\":\"Organization\",\"@id\":\"https:\/\/www.csihelsinki.fi\/#organization\",\"name\":\"Csi Helsinki home\",\"url\":\"https:\/\/www.csihelsinki.fi\/\",\"logo\":{\"@type\":\"ImageObject\",\"inLanguage\":\"sv-SE\",\"@id\":\"https:\/\/www.csihelsinki.fi\/#\/schema\/logo\/image\/\",\"url\":\"https:\/\/www.csihelsinki.fi\/wp-content\/uploads\/2021\/06\/logo.png\",\"contentUrl\":\"https:\/\/www.csihelsinki.fi\/wp-content\/uploads\/2021\/06\/logo.png\",\"width\":130,\"height\":65,\"caption\":\"Csi Helsinki home\"},\"image\":{\"@id\":\"https:\/\/www.csihelsinki.fi\/#\/schema\/logo\/image\/\"}}]}<\/script>\n<!-- \/ Yoast SEO plugin. -->","yoast_head_json":{"title":"Digital fakturering sparar tid och papper","description":"CSI Lawyers digitala fakturering st\u00f6der skapande, verifiering och utskick av fakturor, vilket sparar b\u00e5de tid och papper.","robots":{"index":"index","follow":"follow","max-snippet":"max-snippet:-1","max-image-preview":"max-image-preview:large","max-video-preview":"max-video-preview:-1"},"canonical":"https:\/\/www.csihelsinki.fi\/sv\/funktioner\/fakturering\/","og_locale":"sv_SE","og_type":"article","og_title":"Digital fakturering sparar tid och papper","og_description":"CSI Lawyers digitala fakturering st\u00f6der skapande, verifiering och utskick av fakturor, vilket sparar b\u00e5de tid och papper.","og_url":"https:\/\/www.csihelsinki.fi\/sv\/funktioner\/fakturering\/","og_site_name":"Csi Helsinki home","article_modified_time":"2026-04-08T15:07:38+00:00","og_image":[{"width":2560,"height":1575,"url":"https:\/\/www.csihelsinki.fi\/wp-content\/uploads\/2021\/12\/Invoicing-ID-16553-scaled.jpg","type":"image\/jpeg"}],"twitter_card":"summary_large_image","schema":{"@context":"https:\/\/schema.org","@graph":[{"@type":"WebPage","@id":"https:\/\/www.csihelsinki.fi\/sv\/funktioner\/fakturering\/","url":"https:\/\/www.csihelsinki.fi\/sv\/funktioner\/fakturering\/","name":"Digital fakturering sparar tid och papper","isPartOf":{"@id":"https:\/\/www.csihelsinki.fi\/#website"},"primaryImageOfPage":{"@id":"https:\/\/www.csihelsinki.fi\/sv\/funktioner\/fakturering\/#primaryimage"},"image":{"@id":"https:\/\/www.csihelsinki.fi\/sv\/funktioner\/fakturering\/#primaryimage"},"thumbnailUrl":"http:\/\/www.csihelsinki.fi\/wp-content\/uploads\/2021\/12\/Invoicing-ID-16553-scaled.jpg","datePublished":"2021-11-19T08:56:36+00:00","dateModified":"2026-04-08T15:07:38+00:00","description":"CSI Lawyers digitala fakturering st\u00f6der skapande, verifiering och utskick av fakturor, vilket sparar b\u00e5de tid och papper.","breadcrumb":{"@id":"https:\/\/www.csihelsinki.fi\/sv\/funktioner\/fakturering\/#breadcrumb"},"inLanguage":"sv-SE","potentialAction":[{"@type":"ReadAction","target":["https:\/\/www.csihelsinki.fi\/sv\/funktioner\/fakturering\/"]}]},{"@type":"ImageObject","inLanguage":"sv-SE","@id":"https:\/\/www.csihelsinki.fi\/sv\/funktioner\/fakturering\/#primaryimage","url":"http:\/\/www.csihelsinki.fi\/wp-content\/uploads\/2021\/12\/Invoicing-ID-16553-scaled.jpg","contentUrl":"http:\/\/www.csihelsinki.fi\/wp-content\/uploads\/2021\/12\/Invoicing-ID-16553-scaled.jpg"},{"@type":"BreadcrumbList","@id":"https:\/\/www.csihelsinki.fi\/sv\/funktioner\/fakturering\/#breadcrumb","itemListElement":[{"@type":"ListItem","position":1,"name":"Etusivu","item":"https:\/\/www.csihelsinki.fi\/sv\/"},{"@type":"ListItem","position":2,"name":"Funktioner","item":"https:\/\/www.csihelsinki.fi\/toiminnallisuus\/"},{"@type":"ListItem","position":3,"name":"Fakturering"}]},{"@type":"WebSite","@id":"https:\/\/www.csihelsinki.fi\/#website","url":"https:\/\/www.csihelsinki.fi\/","name":"Csi Helsinki home","description":"CSI-ohjelmistot \u2013 enemm\u00e4n aikaa asianajotoiminnalle","publisher":{"@id":"https:\/\/www.csihelsinki.fi\/#organization"},"potentialAction":[{"@type":"SearchAction","target":{"@type":"EntryPoint","urlTemplate":"https:\/\/www.csihelsinki.fi\/?s={search_term_string}"},"query-input":{"@type":"PropertyValueSpecification","valueRequired":true,"valueName":"search_term_string"}}],"inLanguage":"sv-SE"},{"@type":"Organization","@id":"https:\/\/www.csihelsinki.fi\/#organization","name":"Csi Helsinki home","url":"https:\/\/www.csihelsinki.fi\/","logo":{"@type":"ImageObject","inLanguage":"sv-SE","@id":"https:\/\/www.csihelsinki.fi\/#\/schema\/logo\/image\/","url":"https:\/\/www.csihelsinki.fi\/wp-content\/uploads\/2021\/06\/logo.png","contentUrl":"https:\/\/www.csihelsinki.fi\/wp-content\/uploads\/2021\/06\/logo.png","width":130,"height":65,"caption":"Csi Helsinki home"},"image":{"@id":"https:\/\/www.csihelsinki.fi\/#\/schema\/logo\/image\/"}}]}},"_links":{"self":[{"href":"https:\/\/www.csihelsinki.fi\/sv\/wp-json\/wp\/v2\/pages\/11547","targetHints":{"allow":["GET"]}}],"collection":[{"href":"https:\/\/www.csihelsinki.fi\/sv\/wp-json\/wp\/v2\/pages"}],"about":[{"href":"https:\/\/www.csihelsinki.fi\/sv\/wp-json\/wp\/v2\/types\/page"}],"author":[{"embeddable":true,"href":"https:\/\/www.csihelsinki.fi\/sv\/wp-json\/wp\/v2\/users\/2"}],"replies":[{"embeddable":true,"href":"https:\/\/www.csihelsinki.fi\/sv\/wp-json\/wp\/v2\/comments?post=11547"}],"version-history":[{"count":15,"href":"https:\/\/www.csihelsinki.fi\/sv\/wp-json\/wp\/v2\/pages\/11547\/revisions"}],"predecessor-version":[{"id":15980,"href":"https:\/\/www.csihelsinki.fi\/sv\/wp-json\/wp\/v2\/pages\/11547\/revisions\/15980"}],"up":[{"embeddable":true,"href":"https:\/\/www.csihelsinki.fi\/sv\/wp-json\/wp\/v2\/pages\/11568"}],"wp:attachment":[{"href":"https:\/\/www.csihelsinki.fi\/sv\/wp-json\/wp\/v2\/media?parent=11547"}],"curies":[{"name":"wp","href":"https:\/\/api.w.org\/{rel}","templated":true}]}}