{"id":11537,"date":"2021-11-16T18:39:03","date_gmt":"2021-11-16T18:39:03","guid":{"rendered":"http:\/\/www.csihelsinki.fi\/legal-matter-process\/"},"modified":"2026-04-09T08:23:59","modified_gmt":"2026-04-09T08:23:59","slug":"arendehantering","status":"publish","type":"page","link":"https:\/\/www.csihelsinki.fi\/sv\/funktioner\/arendehantering\/","title":{"rendered":"\u00c4rendehantering"},"content":{"rendered":"\n<div class=\"wp-block-cover\"><span aria-hidden=\"true\" class=\"wp-block-cover__background has-background-dim-70 has-background-dim\" style=\"background-color:#0090a6\"><\/span><img loading=\"lazy\" decoding=\"async\" width=\"912\" height=\"600\" class=\"wp-block-cover__image-background wp-image-7344\" alt=\"\" src=\"http:\/\/www.csihelsinki.fi\/wp-content\/uploads\/2021\/09\/csi_hero_v002.png\" data-object-fit=\"cover\" srcset=\"https:\/\/www.csihelsinki.fi\/wp-content\/uploads\/2021\/09\/csi_hero_v002.png 912w, https:\/\/www.csihelsinki.fi\/wp-content\/uploads\/2021\/09\/csi_hero_v002-300x197.png 300w, https:\/\/www.csihelsinki.fi\/wp-content\/uploads\/2021\/09\/csi_hero_v002-768x505.png 768w\" sizes=\"auto, (max-width: 912px) 100vw, 912px\" \/><div class=\"wp-block-cover__inner-container is-layout-flow wp-block-cover-is-layout-flow\">\n<h1 class=\"wp-block-heading has-text-align-center\" id=\"arendeprocessen\">\u00c4rendehantering<\/h1>\n<\/div><\/div>\n\n\n\n<div style=\"height:50px\" aria-hidden=\"true\" class=\"wp-block-spacer\"><\/div>\n\n\n\n<div class=\"wp-block-columns page-content is-layout-flex wp-container-core-columns-is-layout-1 wp-block-columns-is-layout-flex\">\n<div class=\"wp-block-column is-layout-flow wp-block-column-is-layout-flow\" style=\"flex-basis:33.33%\">\n<h2 class=\"wp-block-heading\" id=\"vill-ni-effektivisera-arbetet-i-era-arendeteam-i-csi-lawyer-hanteras-arendeprocessen-i-sin-helhet-fran-start-till-mal-i-stallet-for-att-delas-upp-i-separata-funktioner\">Vill ni optimera \u00e4rendehanteringen i ert team? Med CSI Lawyer hanterar ni hela processen \u2013 fr\u00e5n b\u00f6rjan till slut \u2013 i ett system.<\/h2>\n\n\n\n<div style=\"height:50px\" aria-hidden=\"true\" class=\"wp-block-spacer\"><\/div>\n\n\n\n<div style=\"height:30px\" aria-hidden=\"true\" class=\"wp-block-spacer\"><\/div>\n<\/div>\n\n\n\n<div class=\"wp-block-column is-layout-flow wp-block-column-is-layout-flow\" style=\"flex-basis:66.66%\">\n<h3 class=\"wp-block-heading\" id=\"starta-arenden\">S\u00e5 skapas nya \u00e4renden<\/h3>\n\n\n\n<p>\u00c4rendeprocessen i CSI:s advokatsystem s\u00e4kerst\u00e4ller ett smidigt intag av nya juridiska \u00e4renden.<\/p>\n\n\n\n<p>Med hj\u00e4lp av \u00e4rendef\u00f6rfr\u00e5gningar g\u00e5r det enkelt att starta nya juridiska \u00e4renden i <a href=\"https:\/\/www.csihelsinki.fi\/sv\/losningar\/csi-lawyer\/\">CSI Lawyer<\/a>. F\u00f6rfr\u00e5gningsprocessen inleds n\u00e4r en jurist, utifr\u00e5n den information som finns tillg\u00e4nglig, anger informationen om det nya \u00e4rendet i programvaran. F\u00f6rfr\u00e5gan g\u00e5r sedan vidare genom att olika parter f\u00e5r m\u00f6jlighet att kontrollera \u00e4rende- och klientinformation, uppt\u00e4cka eventuella risker f\u00f6r j\u00e4v och inleda de processer f\u00f6r klientk\u00e4nnedom som kr\u00e4vs f\u00f6r att uppfylla kraven i penningtv\u00e4ttslagen. Den smidiga startprocessen g\u00f6r teamet v\u00e4l f\u00f6rberett f\u00f6r de senare faserna i \u00e4rendet.<\/p>\n\n\n\n<p>Medan ni v\u00e4ntar p\u00e5 att de n\u00f6dv\u00e4ndiga inledande \u00e5tg\u00e4rderna ska utf\u00f6ras kan programvaran anv\u00e4ndas f\u00f6r att hantera \u00e4rendef\u00f6rfr\u00e5gan, definiera \u00e4rendets priss\u00e4ttning som \u00f6verenskommits med klienten, arbeta med \u00e4rendets uppgifter och registrera arbetstid i \u00e4rendet. N\u00e4r \u00e4rendef\u00f6rfr\u00e5gan \u00e4r redo att omvandlas till ett verkligt \u00e4rende \u00f6verf\u00f6rs \u00e4ven redan registrerade tider, prisuppgifter osv.<\/p>\n\n\n\n<div style=\"height:30px\" aria-hidden=\"true\" class=\"wp-block-spacer\"><\/div>\n\n\n\n<hr class=\"wp-block-separator has-text-color has-css-opacity has-background is-style-default\" style=\"background-color:#89d4e3;color:#89d4e3\"\/>\n\n\n\n<div style=\"height:30px\" aria-hidden=\"true\" class=\"wp-block-spacer\"><\/div>\n\n\n\n<h3 class=\"wp-block-heading\" id=\"javskontroller\">J\u00e4vskontroller<\/h3>\n\n\n\n<p>Det finns flera s\u00e4tt att utf\u00f6ra j\u00e4vskontroller i CSI Lawyer. Det mest effectiva s\u00e4ttet \u00e4r att g\u00f6ra en j\u00e4vss\u00f6kning, vilket visar om klienten har varit medpart, motpart eller haft n\u00e5gon annan roll i n\u00e5got av de \u00e4renden som har sparats i programvaran.<\/p>\n\n\n\n<p>Ett mer omfattande alternativ \u00e4r j\u00e4vskontrollen som ocks\u00e5 sparas i programvaran. Den inneb\u00e4r att potentiella intressekonflikter identifieras s\u00e5v\u00e4l f\u00f6r den ansvariga juristen som f\u00f6r andra parter inom \u00e4rendet. Kontrollen kan ocks\u00e5 kompletteras genom att skicka en j\u00e4vsf\u00f6rfr\u00e5gan om potentiella konflikter via e-post till t.ex. partners eller samtliga anst\u00e4llda f\u00f6r att s\u00e4kerst\u00e4lla att det inte finns n\u00e5gra andra hinder f\u00f6r byr\u00e5n att \u00e5ta sig \u00e4rendet. Om det finns andra \u00e4n j\u00e4vsrelaterade hinder f\u00f6r att ta emot \u00e4renden av en viss klient kan man l\u00e4gga till klienten p\u00e5 en svart lista.<\/p>\n\n\n\n<div style=\"height:30px\" aria-hidden=\"true\" class=\"wp-block-spacer\"><\/div>\n\n\n\n<hr class=\"wp-block-separator has-text-color has-css-opacity has-background\" style=\"background-color:#89d4e3;color:#89d4e3\"\/>\n\n\n\n<div style=\"height:30px\" aria-hidden=\"true\" class=\"wp-block-spacer\"><\/div>\n\n\n\n<h3 class=\"wp-block-heading\" id=\"uppfylla-kyc-ataganden\">Uppfylla KYC-\u00e5taganden <\/h3>\n\n\n\n<p>Enligt penningtv\u00e4ttslagen m\u00e5ste advokatbyr\u00e5er inh\u00e4mta tillr\u00e4cklig klientk\u00e4nnedom (KYC) och bekr\u00e4fta detta f\u00f6r varje \u00e4rende. I CSI Lawyer anger ni identifieringsniv\u00e5 och identifieringsintervall f\u00f6r varje klient. Systemet meddelar automatiskt n\u00e4r en ny identifiering kr\u00e4vs vid \u00f6ppnande av nya \u00e4rende.<\/p>\n\n\n\n<p>Den faktiska identifieringsprocessen genomf\u00f6rs utanf\u00f6r CSI Lawyer, men f\u00f6rloppet kan f\u00f6ljas i programvaran och uppdraget kan ocks\u00e5 hanteras d\u00e4r under tiden. Programvaran kan integreras med KYC-tj\u00e4nsterna Lundify Compliance och DOKS.<\/p>\n\n\n\n<div style=\"height:30px\" aria-hidden=\"true\" class=\"wp-block-spacer\"><\/div>\n\n\n\n<hr class=\"wp-block-separator has-text-color has-css-opacity has-background\" style=\"background-color:#89d4e3;color:#89d4e3\"\/>\n\n\n\n<div style=\"height:30px\" aria-hidden=\"true\" class=\"wp-block-spacer\"><\/div>\n\n\n\n<h3 class=\"wp-block-heading\" id=\"prissattning\">Priss\u00e4ttning<\/h3>\n\n\n\n<p>Systemet inneh\u00e5ller flera olika funktioner f\u00f6r att hantera priss\u00e4ttning. Timpriser kan anges p\u00e5 flera olika niv\u00e5er, och priset f\u00f6r en enskild transaktion avg\u00f6rs sedan av timprishierarkin i programvaran. Baspriset f\u00f6r en viss anv\u00e4ndare eller \u00e4tg\u00e5rdstyp kan \u00f6verskrivas p\u00e5 klient- eller \u00e4rendeniv\u00e5.<\/p>\n\n\n\n<p>Ytterligare priss\u00e4ttningsalternativ f\u00e5s genom att anv\u00e4nda en anv\u00e4ndar- eller rollspecifik priss\u00e4ttningsmodell som f\u00f6r\u00e4ndrar prishierarkin. F\u00f6r att underl\u00e4tta priss\u00e4ttning f\u00f6r olika klientgrupper kan separata roll- och personbaserade prislistor skapas och kopplas till klienter.<\/p>\n\n\n\n<p>Ut\u00f6ver timbaserad priss\u00e4ttning kan man \u00e4ven anv\u00e4nda enhetspriser och fasta priser i programvaran. Vid behov kan \u00e4ven pristak eller fast pris anges f\u00f6r \u00e4rendet.<\/p>\n\n\n\n<p>F\u00f6r klienter som regelbundet beh\u00f6ver juridiska tj\u00e4nster kan man anv\u00e4nda sig av prenumerationspriss\u00e4ttning. Det inneb\u00e4r att en fakturerbar transaktion skapas automatiskt f\u00f6r \u00e4rendet med \u00f6verenskommet pris och intervall, till exempel en g\u00e5ng per m\u00e5nad. Det faktiska arbete som utf\u00f6rts inom tj\u00e4nsten kan fortfarande registreras i programvaran och bifogas prenumerationsavgiften som nollprissatta registreringar.<\/p>\n\n\n\n<div style=\"height:30px\" aria-hidden=\"true\" class=\"wp-block-spacer\"><\/div>\n\n\n\n<hr class=\"wp-block-separator has-text-color has-css-opacity has-background\" style=\"background-color:#89d4e3;color:#89d4e3\"\/>\n\n\n\n<div style=\"height:30px\" aria-hidden=\"true\" class=\"wp-block-spacer\"><\/div>\n\n\n\n<h3 class=\"wp-block-heading\" id=\"hantera-anvandarrattigheter\">Hantera anv\u00e4ndarr\u00e4ttigheter<\/h3>\n\n\n\n<p>\u00c5tkomstr\u00e4ttigheter f\u00f6r \u00e4renden kan definieras p\u00e5 flera s\u00e4tt, med hj\u00e4lp av anv\u00e4ndartyper, anv\u00e4ndargrupper, medarbetarroller och relaterade parametrar. Anv\u00e4ndare som beh\u00f6ver \u00e5tkomst till ett \u00e4rende kan tilldelas en relevant ansvarsroll eller l\u00e4ggas till som teammedlem i \u00e4rendet. \u00c5tkomst till ett \u00e4rende kan begr\u00e4nsas genom att definiera det som ett insider\u00e4rende eller genom att begr\u00e4nsa \u00e4rendets synlighet till specifika grupper via anv\u00e4nderr\u00e4ttigheter.<\/p>\n\n\n\n<p>Om CSI Lawyer har integrerats med ett dokumenthanteringssystem g\u00e4ller definierade \u00e5tkomstr\u00e4ttigheter \u00e4ven f\u00f6r alla relaterade dokument.<\/p>\n\n\n\n<div style=\"height:30px\" aria-hidden=\"true\" class=\"wp-block-spacer\"><\/div>\n\n\n\n<hr class=\"wp-block-separator has-text-color has-css-opacity has-background\" style=\"background-color:#89d4e3;color:#89d4e3\"\/>\n\n\n\n<div style=\"height:30px\" aria-hidden=\"true\" class=\"wp-block-spacer\"><\/div>\n\n\n\n<h3 class=\"wp-block-heading\" id=\"stanga-arenden\">Avsluta \u00e4renden<\/h3>\n\n\n\n<p>N\u00e4r \u00e4rendet har slutf\u00f6rts \u00e4r det bra att avsluta det i CSI Lawyer s\u00e5 att det inte ligger kvar i listan \u00f6ver aktiva \u00e4renden. Informationen fr\u00e5n ett v\u00e4l genomf\u00f6rt \u00e4rende kan \u00e5teranv\u00e4ndas senare, till exempel f\u00f6r utv\u00e4rdering av arbetsbelastningen i nya \u00e4renden eller f\u00f6r marknadsf\u00f6ring.<\/p>\n\n\n\n<p>N\u00e4r ett \u00e4rende har avslutats kan det \u00e4ven arkiveras, vilket inneb\u00e4r att information om var de \u00e4renderelaterade dokumenten har lagrats, fysiskt eller digitalt, sparas i programvaran.<\/p>\n\n\n\n<div style=\"height:30px\" aria-hidden=\"true\" class=\"wp-block-spacer\"><\/div>\n\n\n\n<p><\/p>\n<\/div>\n<\/div>\n\n\n\n<div class=\"wp-block-columns bg-gray is-layout-flex wp-container-core-columns-is-layout-3 wp-block-columns-is-layout-flex\">\n<div class=\"wp-block-column is-layout-flow wp-block-column-is-layout-flow\" style=\"flex-basis:100%\">\n<div class=\"wp-block-columns page-content is-layout-flex wp-container-core-columns-is-layout-2 wp-block-columns-is-layout-flex\">\n<div class=\"wp-block-column is-layout-flow wp-block-column-is-layout-flow\" style=\"flex-basis:33.33%\">\n<h2 class=\"wp-block-heading\" id=\"las-om-ovriga-funktioner\">L\u00e4s ocks\u00e5 om <\/h2>\n<\/div>\n\n\n\n<div class=\"wp-block-column is-layout-flow wp-block-column-is-layout-flow\" style=\"flex-basis:32%\">\n<p class=\"arrow-right text-jumbo\"><a href=\"https:\/\/www.csihelsinki.fi\/sv\/funktioner\/tidregistrering\/\"><strong>Tidregistrering<\/strong><\/a><\/p>\n\n\n\n<p class=\"arrow-right text-jumbo\"><a href=\"https:\/\/www.csihelsinki.fi\/sv\/funktioner\/fakturering\/\"><strong>Fakturering<\/strong><\/a><\/p>\n\n\n\n<p class=\"arrow-right text-jumbo\"><strong><a href=\"https:\/\/www.csihelsinki.fi\/sv\/foretaget\/partners\/netdocuments-2\/\">Dokumenthantering<\/a><\/strong><\/p>\n<\/div>\n\n\n\n<div class=\"wp-block-column is-layout-flow wp-block-column-is-layout-flow\" style=\"flex-basis:32%\">\n<p class=\"arrow-right text-jumbo\"><strong><a href=\"https:\/\/www.csihelsinki.fi\/sv\/funktioner\/rapportering\/\">Rapportering<\/a><\/strong><\/p>\n\n\n\n<p class=\"arrow-right text-jumbo\"><a data-type=\"page\" href=\"https:\/\/www.csihelsinki.fi\/sv\/losningar\/fordelar\/\"><strong>In<\/strong><\/a><strong><a href=\"https:\/\/www.csihelsinki.fi\/sv\/losningar\/integrationer\/\">tegrationer<\/a><\/strong><\/p>\n\n\n\n<p class=\"arrow-right text-jumbo\"><a href=\"https:\/\/www.csihelsinki.fi\/sv\/losningar\/fordelar\/\"><strong>F\u00f6rdelar<\/strong><\/a><\/p>\n<\/div>\n<\/div>\n\n\n\n<p><\/p>\n<\/div>\n<\/div>\n\n\n\n<p><\/p>\n","protected":false},"excerpt":{"rendered":"","protected":false},"author":2,"featured_media":0,"parent":11568,"menu_order":1,"comment_status":"closed","ping_status":"closed","template":"","meta":{"_acf_changed":false,"footnotes":""},"class_list":["post-11537","page","type-page","status-publish","hentry"],"acf":[],"yoast_head":"<!-- This site is optimized with the Yoast SEO plugin v26.8 - https:\/\/yoast.com\/product\/yoast-seo-wordpress\/ -->\n<title>CSI Lawyer optimerar den juridiska \u00e4rendehanteringen<\/title>\n<meta name=\"description\" content=\"CSI Lawyer effektiviserar verksamheten genom att optimera den juridiska \u00e4rendehanteringen fr\u00e5n \u00e4rendeintag till -avslutning.\" \/>\n<meta name=\"robots\" content=\"index, follow, max-snippet:-1, max-image-preview:large, max-video-preview:-1\" \/>\n<link rel=\"canonical\" href=\"https:\/\/www.csihelsinki.fi\/sv\/funktioner\/arendehantering\/\" \/>\n<meta property=\"og:locale\" content=\"sv_SE\" \/>\n<meta property=\"og:type\" content=\"article\" \/>\n<meta property=\"og:title\" content=\"CSI Lawyer optimerar den juridiska \u00e4rendehanteringen\" \/>\n<meta property=\"og:description\" content=\"CSI Lawyer effektiviserar verksamheten genom att optimera den juridiska \u00e4rendehanteringen fr\u00e5n \u00e4rendeintag till -avslutning.\" \/>\n<meta property=\"og:url\" content=\"https:\/\/www.csihelsinki.fi\/sv\/funktioner\/arendehantering\/\" \/>\n<meta property=\"og:site_name\" content=\"Csi Helsinki home\" \/>\n<meta property=\"article:modified_time\" content=\"2026-04-09T08:23:59+00:00\" \/>\n<meta property=\"og:image\" content=\"https:\/\/www.csihelsinki.fi\/wp-content\/uploads\/2021\/09\/csi_hero_v002.png\" \/>\n\t<meta property=\"og:image:width\" content=\"912\" \/>\n\t<meta property=\"og:image:height\" content=\"600\" \/>\n\t<meta property=\"og:image:type\" content=\"image\/png\" \/>\n<meta name=\"twitter:card\" content=\"summary_large_image\" \/>\n<script type=\"application\/ld+json\" class=\"yoast-schema-graph\">{\"@context\":\"https:\/\/schema.org\",\"@graph\":[{\"@type\":\"WebPage\",\"@id\":\"https:\/\/www.csihelsinki.fi\/sv\/funktioner\/arendehantering\/\",\"url\":\"https:\/\/www.csihelsinki.fi\/sv\/funktioner\/arendehantering\/\",\"name\":\"CSI Lawyer optimerar den juridiska \u00e4rendehanteringen\",\"isPartOf\":{\"@id\":\"https:\/\/www.csihelsinki.fi\/#website\"},\"primaryImageOfPage\":{\"@id\":\"https:\/\/www.csihelsinki.fi\/sv\/funktioner\/arendehantering\/#primaryimage\"},\"image\":{\"@id\":\"https:\/\/www.csihelsinki.fi\/sv\/funktioner\/arendehantering\/#primaryimage\"},\"thumbnailUrl\":\"http:\/\/www.csihelsinki.fi\/wp-content\/uploads\/2021\/09\/csi_hero_v002.png\",\"datePublished\":\"2021-11-16T18:39:03+00:00\",\"dateModified\":\"2026-04-09T08:23:59+00:00\",\"description\":\"CSI Lawyer effektiviserar verksamheten genom att optimera den juridiska \u00e4rendehanteringen fr\u00e5n \u00e4rendeintag till -avslutning.\",\"breadcrumb\":{\"@id\":\"https:\/\/www.csihelsinki.fi\/sv\/funktioner\/arendehantering\/#breadcrumb\"},\"inLanguage\":\"sv-SE\",\"potentialAction\":[{\"@type\":\"ReadAction\",\"target\":[\"https:\/\/www.csihelsinki.fi\/sv\/funktioner\/arendehantering\/\"]}]},{\"@type\":\"ImageObject\",\"inLanguage\":\"sv-SE\",\"@id\":\"https:\/\/www.csihelsinki.fi\/sv\/funktioner\/arendehantering\/#primaryimage\",\"url\":\"http:\/\/www.csihelsinki.fi\/wp-content\/uploads\/2021\/09\/csi_hero_v002.png\",\"contentUrl\":\"http:\/\/www.csihelsinki.fi\/wp-content\/uploads\/2021\/09\/csi_hero_v002.png\"},{\"@type\":\"BreadcrumbList\",\"@id\":\"https:\/\/www.csihelsinki.fi\/sv\/funktioner\/arendehantering\/#breadcrumb\",\"itemListElement\":[{\"@type\":\"ListItem\",\"position\":1,\"name\":\"Etusivu\",\"item\":\"https:\/\/www.csihelsinki.fi\/sv\/\"},{\"@type\":\"ListItem\",\"position\":2,\"name\":\"Funktioner\",\"item\":\"https:\/\/www.csihelsinki.fi\/toiminnallisuus\/\"},{\"@type\":\"ListItem\",\"position\":3,\"name\":\"\u00c4rendehantering\"}]},{\"@type\":\"WebSite\",\"@id\":\"https:\/\/www.csihelsinki.fi\/#website\",\"url\":\"https:\/\/www.csihelsinki.fi\/\",\"name\":\"Csi Helsinki home\",\"description\":\"CSI-ohjelmistot \u2013 enemm\u00e4n aikaa asianajotoiminnalle\",\"publisher\":{\"@id\":\"https:\/\/www.csihelsinki.fi\/#organization\"},\"potentialAction\":[{\"@type\":\"SearchAction\",\"target\":{\"@type\":\"EntryPoint\",\"urlTemplate\":\"https:\/\/www.csihelsinki.fi\/?s={search_term_string}\"},\"query-input\":{\"@type\":\"PropertyValueSpecification\",\"valueRequired\":true,\"valueName\":\"search_term_string\"}}],\"inLanguage\":\"sv-SE\"},{\"@type\":\"Organization\",\"@id\":\"https:\/\/www.csihelsinki.fi\/#organization\",\"name\":\"Csi Helsinki home\",\"url\":\"https:\/\/www.csihelsinki.fi\/\",\"logo\":{\"@type\":\"ImageObject\",\"inLanguage\":\"sv-SE\",\"@id\":\"https:\/\/www.csihelsinki.fi\/#\/schema\/logo\/image\/\",\"url\":\"https:\/\/www.csihelsinki.fi\/wp-content\/uploads\/2021\/06\/logo.png\",\"contentUrl\":\"https:\/\/www.csihelsinki.fi\/wp-content\/uploads\/2021\/06\/logo.png\",\"width\":130,\"height\":65,\"caption\":\"Csi Helsinki home\"},\"image\":{\"@id\":\"https:\/\/www.csihelsinki.fi\/#\/schema\/logo\/image\/\"}}]}<\/script>\n<!-- \/ Yoast SEO plugin. -->","yoast_head_json":{"title":"CSI Lawyer optimerar den juridiska \u00e4rendehanteringen","description":"CSI Lawyer effektiviserar verksamheten genom att optimera den juridiska \u00e4rendehanteringen fr\u00e5n \u00e4rendeintag till -avslutning.","robots":{"index":"index","follow":"follow","max-snippet":"max-snippet:-1","max-image-preview":"max-image-preview:large","max-video-preview":"max-video-preview:-1"},"canonical":"https:\/\/www.csihelsinki.fi\/sv\/funktioner\/arendehantering\/","og_locale":"sv_SE","og_type":"article","og_title":"CSI Lawyer optimerar den juridiska \u00e4rendehanteringen","og_description":"CSI Lawyer effektiviserar verksamheten genom att optimera den juridiska \u00e4rendehanteringen fr\u00e5n \u00e4rendeintag till -avslutning.","og_url":"https:\/\/www.csihelsinki.fi\/sv\/funktioner\/arendehantering\/","og_site_name":"Csi Helsinki home","article_modified_time":"2026-04-09T08:23:59+00:00","og_image":[{"width":912,"height":600,"url":"https:\/\/www.csihelsinki.fi\/wp-content\/uploads\/2021\/09\/csi_hero_v002.png","type":"image\/png"}],"twitter_card":"summary_large_image","schema":{"@context":"https:\/\/schema.org","@graph":[{"@type":"WebPage","@id":"https:\/\/www.csihelsinki.fi\/sv\/funktioner\/arendehantering\/","url":"https:\/\/www.csihelsinki.fi\/sv\/funktioner\/arendehantering\/","name":"CSI Lawyer optimerar den juridiska \u00e4rendehanteringen","isPartOf":{"@id":"https:\/\/www.csihelsinki.fi\/#website"},"primaryImageOfPage":{"@id":"https:\/\/www.csihelsinki.fi\/sv\/funktioner\/arendehantering\/#primaryimage"},"image":{"@id":"https:\/\/www.csihelsinki.fi\/sv\/funktioner\/arendehantering\/#primaryimage"},"thumbnailUrl":"http:\/\/www.csihelsinki.fi\/wp-content\/uploads\/2021\/09\/csi_hero_v002.png","datePublished":"2021-11-16T18:39:03+00:00","dateModified":"2026-04-09T08:23:59+00:00","description":"CSI Lawyer effektiviserar verksamheten genom att optimera den juridiska \u00e4rendehanteringen fr\u00e5n \u00e4rendeintag till -avslutning.","breadcrumb":{"@id":"https:\/\/www.csihelsinki.fi\/sv\/funktioner\/arendehantering\/#breadcrumb"},"inLanguage":"sv-SE","potentialAction":[{"@type":"ReadAction","target":["https:\/\/www.csihelsinki.fi\/sv\/funktioner\/arendehantering\/"]}]},{"@type":"ImageObject","inLanguage":"sv-SE","@id":"https:\/\/www.csihelsinki.fi\/sv\/funktioner\/arendehantering\/#primaryimage","url":"http:\/\/www.csihelsinki.fi\/wp-content\/uploads\/2021\/09\/csi_hero_v002.png","contentUrl":"http:\/\/www.csihelsinki.fi\/wp-content\/uploads\/2021\/09\/csi_hero_v002.png"},{"@type":"BreadcrumbList","@id":"https:\/\/www.csihelsinki.fi\/sv\/funktioner\/arendehantering\/#breadcrumb","itemListElement":[{"@type":"ListItem","position":1,"name":"Etusivu","item":"https:\/\/www.csihelsinki.fi\/sv\/"},{"@type":"ListItem","position":2,"name":"Funktioner","item":"https:\/\/www.csihelsinki.fi\/toiminnallisuus\/"},{"@type":"ListItem","position":3,"name":"\u00c4rendehantering"}]},{"@type":"WebSite","@id":"https:\/\/www.csihelsinki.fi\/#website","url":"https:\/\/www.csihelsinki.fi\/","name":"Csi Helsinki home","description":"CSI-ohjelmistot \u2013 enemm\u00e4n aikaa asianajotoiminnalle","publisher":{"@id":"https:\/\/www.csihelsinki.fi\/#organization"},"potentialAction":[{"@type":"SearchAction","target":{"@type":"EntryPoint","urlTemplate":"https:\/\/www.csihelsinki.fi\/?s={search_term_string}"},"query-input":{"@type":"PropertyValueSpecification","valueRequired":true,"valueName":"search_term_string"}}],"inLanguage":"sv-SE"},{"@type":"Organization","@id":"https:\/\/www.csihelsinki.fi\/#organization","name":"Csi Helsinki home","url":"https:\/\/www.csihelsinki.fi\/","logo":{"@type":"ImageObject","inLanguage":"sv-SE","@id":"https:\/\/www.csihelsinki.fi\/#\/schema\/logo\/image\/","url":"https:\/\/www.csihelsinki.fi\/wp-content\/uploads\/2021\/06\/logo.png","contentUrl":"https:\/\/www.csihelsinki.fi\/wp-content\/uploads\/2021\/06\/logo.png","width":130,"height":65,"caption":"Csi Helsinki home"},"image":{"@id":"https:\/\/www.csihelsinki.fi\/#\/schema\/logo\/image\/"}}]}},"_links":{"self":[{"href":"https:\/\/www.csihelsinki.fi\/sv\/wp-json\/wp\/v2\/pages\/11537","targetHints":{"allow":["GET"]}}],"collection":[{"href":"https:\/\/www.csihelsinki.fi\/sv\/wp-json\/wp\/v2\/pages"}],"about":[{"href":"https:\/\/www.csihelsinki.fi\/sv\/wp-json\/wp\/v2\/types\/page"}],"author":[{"embeddable":true,"href":"https:\/\/www.csihelsinki.fi\/sv\/wp-json\/wp\/v2\/users\/2"}],"replies":[{"embeddable":true,"href":"https:\/\/www.csihelsinki.fi\/sv\/wp-json\/wp\/v2\/comments?post=11537"}],"version-history":[{"count":14,"href":"https:\/\/www.csihelsinki.fi\/sv\/wp-json\/wp\/v2\/pages\/11537\/revisions"}],"predecessor-version":[{"id":15991,"href":"https:\/\/www.csihelsinki.fi\/sv\/wp-json\/wp\/v2\/pages\/11537\/revisions\/15991"}],"up":[{"embeddable":true,"href":"https:\/\/www.csihelsinki.fi\/sv\/wp-json\/wp\/v2\/pages\/11568"}],"wp:attachment":[{"href":"https:\/\/www.csihelsinki.fi\/sv\/wp-json\/wp\/v2\/media?parent=11537"}],"curies":[{"name":"wp","href":"https:\/\/api.w.org\/{rel}","templated":true}]}}