{"id":11502,"date":"2021-11-16T14:19:57","date_gmt":"2021-11-16T14:19:57","guid":{"rendered":"http:\/\/www.csihelsinki.fi\/company\/csi-helsinki\/"},"modified":"2025-10-05T20:44:12","modified_gmt":"2025-10-05T20:44:12","slug":"csi-helsinki","status":"publish","type":"page","link":"https:\/\/www.csihelsinki.fi\/sv\/foretaget\/csi-helsinki\/","title":{"rendered":"CSI Helsinki"},"content":{"rendered":"\n<div class=\"wp-block-cover\"><span aria-hidden=\"true\" class=\"wp-block-cover__background has-background-dim-70 has-background-dim\" style=\"background-color:#0090a6\"><\/span><img loading=\"lazy\" decoding=\"async\" width=\"1491\" height=\"733\" class=\"wp-block-cover__image-background wp-image-6387\" alt=\"\" src=\"http:\/\/www.csihelsinki.fi\/wp-content\/uploads\/2021\/08\/Vilhonvuorenkatu-1491x733-1.jpg\" data-object-fit=\"cover\" srcset=\"https:\/\/www.csihelsinki.fi\/wp-content\/uploads\/2021\/08\/Vilhonvuorenkatu-1491x733-1.jpg 1491w, https:\/\/www.csihelsinki.fi\/wp-content\/uploads\/2021\/08\/Vilhonvuorenkatu-1491x733-1-300x147.jpg 300w, https:\/\/www.csihelsinki.fi\/wp-content\/uploads\/2021\/08\/Vilhonvuorenkatu-1491x733-1-1024x503.jpg 1024w, https:\/\/www.csihelsinki.fi\/wp-content\/uploads\/2021\/08\/Vilhonvuorenkatu-1491x733-1-768x378.jpg 768w\" sizes=\"auto, (max-width: 1491px) 100vw, 1491px\" \/><div class=\"wp-block-cover__inner-container is-layout-flow wp-block-cover-is-layout-flow\">\n<h1 class=\"wp-block-heading has-text-align-center\" id=\"csi-helsinki\">CSI Helsinki<\/h1>\n<\/div><\/div>\n\n\n\n<div style=\"height:50px\" aria-hidden=\"true\" class=\"wp-block-spacer\"><\/div>\n\n\n\n<div class=\"wp-block-columns page-content is-layout-flex wp-container-core-columns-is-layout-3 wp-block-columns-is-layout-flex\">\n<div class=\"wp-block-column is-layout-flow wp-block-column-is-layout-flow\" style=\"flex-basis:33.33%\">\n<h2 class=\"wp-block-heading\" id=\"csi-star-for-creative-software-innovations-vi-ar-ett-programvaruforetag-som-specialiserat-oss-pa-losningar-for-juristbranschen\">CSI st\u00e5r f\u00f6r \u201dCreative Software Innovations\u201d. Vi \u00e4r ett programvaruf\u00f6retag som \u00e4r specialiserade p\u00e5 l\u00f6sningar f\u00f6r juristbranschen.<\/h2>\n\n\n\n<h1 class=\"wp-block-heading\"><\/h1>\n\n\n\n<div class=\"wp-block-columns is-layout-flex wp-container-core-columns-is-layout-1 wp-block-columns-is-layout-flex\">\n<div class=\"wp-block-column is-layout-flow wp-block-column-is-layout-flow\" style=\"flex-basis:25%\"><\/div>\n\n\n\n<div class=\"wp-block-column is-layout-flow wp-block-column-is-layout-flow\" style=\"flex-basis:50%\">\n<figure class=\"wp-block-image size-full\"><img loading=\"lazy\" decoding=\"async\" width=\"250\" height=\"200\" src=\"https:\/\/www.csihelsinki.fi\/wp-content\/uploads\/2024\/09\/KL-KestoMenestyjat-11v-Sinetti-2024-SE-RGB-200px.png\" alt=\"\" class=\"wp-image-15016\"\/><\/figure>\n<\/div>\n\n\n\n<div class=\"wp-block-column is-layout-flow wp-block-column-is-layout-flow\" style=\"flex-basis:25%\"><\/div>\n<\/div>\n\n\n\n<div class=\"wp-block-columns is-layout-flex wp-container-core-columns-is-layout-2 wp-block-columns-is-layout-flex\">\n<div class=\"wp-block-column is-layout-flow wp-block-column-is-layout-flow\" style=\"flex-basis:25%\"><\/div>\n\n\n\n<div class=\"wp-block-column is-layout-flow wp-block-column-is-layout-flow\" style=\"flex-basis:50%\"><\/div>\n\n\n\n<div class=\"wp-block-column is-layout-flow wp-block-column-is-layout-flow\" style=\"flex-basis:25%\"><\/div>\n<\/div>\n<\/div>\n\n\n\n<div class=\"wp-block-column is-layout-flow wp-block-column-is-layout-flow\" style=\"flex-basis:66.66%\">\n<p>CSI Helsinki \u00e4r r\u00e4tt advokatsystem f\u00f6r\u00a0er\u00a0advokatbyr\u00e5 om ni beh\u00f6ver en komplett programvara som utvecklas kontinuerligt. Samtidigt f\u00e5r ni en p\u00e5litlig partner som m\u00e5lmedvetet hj\u00e4lper er att effektivisera f\u00f6retagets processer.<\/p>\n\n\n\n<p>Vi \u00e4r en del av programvarukoncernen <a href=\"https:\/\/saarnicloud.com\/en\/\" target=\"_blank\" rel=\"noreferrer noopener\"><strong>Saarni<\/strong> <strong>Cloud<\/strong><\/a> som erbjuder moderna SaaS-tj\u00e4nster inom personaladministration, l\u00e4rande, arbetstidsregistrering, ekonomif\u00f6rvaltning och analys.<\/p>\n\n\n\n<div style=\"height:30px\" aria-hidden=\"true\" class=\"wp-block-spacer\"><\/div>\n\n\n\n<h2 class=\"wp-block-heading\" id=\"vart-uppdrag\">V\u00e5r mission<\/h2>\n\n\n\n<p>Sedan 1985 har v\u00e5rt m\u00e5l varit att f\u00f6renkla advokatbyr\u00e5ernas vardag och bidra till deras framg\u00e5ng med verktyg som st\u00f6djer verksamhetens utveckling.<\/p>\n\n\n\n<p>I&nbsp;dag finns det cirka 4000 anv\u00e4ndare som anv\u00e4nder CSI, bland annat 75&nbsp;% av Finlands 30 fr\u00e4msta advokatbyr\u00e5er, ledande advokatbyr\u00e5er i Sverige och Baltikum samt hundratals mindre leverant\u00f6rer av juridiska tj\u00e4nster. Vi har allts\u00e5 god f\u00f6rst\u00e5else kring vilka utmaningar s\u00e5v\u00e4l stora som sm\u00e5 kunder st\u00e5r inf\u00f6r och v\u00e5rt m\u00e5l \u00e4r att erbjuda varje kund en l\u00f6sning som passar just deras behov.<\/p>\n\n\n\n<div style=\"height:30px\" aria-hidden=\"true\" class=\"wp-block-spacer\"><\/div>\n\n\n\n<h2 class=\"wp-block-heading\" id=\"var-vision\">V\u00e5r vision<\/h2>\n\n\n\n<p>V\u00e5r vision \u00e4r att vara f\u00f6rstahandsvalet f\u00f6r advokatbyr\u00e5er i \u00d6stersj\u00f6omr\u00e5det som \u00f6verv\u00e4ger att byta ut sitt nuvarande advokatsystem.<\/p>\n\n\n\n<p>Vi fokuserar p\u00e5 att f\u00f6lja och f\u00f6rdjupa v\u00e5r f\u00f6rst\u00e5else av varje lands praxis och lagstiftning i Finland, Norden och Baltikum. Samtidigt bidrar varje kunds specifika behov och prioriteringar till utvecklingen av funktioner i CSI Lawyer.<\/p>\n\n\n\n<div style=\"height:30px\" aria-hidden=\"true\" class=\"wp-block-spacer\"><\/div>\n\n\n\n<h2 class=\"wp-block-heading\" id=\"vara-principer\">V\u00e5ra principer<\/h2>\n\n\n\n<p>V\u00e5r f\u00f6retagskultur \u00e4r starkt kundfokuserad. Kvaliteten p\u00e5 v\u00e5ra programvaruprodukter, v\u00e5ra teams expertkunskaper\u00a0och\u00a0en exceptionell kundservice \u00e4r hederssaker f\u00f6r oss. V\u00e5rt m\u00e5l \u00e4r att alla kunder som v\u00e4ljer CSI Lawyer ska vara n\u00f6jda med sitt val.<\/p>\n\n\n\n<p>V\u00e5ra principer \u00e4r:<\/p>\n\n\n\n<ul class=\"wp-block-list\">\n<li>n\u00e4ra samarbete med kunderna<\/li>\n\n\n\n<li>att f\u00f6rtj\u00e4na kundernas f\u00f6rtroende<\/li>\n\n\n\n<li>kvalitet i allt vi g\u00f6r<\/li>\n\n\n\n<li>en god arbetsmilj\u00f6 som i sin tur g\u00f6r oss till en bra partner.<\/li>\n<\/ul>\n\n\n\n<p>L\u00e4s mer om v\u00e5ra teammedlemmar <a href=\"https:\/\/www.csihelsinki.fi\/sv\/foretaget\/teamet\/\"><span style=\"text-decoration: underline;\">h\u00e4r<\/span>.<\/a><\/p>\n\n\n\n<div style=\"height:30px\" aria-hidden=\"true\" class=\"wp-block-spacer\"><\/div>\n\n\n\n<p><\/p>\n<\/div>\n<\/div>\n","protected":false},"excerpt":{"rendered":"","protected":false},"author":2,"featured_media":0,"parent":11050,"menu_order":1,"comment_status":"closed","ping_status":"closed","template":"","meta":{"_acf_changed":false,"footnotes":""},"class_list":["post-11502","page","type-page","status-publish","hentry"],"acf":[],"yoast_head":"<!-- This site is optimized with the Yoast SEO plugin v26.8 - https:\/\/yoast.com\/product\/yoast-seo-wordpress\/ -->\n<title>CSI Helsinki - ett programvaruf\u00f6retag specialiserat p\u00e5 juristbranchen<\/title>\n<meta name=\"description\" content=\"CSI Helsinki \u00e4r en betrodd partner f\u00f6r advokatbyr\u00e5er, med l\u00e5ng erfarenhet av att utveckla l\u00f6sningar f\u00f6r den juridiska branschen.\" \/>\n<meta name=\"robots\" content=\"index, follow, max-snippet:-1, max-image-preview:large, max-video-preview:-1\" \/>\n<link rel=\"canonical\" href=\"https:\/\/www.csihelsinki.fi\/sv\/foretaget\/csi-helsinki\/\" \/>\n<meta property=\"og:locale\" content=\"sv_SE\" \/>\n<meta property=\"og:type\" content=\"article\" \/>\n<meta property=\"og:title\" content=\"CSI Helsinki - ett programvaruf\u00f6retag specialiserat p\u00e5 juristbranchen\" \/>\n<meta property=\"og:description\" content=\"CSI Helsinki \u00e4r en betrodd partner f\u00f6r advokatbyr\u00e5er, med l\u00e5ng erfarenhet av att utveckla l\u00f6sningar f\u00f6r den juridiska branschen.\" \/>\n<meta property=\"og:url\" content=\"https:\/\/www.csihelsinki.fi\/sv\/foretaget\/csi-helsinki\/\" \/>\n<meta property=\"og:site_name\" content=\"Csi Helsinki home\" \/>\n<meta property=\"article:modified_time\" content=\"2025-10-05T20:44:12+00:00\" \/>\n<meta property=\"og:image\" content=\"https:\/\/www.csihelsinki.fi\/wp-content\/uploads\/2021\/08\/Vilhonvuorenkatu-1491x733-1.jpg\" \/>\n\t<meta property=\"og:image:width\" content=\"1491\" \/>\n\t<meta property=\"og:image:height\" content=\"733\" \/>\n\t<meta property=\"og:image:type\" content=\"image\/jpeg\" \/>\n<meta name=\"twitter:card\" content=\"summary_large_image\" \/>\n<script type=\"application\/ld+json\" class=\"yoast-schema-graph\">{\"@context\":\"https:\/\/schema.org\",\"@graph\":[{\"@type\":\"WebPage\",\"@id\":\"https:\/\/www.csihelsinki.fi\/sv\/foretaget\/csi-helsinki\/\",\"url\":\"https:\/\/www.csihelsinki.fi\/sv\/foretaget\/csi-helsinki\/\",\"name\":\"CSI Helsinki - ett programvaruf\u00f6retag specialiserat p\u00e5 juristbranchen\",\"isPartOf\":{\"@id\":\"https:\/\/www.csihelsinki.fi\/#website\"},\"primaryImageOfPage\":{\"@id\":\"https:\/\/www.csihelsinki.fi\/sv\/foretaget\/csi-helsinki\/#primaryimage\"},\"image\":{\"@id\":\"https:\/\/www.csihelsinki.fi\/sv\/foretaget\/csi-helsinki\/#primaryimage\"},\"thumbnailUrl\":\"http:\/\/www.csihelsinki.fi\/wp-content\/uploads\/2021\/08\/Vilhonvuorenkatu-1491x733-1.jpg\",\"datePublished\":\"2021-11-16T14:19:57+00:00\",\"dateModified\":\"2025-10-05T20:44:12+00:00\",\"description\":\"CSI Helsinki \u00e4r en betrodd partner f\u00f6r advokatbyr\u00e5er, med l\u00e5ng erfarenhet av att utveckla l\u00f6sningar f\u00f6r den juridiska branschen.\",\"breadcrumb\":{\"@id\":\"https:\/\/www.csihelsinki.fi\/sv\/foretaget\/csi-helsinki\/#breadcrumb\"},\"inLanguage\":\"sv-SE\",\"potentialAction\":[{\"@type\":\"ReadAction\",\"target\":[\"https:\/\/www.csihelsinki.fi\/sv\/foretaget\/csi-helsinki\/\"]}]},{\"@type\":\"ImageObject\",\"inLanguage\":\"sv-SE\",\"@id\":\"https:\/\/www.csihelsinki.fi\/sv\/foretaget\/csi-helsinki\/#primaryimage\",\"url\":\"http:\/\/www.csihelsinki.fi\/wp-content\/uploads\/2021\/08\/Vilhonvuorenkatu-1491x733-1.jpg\",\"contentUrl\":\"http:\/\/www.csihelsinki.fi\/wp-content\/uploads\/2021\/08\/Vilhonvuorenkatu-1491x733-1.jpg\"},{\"@type\":\"BreadcrumbList\",\"@id\":\"https:\/\/www.csihelsinki.fi\/sv\/foretaget\/csi-helsinki\/#breadcrumb\",\"itemListElement\":[{\"@type\":\"ListItem\",\"position\":1,\"name\":\"Etusivu\",\"item\":\"https:\/\/www.csihelsinki.fi\/sv\/\"},{\"@type\":\"ListItem\",\"position\":2,\"name\":\"Om oss\",\"item\":\"https:\/\/www.csihelsinki.fi\/sv\/foretaget\/\"},{\"@type\":\"ListItem\",\"position\":3,\"name\":\"CSI Helsinki\"}]},{\"@type\":\"WebSite\",\"@id\":\"https:\/\/www.csihelsinki.fi\/#website\",\"url\":\"https:\/\/www.csihelsinki.fi\/\",\"name\":\"Csi Helsinki home\",\"description\":\"CSI-ohjelmistot \u2013 enemm\u00e4n aikaa asianajotoiminnalle\",\"publisher\":{\"@id\":\"https:\/\/www.csihelsinki.fi\/#organization\"},\"potentialAction\":[{\"@type\":\"SearchAction\",\"target\":{\"@type\":\"EntryPoint\",\"urlTemplate\":\"https:\/\/www.csihelsinki.fi\/?s={search_term_string}\"},\"query-input\":{\"@type\":\"PropertyValueSpecification\",\"valueRequired\":true,\"valueName\":\"search_term_string\"}}],\"inLanguage\":\"sv-SE\"},{\"@type\":\"Organization\",\"@id\":\"https:\/\/www.csihelsinki.fi\/#organization\",\"name\":\"Csi Helsinki home\",\"url\":\"https:\/\/www.csihelsinki.fi\/\",\"logo\":{\"@type\":\"ImageObject\",\"inLanguage\":\"sv-SE\",\"@id\":\"https:\/\/www.csihelsinki.fi\/#\/schema\/logo\/image\/\",\"url\":\"https:\/\/www.csihelsinki.fi\/wp-content\/uploads\/2021\/06\/logo.png\",\"contentUrl\":\"https:\/\/www.csihelsinki.fi\/wp-content\/uploads\/2021\/06\/logo.png\",\"width\":130,\"height\":65,\"caption\":\"Csi Helsinki home\"},\"image\":{\"@id\":\"https:\/\/www.csihelsinki.fi\/#\/schema\/logo\/image\/\"}}]}<\/script>\n<!-- \/ Yoast SEO plugin. -->","yoast_head_json":{"title":"CSI Helsinki - ett programvaruf\u00f6retag specialiserat p\u00e5 juristbranchen","description":"CSI Helsinki \u00e4r en betrodd partner f\u00f6r advokatbyr\u00e5er, med l\u00e5ng erfarenhet av att utveckla l\u00f6sningar f\u00f6r den juridiska branschen.","robots":{"index":"index","follow":"follow","max-snippet":"max-snippet:-1","max-image-preview":"max-image-preview:large","max-video-preview":"max-video-preview:-1"},"canonical":"https:\/\/www.csihelsinki.fi\/sv\/foretaget\/csi-helsinki\/","og_locale":"sv_SE","og_type":"article","og_title":"CSI Helsinki - ett programvaruf\u00f6retag specialiserat p\u00e5 juristbranchen","og_description":"CSI Helsinki \u00e4r en betrodd partner f\u00f6r advokatbyr\u00e5er, med l\u00e5ng erfarenhet av att utveckla l\u00f6sningar f\u00f6r den juridiska branschen.","og_url":"https:\/\/www.csihelsinki.fi\/sv\/foretaget\/csi-helsinki\/","og_site_name":"Csi Helsinki home","article_modified_time":"2025-10-05T20:44:12+00:00","og_image":[{"width":1491,"height":733,"url":"https:\/\/www.csihelsinki.fi\/wp-content\/uploads\/2021\/08\/Vilhonvuorenkatu-1491x733-1.jpg","type":"image\/jpeg"}],"twitter_card":"summary_large_image","schema":{"@context":"https:\/\/schema.org","@graph":[{"@type":"WebPage","@id":"https:\/\/www.csihelsinki.fi\/sv\/foretaget\/csi-helsinki\/","url":"https:\/\/www.csihelsinki.fi\/sv\/foretaget\/csi-helsinki\/","name":"CSI Helsinki - ett programvaruf\u00f6retag specialiserat p\u00e5 juristbranchen","isPartOf":{"@id":"https:\/\/www.csihelsinki.fi\/#website"},"primaryImageOfPage":{"@id":"https:\/\/www.csihelsinki.fi\/sv\/foretaget\/csi-helsinki\/#primaryimage"},"image":{"@id":"https:\/\/www.csihelsinki.fi\/sv\/foretaget\/csi-helsinki\/#primaryimage"},"thumbnailUrl":"http:\/\/www.csihelsinki.fi\/wp-content\/uploads\/2021\/08\/Vilhonvuorenkatu-1491x733-1.jpg","datePublished":"2021-11-16T14:19:57+00:00","dateModified":"2025-10-05T20:44:12+00:00","description":"CSI Helsinki \u00e4r en betrodd partner f\u00f6r advokatbyr\u00e5er, med l\u00e5ng erfarenhet av att utveckla l\u00f6sningar f\u00f6r den juridiska branschen.","breadcrumb":{"@id":"https:\/\/www.csihelsinki.fi\/sv\/foretaget\/csi-helsinki\/#breadcrumb"},"inLanguage":"sv-SE","potentialAction":[{"@type":"ReadAction","target":["https:\/\/www.csihelsinki.fi\/sv\/foretaget\/csi-helsinki\/"]}]},{"@type":"ImageObject","inLanguage":"sv-SE","@id":"https:\/\/www.csihelsinki.fi\/sv\/foretaget\/csi-helsinki\/#primaryimage","url":"http:\/\/www.csihelsinki.fi\/wp-content\/uploads\/2021\/08\/Vilhonvuorenkatu-1491x733-1.jpg","contentUrl":"http:\/\/www.csihelsinki.fi\/wp-content\/uploads\/2021\/08\/Vilhonvuorenkatu-1491x733-1.jpg"},{"@type":"BreadcrumbList","@id":"https:\/\/www.csihelsinki.fi\/sv\/foretaget\/csi-helsinki\/#breadcrumb","itemListElement":[{"@type":"ListItem","position":1,"name":"Etusivu","item":"https:\/\/www.csihelsinki.fi\/sv\/"},{"@type":"ListItem","position":2,"name":"Om oss","item":"https:\/\/www.csihelsinki.fi\/sv\/foretaget\/"},{"@type":"ListItem","position":3,"name":"CSI Helsinki"}]},{"@type":"WebSite","@id":"https:\/\/www.csihelsinki.fi\/#website","url":"https:\/\/www.csihelsinki.fi\/","name":"Csi Helsinki home","description":"CSI-ohjelmistot \u2013 enemm\u00e4n aikaa asianajotoiminnalle","publisher":{"@id":"https:\/\/www.csihelsinki.fi\/#organization"},"potentialAction":[{"@type":"SearchAction","target":{"@type":"EntryPoint","urlTemplate":"https:\/\/www.csihelsinki.fi\/?s={search_term_string}"},"query-input":{"@type":"PropertyValueSpecification","valueRequired":true,"valueName":"search_term_string"}}],"inLanguage":"sv-SE"},{"@type":"Organization","@id":"https:\/\/www.csihelsinki.fi\/#organization","name":"Csi Helsinki home","url":"https:\/\/www.csihelsinki.fi\/","logo":{"@type":"ImageObject","inLanguage":"sv-SE","@id":"https:\/\/www.csihelsinki.fi\/#\/schema\/logo\/image\/","url":"https:\/\/www.csihelsinki.fi\/wp-content\/uploads\/2021\/06\/logo.png","contentUrl":"https:\/\/www.csihelsinki.fi\/wp-content\/uploads\/2021\/06\/logo.png","width":130,"height":65,"caption":"Csi Helsinki home"},"image":{"@id":"https:\/\/www.csihelsinki.fi\/#\/schema\/logo\/image\/"}}]}},"_links":{"self":[{"href":"https:\/\/www.csihelsinki.fi\/sv\/wp-json\/wp\/v2\/pages\/11502","targetHints":{"allow":["GET"]}}],"collection":[{"href":"https:\/\/www.csihelsinki.fi\/sv\/wp-json\/wp\/v2\/pages"}],"about":[{"href":"https:\/\/www.csihelsinki.fi\/sv\/wp-json\/wp\/v2\/types\/page"}],"author":[{"embeddable":true,"href":"https:\/\/www.csihelsinki.fi\/sv\/wp-json\/wp\/v2\/users\/2"}],"replies":[{"embeddable":true,"href":"https:\/\/www.csihelsinki.fi\/sv\/wp-json\/wp\/v2\/comments?post=11502"}],"version-history":[{"count":14,"href":"https:\/\/www.csihelsinki.fi\/sv\/wp-json\/wp\/v2\/pages\/11502\/revisions"}],"predecessor-version":[{"id":15517,"href":"https:\/\/www.csihelsinki.fi\/sv\/wp-json\/wp\/v2\/pages\/11502\/revisions\/15517"}],"up":[{"embeddable":true,"href":"https:\/\/www.csihelsinki.fi\/sv\/wp-json\/wp\/v2\/pages\/11050"}],"wp:attachment":[{"href":"https:\/\/www.csihelsinki.fi\/sv\/wp-json\/wp\/v2\/media?parent=11502"}],"curies":[{"name":"wp","href":"https:\/\/api.w.org\/{rel}","templated":true}]}}