{"id":11499,"date":"2021-11-15T18:19:50","date_gmt":"2021-11-15T18:19:50","guid":{"rendered":"http:\/\/www.csihelsinki.fi\/customers\/"},"modified":"2026-04-15T13:34:32","modified_gmt":"2026-04-15T13:34:32","slug":"kunder","status":"publish","type":"page","link":"https:\/\/www.csihelsinki.fi\/sv\/kunder\/","title":{"rendered":"Kunder"},"content":{"rendered":"\n<div class=\"wp-block-cover\"><span aria-hidden=\"true\" class=\"wp-block-cover__background has-background-dim-70 has-background-dim\" style=\"background-color:#0090a6\"><\/span><img loading=\"lazy\" decoding=\"async\" width=\"2560\" height=\"657\" class=\"wp-block-cover__image-background wp-image-12010\" alt=\"\" src=\"http:\/\/www.csihelsinki.fi\/wp-content\/uploads\/2022\/01\/people-sea-kapea-1-scaled.jpg\" data-object-fit=\"cover\" srcset=\"https:\/\/www.csihelsinki.fi\/wp-content\/uploads\/2022\/01\/people-sea-kapea-1-scaled.jpg 2560w, https:\/\/www.csihelsinki.fi\/wp-content\/uploads\/2022\/01\/people-sea-kapea-1-300x77.jpg 300w, https:\/\/www.csihelsinki.fi\/wp-content\/uploads\/2022\/01\/people-sea-kapea-1-1024x263.jpg 1024w, https:\/\/www.csihelsinki.fi\/wp-content\/uploads\/2022\/01\/people-sea-kapea-1-768x197.jpg 768w, https:\/\/www.csihelsinki.fi\/wp-content\/uploads\/2022\/01\/people-sea-kapea-1-1536x394.jpg 1536w, https:\/\/www.csihelsinki.fi\/wp-content\/uploads\/2022\/01\/people-sea-kapea-1-2048x526.jpg 2048w\" sizes=\"auto, (max-width: 2560px) 100vw, 2560px\" \/><div class=\"wp-block-cover__inner-container is-layout-flow wp-block-cover-is-layout-flow\">\n<h1 class=\"wp-block-heading has-text-align-center\" id=\"kunder\">Kunder<\/h1>\n<\/div><\/div>\n\n\n\n<div style=\"height:50px\" aria-hidden=\"true\" class=\"wp-block-spacer\"><\/div>\n\n\n\n<div class=\"wp-block-columns page-content is-layout-flex wp-container-core-columns-is-layout-1 wp-block-columns-is-layout-flex\">\n<div class=\"wp-block-column is-layout-flow wp-block-column-is-layout-flow\" style=\"flex-basis:33.33%\">\n<h2 class=\"wp-block-heading\" id=\"csi-s-kunder-erbjuder-juridiska-tjanster-i-landerna-kring-ostersjon\">CSI:s kunder erbjuder juridiska tj\u00e4nster i \u00d6stersj\u00f6regionen.<\/h2>\n<\/div>\n\n\n\n<div class=\"wp-block-column is-layout-flow wp-block-column-is-layout-flow\" style=\"flex-basis:66.66%\">\n<p>V\u00e5ra kunder \u00e4r finska, svenska och baltiska advokatbyr\u00e5er med behov av att hantera och fakturera sina tj\u00e4nster. Vi levererar l\u00f6sningar som \u00e4r anpassade till varje lands specifika krav.<\/p>\n\n\n\n<p>I Finland ing\u00e5r \u00f6ver 75 % av de 30 fr\u00e4msta advokatbyr\u00e5erna i v\u00e5r kundkrets. \u00c4ven i Sverige och Baltikum anv\u00e4nds v\u00e5r programvara av flera ledande advokatbyr\u00e5er \u2013 n\u00e5gra av dem presenteras nedan.<\/p>\n<\/div>\n<\/div>\n\n\n\n<div style=\"height:15px\" aria-hidden=\"true\" class=\"wp-block-spacer\"><\/div>\n\n\n<div class=\"wp-block-image\">\n<figure class=\"aligncenter size-large is-resized\"><img loading=\"lazy\" decoding=\"async\" width=\"1024\" height=\"295\" src=\"https:\/\/www.csihelsinki.fi\/wp-content\/uploads\/2025\/10\/Reffat-ruotsi-1024x295.png\" alt=\"\" class=\"wp-image-15537\" style=\"width:918px;height:auto\" srcset=\"https:\/\/www.csihelsinki.fi\/wp-content\/uploads\/2025\/10\/Reffat-ruotsi-1024x295.png 1024w, https:\/\/www.csihelsinki.fi\/wp-content\/uploads\/2025\/10\/Reffat-ruotsi-300x87.png 300w, https:\/\/www.csihelsinki.fi\/wp-content\/uploads\/2025\/10\/Reffat-ruotsi-768x221.png 768w, https:\/\/www.csihelsinki.fi\/wp-content\/uploads\/2025\/10\/Reffat-ruotsi-1536x443.png 1536w, https:\/\/www.csihelsinki.fi\/wp-content\/uploads\/2025\/10\/Reffat-ruotsi-2048x591.png 2048w\" sizes=\"auto, (max-width: 1024px) 100vw, 1024px\" \/><\/figure><\/div>\n\n\n<div style=\"height:50px\" aria-hidden=\"true\" class=\"wp-block-spacer\"><\/div>\n\n\n\n<p><\/p>\n","protected":false},"excerpt":{"rendered":"","protected":false},"author":2,"featured_media":0,"parent":0,"menu_order":5,"comment_status":"closed","ping_status":"closed","template":"page-query-template.php","meta":{"_acf_changed":false,"footnotes":""},"class_list":["post-11499","page","type-page","status-publish","hentry"],"acf":[],"yoast_head":"<!-- This site is optimized with the Yoast SEO plugin v26.8 - https:\/\/yoast.com\/product\/yoast-seo-wordpress\/ -->\n<title>CSI:s kunder \u00e4r leverant\u00f6rer av juridiska tj\u00e4nster<\/title>\n<meta name=\"description\" content=\"CSI:s advokatsystem anv\u00e4nds av ledande advokatbyr\u00e5er i Finland, Sverige och Baltikum med behov av ett m\u00e5ngsidigt verktyg f\u00f6r \u00e4rendehantering.\" \/>\n<meta name=\"robots\" content=\"index, follow, max-snippet:-1, max-image-preview:large, max-video-preview:-1\" \/>\n<link rel=\"canonical\" href=\"https:\/\/www.csihelsinki.fi\/sv\/kunder\/\" \/>\n<meta property=\"og:locale\" content=\"sv_SE\" \/>\n<meta property=\"og:type\" content=\"article\" \/>\n<meta property=\"og:title\" content=\"CSI:s kunder \u00e4r leverant\u00f6rer av juridiska tj\u00e4nster\" \/>\n<meta property=\"og:description\" content=\"CSI:s advokatsystem anv\u00e4nds av ledande advokatbyr\u00e5er i Finland, Sverige och Baltikum med behov av ett m\u00e5ngsidigt verktyg f\u00f6r \u00e4rendehantering.\" \/>\n<meta property=\"og:url\" content=\"https:\/\/www.csihelsinki.fi\/sv\/kunder\/\" \/>\n<meta property=\"og:site_name\" content=\"Csi Helsinki home\" \/>\n<meta property=\"article:modified_time\" content=\"2026-04-15T13:34:32+00:00\" \/>\n<meta property=\"og:image\" content=\"https:\/\/www.csihelsinki.fi\/wp-content\/uploads\/2022\/01\/people-sea-kapea-1-scaled.jpg\" \/>\n\t<meta property=\"og:image:width\" content=\"2560\" \/>\n\t<meta property=\"og:image:height\" content=\"657\" \/>\n\t<meta property=\"og:image:type\" content=\"image\/jpeg\" \/>\n<meta name=\"twitter:card\" content=\"summary_large_image\" \/>\n<script type=\"application\/ld+json\" class=\"yoast-schema-graph\">{\"@context\":\"https:\/\/schema.org\",\"@graph\":[{\"@type\":\"WebPage\",\"@id\":\"https:\/\/www.csihelsinki.fi\/sv\/kunder\/\",\"url\":\"https:\/\/www.csihelsinki.fi\/sv\/kunder\/\",\"name\":\"CSI:s kunder \u00e4r leverant\u00f6rer av juridiska tj\u00e4nster\",\"isPartOf\":{\"@id\":\"https:\/\/www.csihelsinki.fi\/#website\"},\"primaryImageOfPage\":{\"@id\":\"https:\/\/www.csihelsinki.fi\/sv\/kunder\/#primaryimage\"},\"image\":{\"@id\":\"https:\/\/www.csihelsinki.fi\/sv\/kunder\/#primaryimage\"},\"thumbnailUrl\":\"http:\/\/www.csihelsinki.fi\/wp-content\/uploads\/2022\/01\/people-sea-kapea-1-scaled.jpg\",\"datePublished\":\"2021-11-15T18:19:50+00:00\",\"dateModified\":\"2026-04-15T13:34:32+00:00\",\"description\":\"CSI:s advokatsystem anv\u00e4nds av ledande advokatbyr\u00e5er i Finland, Sverige och Baltikum med behov av ett m\u00e5ngsidigt verktyg f\u00f6r \u00e4rendehantering.\",\"breadcrumb\":{\"@id\":\"https:\/\/www.csihelsinki.fi\/sv\/kunder\/#breadcrumb\"},\"inLanguage\":\"sv-SE\",\"potentialAction\":[{\"@type\":\"ReadAction\",\"target\":[\"https:\/\/www.csihelsinki.fi\/sv\/kunder\/\"]}]},{\"@type\":\"ImageObject\",\"inLanguage\":\"sv-SE\",\"@id\":\"https:\/\/www.csihelsinki.fi\/sv\/kunder\/#primaryimage\",\"url\":\"http:\/\/www.csihelsinki.fi\/wp-content\/uploads\/2022\/01\/people-sea-kapea-1-scaled.jpg\",\"contentUrl\":\"http:\/\/www.csihelsinki.fi\/wp-content\/uploads\/2022\/01\/people-sea-kapea-1-scaled.jpg\"},{\"@type\":\"BreadcrumbList\",\"@id\":\"https:\/\/www.csihelsinki.fi\/sv\/kunder\/#breadcrumb\",\"itemListElement\":[{\"@type\":\"ListItem\",\"position\":1,\"name\":\"Etusivu\",\"item\":\"https:\/\/www.csihelsinki.fi\/sv\/\"},{\"@type\":\"ListItem\",\"position\":2,\"name\":\"Kunder\"}]},{\"@type\":\"WebSite\",\"@id\":\"https:\/\/www.csihelsinki.fi\/#website\",\"url\":\"https:\/\/www.csihelsinki.fi\/\",\"name\":\"Csi Helsinki home\",\"description\":\"CSI-ohjelmistot \u2013 enemm\u00e4n aikaa asianajotoiminnalle\",\"publisher\":{\"@id\":\"https:\/\/www.csihelsinki.fi\/#organization\"},\"potentialAction\":[{\"@type\":\"SearchAction\",\"target\":{\"@type\":\"EntryPoint\",\"urlTemplate\":\"https:\/\/www.csihelsinki.fi\/?s={search_term_string}\"},\"query-input\":{\"@type\":\"PropertyValueSpecification\",\"valueRequired\":true,\"valueName\":\"search_term_string\"}}],\"inLanguage\":\"sv-SE\"},{\"@type\":\"Organization\",\"@id\":\"https:\/\/www.csihelsinki.fi\/#organization\",\"name\":\"Csi Helsinki home\",\"url\":\"https:\/\/www.csihelsinki.fi\/\",\"logo\":{\"@type\":\"ImageObject\",\"inLanguage\":\"sv-SE\",\"@id\":\"https:\/\/www.csihelsinki.fi\/#\/schema\/logo\/image\/\",\"url\":\"https:\/\/www.csihelsinki.fi\/wp-content\/uploads\/2021\/06\/logo.png\",\"contentUrl\":\"https:\/\/www.csihelsinki.fi\/wp-content\/uploads\/2021\/06\/logo.png\",\"width\":130,\"height\":65,\"caption\":\"Csi Helsinki home\"},\"image\":{\"@id\":\"https:\/\/www.csihelsinki.fi\/#\/schema\/logo\/image\/\"}}]}<\/script>\n<!-- \/ Yoast SEO plugin. -->","yoast_head_json":{"title":"CSI:s kunder \u00e4r leverant\u00f6rer av juridiska tj\u00e4nster","description":"CSI:s advokatsystem anv\u00e4nds av ledande advokatbyr\u00e5er i Finland, Sverige och Baltikum med behov av ett m\u00e5ngsidigt verktyg f\u00f6r \u00e4rendehantering.","robots":{"index":"index","follow":"follow","max-snippet":"max-snippet:-1","max-image-preview":"max-image-preview:large","max-video-preview":"max-video-preview:-1"},"canonical":"https:\/\/www.csihelsinki.fi\/sv\/kunder\/","og_locale":"sv_SE","og_type":"article","og_title":"CSI:s kunder \u00e4r leverant\u00f6rer av juridiska tj\u00e4nster","og_description":"CSI:s advokatsystem anv\u00e4nds av ledande advokatbyr\u00e5er i Finland, Sverige och Baltikum med behov av ett m\u00e5ngsidigt verktyg f\u00f6r \u00e4rendehantering.","og_url":"https:\/\/www.csihelsinki.fi\/sv\/kunder\/","og_site_name":"Csi Helsinki home","article_modified_time":"2026-04-15T13:34:32+00:00","og_image":[{"width":2560,"height":657,"url":"https:\/\/www.csihelsinki.fi\/wp-content\/uploads\/2022\/01\/people-sea-kapea-1-scaled.jpg","type":"image\/jpeg"}],"twitter_card":"summary_large_image","schema":{"@context":"https:\/\/schema.org","@graph":[{"@type":"WebPage","@id":"https:\/\/www.csihelsinki.fi\/sv\/kunder\/","url":"https:\/\/www.csihelsinki.fi\/sv\/kunder\/","name":"CSI:s kunder \u00e4r leverant\u00f6rer av juridiska tj\u00e4nster","isPartOf":{"@id":"https:\/\/www.csihelsinki.fi\/#website"},"primaryImageOfPage":{"@id":"https:\/\/www.csihelsinki.fi\/sv\/kunder\/#primaryimage"},"image":{"@id":"https:\/\/www.csihelsinki.fi\/sv\/kunder\/#primaryimage"},"thumbnailUrl":"http:\/\/www.csihelsinki.fi\/wp-content\/uploads\/2022\/01\/people-sea-kapea-1-scaled.jpg","datePublished":"2021-11-15T18:19:50+00:00","dateModified":"2026-04-15T13:34:32+00:00","description":"CSI:s advokatsystem anv\u00e4nds av ledande advokatbyr\u00e5er i Finland, Sverige och Baltikum med behov av ett m\u00e5ngsidigt verktyg f\u00f6r \u00e4rendehantering.","breadcrumb":{"@id":"https:\/\/www.csihelsinki.fi\/sv\/kunder\/#breadcrumb"},"inLanguage":"sv-SE","potentialAction":[{"@type":"ReadAction","target":["https:\/\/www.csihelsinki.fi\/sv\/kunder\/"]}]},{"@type":"ImageObject","inLanguage":"sv-SE","@id":"https:\/\/www.csihelsinki.fi\/sv\/kunder\/#primaryimage","url":"http:\/\/www.csihelsinki.fi\/wp-content\/uploads\/2022\/01\/people-sea-kapea-1-scaled.jpg","contentUrl":"http:\/\/www.csihelsinki.fi\/wp-content\/uploads\/2022\/01\/people-sea-kapea-1-scaled.jpg"},{"@type":"BreadcrumbList","@id":"https:\/\/www.csihelsinki.fi\/sv\/kunder\/#breadcrumb","itemListElement":[{"@type":"ListItem","position":1,"name":"Etusivu","item":"https:\/\/www.csihelsinki.fi\/sv\/"},{"@type":"ListItem","position":2,"name":"Kunder"}]},{"@type":"WebSite","@id":"https:\/\/www.csihelsinki.fi\/#website","url":"https:\/\/www.csihelsinki.fi\/","name":"Csi Helsinki home","description":"CSI-ohjelmistot \u2013 enemm\u00e4n aikaa asianajotoiminnalle","publisher":{"@id":"https:\/\/www.csihelsinki.fi\/#organization"},"potentialAction":[{"@type":"SearchAction","target":{"@type":"EntryPoint","urlTemplate":"https:\/\/www.csihelsinki.fi\/?s={search_term_string}"},"query-input":{"@type":"PropertyValueSpecification","valueRequired":true,"valueName":"search_term_string"}}],"inLanguage":"sv-SE"},{"@type":"Organization","@id":"https:\/\/www.csihelsinki.fi\/#organization","name":"Csi Helsinki home","url":"https:\/\/www.csihelsinki.fi\/","logo":{"@type":"ImageObject","inLanguage":"sv-SE","@id":"https:\/\/www.csihelsinki.fi\/#\/schema\/logo\/image\/","url":"https:\/\/www.csihelsinki.fi\/wp-content\/uploads\/2021\/06\/logo.png","contentUrl":"https:\/\/www.csihelsinki.fi\/wp-content\/uploads\/2021\/06\/logo.png","width":130,"height":65,"caption":"Csi Helsinki home"},"image":{"@id":"https:\/\/www.csihelsinki.fi\/#\/schema\/logo\/image\/"}}]}},"_links":{"self":[{"href":"https:\/\/www.csihelsinki.fi\/sv\/wp-json\/wp\/v2\/pages\/11499","targetHints":{"allow":["GET"]}}],"collection":[{"href":"https:\/\/www.csihelsinki.fi\/sv\/wp-json\/wp\/v2\/pages"}],"about":[{"href":"https:\/\/www.csihelsinki.fi\/sv\/wp-json\/wp\/v2\/types\/page"}],"author":[{"embeddable":true,"href":"https:\/\/www.csihelsinki.fi\/sv\/wp-json\/wp\/v2\/users\/2"}],"replies":[{"embeddable":true,"href":"https:\/\/www.csihelsinki.fi\/sv\/wp-json\/wp\/v2\/comments?post=11499"}],"version-history":[{"count":14,"href":"https:\/\/www.csihelsinki.fi\/sv\/wp-json\/wp\/v2\/pages\/11499\/revisions"}],"predecessor-version":[{"id":15547,"href":"https:\/\/www.csihelsinki.fi\/sv\/wp-json\/wp\/v2\/pages\/11499\/revisions\/15547"}],"wp:attachment":[{"href":"https:\/\/www.csihelsinki.fi\/sv\/wp-json\/wp\/v2\/media?parent=11499"}],"curies":[{"name":"wp","href":"https:\/\/api.w.org\/{rel}","templated":true}]}}