{"id":11489,"date":"2021-11-16T12:31:38","date_gmt":"2021-11-16T12:31:38","guid":{"rendered":"http:\/\/www.csihelsinki.fi\/deployment\/"},"modified":"2025-10-05T20:37:50","modified_gmt":"2025-10-05T20:37:50","slug":"implementering","status":"publish","type":"page","link":"https:\/\/www.csihelsinki.fi\/sv\/tjanster\/implementering\/","title":{"rendered":"Implementering"},"content":{"rendered":"\n<div class=\"wp-block-cover\"><span aria-hidden=\"true\" class=\"wp-block-cover__background has-background-dim-70 has-background-dim\" style=\"background-color:#0090a6\"><\/span><img loading=\"lazy\" decoding=\"async\" width=\"2560\" height=\"1070\" class=\"wp-block-cover__image-background wp-image-10344\" alt=\"\" src=\"http:\/\/www.csihelsinki.fi\/wp-content\/uploads\/2021\/12\/project-1-scaled.jpg\" data-object-fit=\"cover\" srcset=\"https:\/\/www.csihelsinki.fi\/wp-content\/uploads\/2021\/12\/project-1-scaled.jpg 2560w, https:\/\/www.csihelsinki.fi\/wp-content\/uploads\/2021\/12\/project-1-300x125.jpg 300w, https:\/\/www.csihelsinki.fi\/wp-content\/uploads\/2021\/12\/project-1-1024x428.jpg 1024w, https:\/\/www.csihelsinki.fi\/wp-content\/uploads\/2021\/12\/project-1-768x321.jpg 768w, https:\/\/www.csihelsinki.fi\/wp-content\/uploads\/2021\/12\/project-1-1536x642.jpg 1536w, https:\/\/www.csihelsinki.fi\/wp-content\/uploads\/2021\/12\/project-1-2048x856.jpg 2048w\" sizes=\"auto, (max-width: 2560px) 100vw, 2560px\" \/><div class=\"wp-block-cover__inner-container is-layout-flow wp-block-cover-is-layout-flow\">\n<h1 class=\"wp-block-heading has-text-align-center\" id=\"valj-implementering-utifran-era-behov\">Implementering enligt era behov<\/h1>\n\n\n\n<ul class=\"wp-block-list\">\n<li><\/li>\n<\/ul>\n<\/div><\/div>\n\n\n\n<div style=\"height:50px\" aria-hidden=\"true\" class=\"wp-block-spacer\"><\/div>\n\n\n\n<div class=\"wp-block-columns page-content is-layout-flex wp-container-core-columns-is-layout-1 wp-block-columns-is-layout-flex\">\n<div class=\"wp-block-column is-layout-flow wp-block-column-is-layout-flow\" style=\"flex-basis:33.33%\">\n<h2 class=\"wp-block-heading\" id=\"vi-har-genomfort-hundratals-implementeringar-att-se-till-att-varje-implementering-blir-lyckad-ar-en-hederssak-for-oss\">Vi har genomf\u00f6rt hundratals implementeringar. Att s\u00e4kerst\u00e4lla att varje projekt<strong> <\/strong>blir lyckad \u00e4r en hederssak f\u00f6r oss.<\/h2>\n\n\n\n<div style=\"height:50px\" aria-hidden=\"true\" class=\"wp-block-spacer\"><\/div>\n<\/div>\n\n\n\n<div class=\"wp-block-column is-layout-flow wp-block-column-is-layout-flow\" style=\"flex-basis:66.66%\">\n<p>N\u00e4r ni v\u00e4ljer att inf\u00f6ra CSI Lawyer kan ni lita p\u00e5 att implementeringen genomf\u00f6rs smidigt.\u00a0Den kan ta olika l\u00e5ng tid beroende p\u00e5<strong>\u00a0<\/strong>storleken p\u00e5 ert f\u00f6retag och vilka behov ni har. I b\u00e4sta fall tar implementeringen bara n\u00e5gra dagar.<\/p>\n\n\n\n<div style=\"height:35px\" aria-hidden=\"true\" class=\"wp-block-spacer\"><\/div>\n\n\n\n<h3 class=\"wp-block-heading\" id=\"snabb-implementering\">Snabb implementering<\/h3>\n\n\n\n<p>Om ni inte beh\u00f6ver datamigrering fr\u00e5n ert tidigare system, skr\u00e4ddarsydda funktioner eller integrationer till andra system kan CSI Lawyer b\u00f6rja anv\u00e4ndas inom n\u00e5gra dagar.<\/p>\n\n\n\n<p>Systemet kan anv\u00e4ndas som molntj\u00e4nst eller installeras i er egen IT-milj\u00f6. N\u00e4r databasen har skapats, programvaran har anpassats efter era arbetss\u00e4tt och anv\u00e4ndarna har utbildats kan ert team b\u00f6rja anv\u00e4nda systemet. Hela implementeringen och anv\u00e4ndarutbildningen kan hanteras enkelt och kostnadseffektivt \u2013 \u00e4ven p\u00e5 distans.<\/p>\n\n\n\n<div style=\"height:35px\" aria-hidden=\"true\" class=\"wp-block-spacer\"><\/div>\n\n\n\n<hr class=\"wp-block-separator has-text-color has-css-opacity has-background\" style=\"background-color:#89d4e3;color:#89d4e3\"\/>\n\n\n\n<div style=\"height:35px\" aria-hidden=\"true\" class=\"wp-block-spacer\"><\/div>\n\n\n\n<h3 class=\"wp-block-heading\" id=\"komplett-implementering\">Komplett implementering<\/h3>\n\n\n\n<p>Beroende p\u00e5 projektets omfattning kan det ta kortare eller l\u00e4ngre tid innan CSI Lawyer kan tas i bruk. Om implementeringen omfattar datamigrering, integrationer, anpassningar eller optimering av era centrala processer inleder vi ett implementeringsprojekt. M\u00e5let med v\u00e5r installationsmodell \u00e4r att \u00e4ven st\u00f6rre projekt ska kunna levereras inom h\u00f6gst 12 veckor.<\/p>\n\n\n\n<h4 class=\"wp-block-heading\" id=\"datamigrering\">Datamigrering<\/h4>\n\n\n\n<p>Om ni vill \u00f6verf\u00f6ra data fr\u00e5n befintliga system till CSI Lawyer \u00e4r det f\u00f6rsta steget att s\u00e4kerst\u00e4lla att er viktigaste data (anv\u00e4ndare, klienter, \u00e4renden och \u00f6ppna fakturerbara registreringar) kan migreras korrekt. Under sj\u00e4lva migreringen har ert team m\u00f6jlighet att granska resultatet och rapportera eventuella justeringar som beh\u00f6vs tills ni \u00e4r n\u00f6jda.<\/p>\n\n\n\n<h4 class=\"wp-block-heading\" id=\"integrationer\">Integrationer<\/h4>\n\n\n\n<p>Ert f\u00f6retag har kanske andra viktiga aff\u00e4rssystem som beh\u00f6ver integreras med CSI Lawyer f\u00f6r att eliminera dubbelarbete. Under implementeringen kan CSI Lawyer kopplas till de vanligaste systemen som anv\u00e4nds p\u00e5 advokatbyr\u00e5er \u2013 till exempel tj\u00e4nster f\u00f6r klientk\u00e4nnedom (KYC), appar f\u00f6r tidregistrering, dokumenthantering och bokf\u00f6ring.<\/p>\n\n\n\n<h4 class=\"wp-block-heading\" id=\"anpassningar\">Anpassningar<\/h4>\n\n\n\n<p>CSI Lawyer kan i f\u00f6rsta hand anpassas till ert f\u00f6retags unika arbetss\u00e4tt med hj\u00e4lp av olika systeminst\u00e4llningar. Vid behov kan \u00e4ven nya f\u00e4lt och funktioner l\u00e4ggas till. Vi rekommenderar att v\u00e4nta med att inf\u00f6ra anpassade funktioner tills teamet har b\u00f6rjat anv\u00e4nda programvaran \u2013 d\u00e5 \u00e4r det l\u00e4ttare att bed\u00f6ma om ytterligare anpassningar verkligen beh\u00f6vs. Om ni \u00e4nd\u00e5 beh\u00f6ver \u00e4ndringarna direkt \u00e4r m\u00e5let f\u00f6r v\u00e5rt team att leverera dem f\u00f6re drifts\u00e4ttningsdatum.<\/p>\n\n\n\n<h4 class=\"wp-block-heading\" id=\"workshoppar\">Workshops<\/h4>\n\n\n\n<p>Gemensamma workshops \u00e4r en mycket viktig del av varje implementering. De hj\u00e4lper oss att f\u00f6rst\u00e5 kundens arbetss\u00e4tt och utmaningar, samtidigt som b\u00e5da parter f\u00e5r en gemensam bild av hur CSI Lawyer kan anv\u00e4ndas f\u00f6r att hantera dessa utmaningar och effektivisera processerna. Vanligtvis fokuserar v\u00e5ra workshops p\u00e5 registrering av klienter och \u00e4renden, faktureringsprocessen, integrationer och \u00f6nskade anpassningar. P\u00e5 s\u00e5 s\u00e4tt kan vi hitta det b\u00e4sta s\u00e4ttet att anv\u00e4nda programvaran i just ert f\u00f6retag och ta fram l\u00e4mpliga utbildningspaket f\u00f6r olika anv\u00e4ndargrupper.<\/p>\n\n\n\n<div style=\"height:35px\" aria-hidden=\"true\" class=\"wp-block-spacer\"><\/div>\n\n\n\n<hr class=\"wp-block-separator has-text-color has-css-opacity has-background\" style=\"background-color:#89d4e3;color:#89d4e3\"\/>\n\n\n\n<div style=\"height:35px\" aria-hidden=\"true\" class=\"wp-block-spacer\"><\/div>\n\n\n\n<h3 class=\"wp-block-heading\" id=\"anvandarutbildning\">Anv\u00e4ndarutbildning<\/h3>\n\n\n\n<p>Att utbilda anv\u00e4ndarna \u00e4r en grundl\u00e4ggande del i alla implementeringsprojekt, oavsett storleken p\u00e5 kundf\u00f6retaget. F\u00f6r standardanv\u00e4ndare r\u00e4cker det vanligtvis med ett kort och tydligt utbildningspaket om de vanligaste funktionerna. F\u00f6r huvudanv\u00e4ndare och medlemmar i ekonomiteamet rekommenderar vi en mer f\u00f6rdjupad utbildning. Det s\u00e4kerst\u00e4ller att de kan dra full nytta av programmets alla funktioner \u2013 vilket i sin tur ger effektivare processer och b\u00e4ttre avkastning.<\/p>\n\n\n\n<p>Eftersom programvaran anv\u00e4nds p\u00e5 olika s\u00e4tt i olika f\u00f6retag anpassas anv\u00e4ndarutbildningarna alltid efter varje kunds behov. F\u00f6r st\u00f6rre f\u00f6retag uppn\u00e5s ofta b\u00e4st resultat n\u00e4r f\u00f6retagets huvudanv\u00e4ndare deltar i att h\u00e5lla utbildningen, eftersom de k\u00e4nner till de interna processerna v\u00e4l och kan fungera som f\u00f6rsta supportkontakt f\u00f6r CSI-anv\u00e4ndarna efter inf\u00f6randet.<\/p>\n\n\n\n<p>Alla utbildningstillf\u00e4llen kan \u00e4ven genomf\u00f6ras via Teams och spelas in f\u00f6r framtida bruk.<\/p>\n\n\n\n<div style=\"height:35px\" aria-hidden=\"true\" class=\"wp-block-spacer\"><\/div>\n<\/div>\n<\/div>\n\n\n\n<div class=\"wp-block-columns bg-gray is-layout-flex wp-container-core-columns-is-layout-3 wp-block-columns-is-layout-flex\">\n<div class=\"wp-block-column is-layout-flow wp-block-column-is-layout-flow\" style=\"flex-basis:100%\">\n<div class=\"wp-block-columns page-content is-layout-flex wp-container-core-columns-is-layout-2 wp-block-columns-is-layout-flex\">\n<div class=\"wp-block-column is-layout-flow wp-block-column-is-layout-flow\" style=\"flex-basis:33.33%\">\n<h2 class=\"wp-block-heading\" id=\"se-ovriga-tjanster\">Se ocks\u00e5<\/h2>\n<\/div>\n\n\n\n<div class=\"wp-block-column is-layout-flow wp-block-column-is-layout-flow\" style=\"flex-basis:66.66%\">\n<p class=\"arrow-right text-jumbo\"><a href=\"https:\/\/www.csihelsinki.fi\/sv\/tjanster\/kundsupport\/\"><strong>Kundsupport<\/strong><\/a><\/p>\n\n\n\n<p><\/p>\n<\/div>\n<\/div>\n<\/div>\n<\/div>\n","protected":false},"excerpt":{"rendered":"","protected":false},"author":2,"featured_media":0,"parent":11572,"menu_order":1,"comment_status":"closed","ping_status":"closed","template":"","meta":{"_acf_changed":false,"footnotes":""},"class_list":["post-11489","page","type-page","status-publish","hentry"],"acf":[],"yoast_head":"<!-- This site is optimized with the Yoast SEO plugin v26.8 - https:\/\/yoast.com\/product\/yoast-seo-wordpress\/ -->\n<title>Smidig implementering med CSI:s implementeringsmodell<\/title>\n<meta name=\"description\" content=\"V\u00e5ra erfarna specialister ser till att implementeringen fortskrider som planerat och att slutresultatet motsvarar f\u00f6rv\u00e4ntningarna.\" \/>\n<meta name=\"robots\" content=\"index, follow, max-snippet:-1, max-image-preview:large, max-video-preview:-1\" \/>\n<link rel=\"canonical\" href=\"https:\/\/www.csihelsinki.fi\/sv\/tjanster\/implementering\/\" \/>\n<meta property=\"og:locale\" content=\"sv_SE\" \/>\n<meta property=\"og:type\" content=\"article\" \/>\n<meta property=\"og:title\" content=\"Smidig implementering med CSI:s implementeringsmodell\" \/>\n<meta property=\"og:description\" content=\"V\u00e5ra erfarna specialister ser till att implementeringen fortskrider som planerat och att slutresultatet motsvarar f\u00f6rv\u00e4ntningarna.\" \/>\n<meta property=\"og:url\" content=\"https:\/\/www.csihelsinki.fi\/sv\/tjanster\/implementering\/\" \/>\n<meta property=\"og:site_name\" content=\"Csi Helsinki home\" \/>\n<meta property=\"article:modified_time\" content=\"2025-10-05T20:37:50+00:00\" \/>\n<meta property=\"og:image\" content=\"https:\/\/www.csihelsinki.fi\/wp-content\/uploads\/2021\/12\/project-1-scaled.jpg\" \/>\n\t<meta property=\"og:image:width\" content=\"2560\" \/>\n\t<meta property=\"og:image:height\" content=\"1070\" \/>\n\t<meta property=\"og:image:type\" content=\"image\/jpeg\" \/>\n<meta name=\"twitter:card\" content=\"summary_large_image\" \/>\n<script type=\"application\/ld+json\" class=\"yoast-schema-graph\">{\"@context\":\"https:\/\/schema.org\",\"@graph\":[{\"@type\":\"WebPage\",\"@id\":\"https:\/\/www.csihelsinki.fi\/sv\/tjanster\/implementering\/\",\"url\":\"https:\/\/www.csihelsinki.fi\/sv\/tjanster\/implementering\/\",\"name\":\"Smidig implementering med CSI:s implementeringsmodell\",\"isPartOf\":{\"@id\":\"https:\/\/www.csihelsinki.fi\/#website\"},\"primaryImageOfPage\":{\"@id\":\"https:\/\/www.csihelsinki.fi\/sv\/tjanster\/implementering\/#primaryimage\"},\"image\":{\"@id\":\"https:\/\/www.csihelsinki.fi\/sv\/tjanster\/implementering\/#primaryimage\"},\"thumbnailUrl\":\"http:\/\/www.csihelsinki.fi\/wp-content\/uploads\/2021\/12\/project-1-scaled.jpg\",\"datePublished\":\"2021-11-16T12:31:38+00:00\",\"dateModified\":\"2025-10-05T20:37:50+00:00\",\"description\":\"V\u00e5ra erfarna specialister ser till att implementeringen fortskrider som planerat och att slutresultatet motsvarar f\u00f6rv\u00e4ntningarna.\",\"breadcrumb\":{\"@id\":\"https:\/\/www.csihelsinki.fi\/sv\/tjanster\/implementering\/#breadcrumb\"},\"inLanguage\":\"sv-SE\",\"potentialAction\":[{\"@type\":\"ReadAction\",\"target\":[\"https:\/\/www.csihelsinki.fi\/sv\/tjanster\/implementering\/\"]}]},{\"@type\":\"ImageObject\",\"inLanguage\":\"sv-SE\",\"@id\":\"https:\/\/www.csihelsinki.fi\/sv\/tjanster\/implementering\/#primaryimage\",\"url\":\"http:\/\/www.csihelsinki.fi\/wp-content\/uploads\/2021\/12\/project-1-scaled.jpg\",\"contentUrl\":\"http:\/\/www.csihelsinki.fi\/wp-content\/uploads\/2021\/12\/project-1-scaled.jpg\"},{\"@type\":\"BreadcrumbList\",\"@id\":\"https:\/\/www.csihelsinki.fi\/sv\/tjanster\/implementering\/#breadcrumb\",\"itemListElement\":[{\"@type\":\"ListItem\",\"position\":1,\"name\":\"Etusivu\",\"item\":\"https:\/\/www.csihelsinki.fi\/sv\/\"},{\"@type\":\"ListItem\",\"position\":2,\"name\":\"Tj\u00e4nster\",\"item\":\"https:\/\/www.csihelsinki.fi\/palvelut\/\"},{\"@type\":\"ListItem\",\"position\":3,\"name\":\"Implementering\"}]},{\"@type\":\"WebSite\",\"@id\":\"https:\/\/www.csihelsinki.fi\/#website\",\"url\":\"https:\/\/www.csihelsinki.fi\/\",\"name\":\"Csi Helsinki home\",\"description\":\"CSI-ohjelmistot \u2013 enemm\u00e4n aikaa asianajotoiminnalle\",\"publisher\":{\"@id\":\"https:\/\/www.csihelsinki.fi\/#organization\"},\"potentialAction\":[{\"@type\":\"SearchAction\",\"target\":{\"@type\":\"EntryPoint\",\"urlTemplate\":\"https:\/\/www.csihelsinki.fi\/?s={search_term_string}\"},\"query-input\":{\"@type\":\"PropertyValueSpecification\",\"valueRequired\":true,\"valueName\":\"search_term_string\"}}],\"inLanguage\":\"sv-SE\"},{\"@type\":\"Organization\",\"@id\":\"https:\/\/www.csihelsinki.fi\/#organization\",\"name\":\"Csi Helsinki home\",\"url\":\"https:\/\/www.csihelsinki.fi\/\",\"logo\":{\"@type\":\"ImageObject\",\"inLanguage\":\"sv-SE\",\"@id\":\"https:\/\/www.csihelsinki.fi\/#\/schema\/logo\/image\/\",\"url\":\"https:\/\/www.csihelsinki.fi\/wp-content\/uploads\/2021\/06\/logo.png\",\"contentUrl\":\"https:\/\/www.csihelsinki.fi\/wp-content\/uploads\/2021\/06\/logo.png\",\"width\":130,\"height\":65,\"caption\":\"Csi Helsinki home\"},\"image\":{\"@id\":\"https:\/\/www.csihelsinki.fi\/#\/schema\/logo\/image\/\"}}]}<\/script>\n<!-- \/ Yoast SEO plugin. -->","yoast_head_json":{"title":"Smidig implementering med CSI:s implementeringsmodell","description":"V\u00e5ra erfarna specialister ser till att implementeringen fortskrider som planerat och att slutresultatet motsvarar f\u00f6rv\u00e4ntningarna.","robots":{"index":"index","follow":"follow","max-snippet":"max-snippet:-1","max-image-preview":"max-image-preview:large","max-video-preview":"max-video-preview:-1"},"canonical":"https:\/\/www.csihelsinki.fi\/sv\/tjanster\/implementering\/","og_locale":"sv_SE","og_type":"article","og_title":"Smidig implementering med CSI:s implementeringsmodell","og_description":"V\u00e5ra erfarna specialister ser till att implementeringen fortskrider som planerat och att slutresultatet motsvarar f\u00f6rv\u00e4ntningarna.","og_url":"https:\/\/www.csihelsinki.fi\/sv\/tjanster\/implementering\/","og_site_name":"Csi Helsinki home","article_modified_time":"2025-10-05T20:37:50+00:00","og_image":[{"width":2560,"height":1070,"url":"https:\/\/www.csihelsinki.fi\/wp-content\/uploads\/2021\/12\/project-1-scaled.jpg","type":"image\/jpeg"}],"twitter_card":"summary_large_image","schema":{"@context":"https:\/\/schema.org","@graph":[{"@type":"WebPage","@id":"https:\/\/www.csihelsinki.fi\/sv\/tjanster\/implementering\/","url":"https:\/\/www.csihelsinki.fi\/sv\/tjanster\/implementering\/","name":"Smidig implementering med CSI:s implementeringsmodell","isPartOf":{"@id":"https:\/\/www.csihelsinki.fi\/#website"},"primaryImageOfPage":{"@id":"https:\/\/www.csihelsinki.fi\/sv\/tjanster\/implementering\/#primaryimage"},"image":{"@id":"https:\/\/www.csihelsinki.fi\/sv\/tjanster\/implementering\/#primaryimage"},"thumbnailUrl":"http:\/\/www.csihelsinki.fi\/wp-content\/uploads\/2021\/12\/project-1-scaled.jpg","datePublished":"2021-11-16T12:31:38+00:00","dateModified":"2025-10-05T20:37:50+00:00","description":"V\u00e5ra erfarna specialister ser till att implementeringen fortskrider som planerat och att slutresultatet motsvarar f\u00f6rv\u00e4ntningarna.","breadcrumb":{"@id":"https:\/\/www.csihelsinki.fi\/sv\/tjanster\/implementering\/#breadcrumb"},"inLanguage":"sv-SE","potentialAction":[{"@type":"ReadAction","target":["https:\/\/www.csihelsinki.fi\/sv\/tjanster\/implementering\/"]}]},{"@type":"ImageObject","inLanguage":"sv-SE","@id":"https:\/\/www.csihelsinki.fi\/sv\/tjanster\/implementering\/#primaryimage","url":"http:\/\/www.csihelsinki.fi\/wp-content\/uploads\/2021\/12\/project-1-scaled.jpg","contentUrl":"http:\/\/www.csihelsinki.fi\/wp-content\/uploads\/2021\/12\/project-1-scaled.jpg"},{"@type":"BreadcrumbList","@id":"https:\/\/www.csihelsinki.fi\/sv\/tjanster\/implementering\/#breadcrumb","itemListElement":[{"@type":"ListItem","position":1,"name":"Etusivu","item":"https:\/\/www.csihelsinki.fi\/sv\/"},{"@type":"ListItem","position":2,"name":"Tj\u00e4nster","item":"https:\/\/www.csihelsinki.fi\/palvelut\/"},{"@type":"ListItem","position":3,"name":"Implementering"}]},{"@type":"WebSite","@id":"https:\/\/www.csihelsinki.fi\/#website","url":"https:\/\/www.csihelsinki.fi\/","name":"Csi Helsinki home","description":"CSI-ohjelmistot \u2013 enemm\u00e4n aikaa asianajotoiminnalle","publisher":{"@id":"https:\/\/www.csihelsinki.fi\/#organization"},"potentialAction":[{"@type":"SearchAction","target":{"@type":"EntryPoint","urlTemplate":"https:\/\/www.csihelsinki.fi\/?s={search_term_string}"},"query-input":{"@type":"PropertyValueSpecification","valueRequired":true,"valueName":"search_term_string"}}],"inLanguage":"sv-SE"},{"@type":"Organization","@id":"https:\/\/www.csihelsinki.fi\/#organization","name":"Csi Helsinki home","url":"https:\/\/www.csihelsinki.fi\/","logo":{"@type":"ImageObject","inLanguage":"sv-SE","@id":"https:\/\/www.csihelsinki.fi\/#\/schema\/logo\/image\/","url":"https:\/\/www.csihelsinki.fi\/wp-content\/uploads\/2021\/06\/logo.png","contentUrl":"https:\/\/www.csihelsinki.fi\/wp-content\/uploads\/2021\/06\/logo.png","width":130,"height":65,"caption":"Csi Helsinki home"},"image":{"@id":"https:\/\/www.csihelsinki.fi\/#\/schema\/logo\/image\/"}}]}},"_links":{"self":[{"href":"https:\/\/www.csihelsinki.fi\/sv\/wp-json\/wp\/v2\/pages\/11489","targetHints":{"allow":["GET"]}}],"collection":[{"href":"https:\/\/www.csihelsinki.fi\/sv\/wp-json\/wp\/v2\/pages"}],"about":[{"href":"https:\/\/www.csihelsinki.fi\/sv\/wp-json\/wp\/v2\/types\/page"}],"author":[{"embeddable":true,"href":"https:\/\/www.csihelsinki.fi\/sv\/wp-json\/wp\/v2\/users\/2"}],"replies":[{"embeddable":true,"href":"https:\/\/www.csihelsinki.fi\/sv\/wp-json\/wp\/v2\/comments?post=11489"}],"version-history":[{"count":10,"href":"https:\/\/www.csihelsinki.fi\/sv\/wp-json\/wp\/v2\/pages\/11489\/revisions"}],"predecessor-version":[{"id":15515,"href":"https:\/\/www.csihelsinki.fi\/sv\/wp-json\/wp\/v2\/pages\/11489\/revisions\/15515"}],"up":[{"embeddable":true,"href":"https:\/\/www.csihelsinki.fi\/sv\/wp-json\/wp\/v2\/pages\/11572"}],"wp:attachment":[{"href":"https:\/\/www.csihelsinki.fi\/sv\/wp-json\/wp\/v2\/media?parent=11489"}],"curies":[{"name":"wp","href":"https:\/\/api.w.org\/{rel}","templated":true}]}}