{"id":11480,"date":"2021-11-17T08:23:01","date_gmt":"2021-11-17T08:23:01","guid":{"rendered":"http:\/\/www.csihelsinki.fi\/integrations\/"},"modified":"2026-03-22T19:19:53","modified_gmt":"2026-03-22T19:19:53","slug":"integrationer","status":"publish","type":"page","link":"https:\/\/www.csihelsinki.fi\/sv\/losningar\/integrationer\/","title":{"rendered":"Integrationer"},"content":{"rendered":"\n<div class=\"wp-block-cover\"><span aria-hidden=\"true\" class=\"wp-block-cover__background has-background-dim-70 has-background-dim\" style=\"background-color:#0090a6\"><\/span><img loading=\"lazy\" decoding=\"async\" width=\"2560\" height=\"1709\" class=\"wp-block-cover__image-background wp-image-10204\" alt=\"\" src=\"http:\/\/www.csihelsinki.fi\/wp-content\/uploads\/2021\/12\/Puzzle-pieces-ID-16556-scaled.jpg\" data-object-fit=\"cover\" srcset=\"https:\/\/www.csihelsinki.fi\/wp-content\/uploads\/2021\/12\/Puzzle-pieces-ID-16556-scaled.jpg 2560w, https:\/\/www.csihelsinki.fi\/wp-content\/uploads\/2021\/12\/Puzzle-pieces-ID-16556-300x200.jpg 300w, https:\/\/www.csihelsinki.fi\/wp-content\/uploads\/2021\/12\/Puzzle-pieces-ID-16556-1024x684.jpg 1024w, https:\/\/www.csihelsinki.fi\/wp-content\/uploads\/2021\/12\/Puzzle-pieces-ID-16556-768x513.jpg 768w, https:\/\/www.csihelsinki.fi\/wp-content\/uploads\/2021\/12\/Puzzle-pieces-ID-16556-1536x1025.jpg 1536w, https:\/\/www.csihelsinki.fi\/wp-content\/uploads\/2021\/12\/Puzzle-pieces-ID-16556-2048x1367.jpg 2048w\" sizes=\"auto, (max-width: 2560px) 100vw, 2560px\" \/><div class=\"wp-block-cover__inner-container is-layout-flow wp-block-cover-is-layout-flow\">\n<div class=\"wp-block-columns page-content is-layout-flex wp-container-core-columns-is-layout-1 wp-block-columns-is-layout-flex\">\n<div class=\"wp-block-column is-layout-flow wp-block-column-is-layout-flow\" style=\"flex-basis:100%\">\n<h1 class=\"wp-block-heading\" id=\"integrationer\">Integrationer<\/h1>\n\n\n\n<p class=\"text-jumbo\">Koppla CSI Lawyer till<\/p>\n\n\n\n<ul class=\"wp-block-list\">\n<li>Tj\u00e4nster f\u00f6r klientk\u00e4nnedom (KYC)<\/li>\n\n\n\n<li>Redovisningssystem<\/li>\n\n\n\n<li>Dokumenthanteringssystem<\/li>\n\n\n\n<li>Tidregistreringsappar<\/li>\n<\/ul>\n\n\n\n<p><\/p>\n<\/div>\n<\/div>\n<\/div><\/div>\n\n\n\n<div style=\"height:50px\" aria-hidden=\"true\" class=\"wp-block-spacer\"><\/div>\n\n\n\n<div class=\"wp-block-columns page-content is-layout-flex wp-container-core-columns-is-layout-2 wp-block-columns-is-layout-flex\">\n<div class=\"wp-block-column is-layout-flow wp-block-column-is-layout-flow\" style=\"flex-basis:33.33%\">\n<h2 class=\"wp-block-heading\" id=\"bygg-en-komplett-losning-for-era-behov-med-hjalp-av-integrationer\">Koppla CSI Lawyer till era befintliga system: minska dubbelarbete, spara tid och f\u00e5 tillg\u00e5ng till uppdaterad information i realtid.<\/h2>\n\n\n\n<div style=\"height:50px\" aria-hidden=\"true\" class=\"wp-block-spacer\"><\/div>\n<\/div>\n\n\n\n<div class=\"wp-block-column is-layout-flow wp-block-column-is-layout-flow\" style=\"flex-basis:66.66%\">\n<p>Att arbeta i flera olika system leder ofta till dubbelarbete, vilket \u00e4r b\u00e5de ineffektivt och frustrerande. D\u00e4rf\u00f6r investerar vi i integrationer som kopplar samman v\u00e5rt advokatsystem med andra l\u00f6sningar som v\u00e5ra kunder redan anv\u00e4nder, s\u00e5 att informationen de beh\u00f6ver \u00f6verf\u00f6rs automatiskt.<\/p>\n\n\n\n<p>V\u00e5ra standardintegrationer till tj\u00e4nster f\u00f6r klientk\u00e4nnedom, dokumenthantering, redovisning och appar f\u00f6r tidregistrering ger er en helhetsl\u00f6sning som minskar manuellt arbete, reducerar risken f\u00f6r fel och effektiviserar era aff\u00e4rsprocesser.<\/p>\n<\/div>\n<\/div>\n\n\n\n<div style=\"height:50px\" aria-hidden=\"true\" class=\"wp-block-spacer\"><\/div>\n\n\n\n<div class=\"wp-block-columns page-content bg-gray is-layout-flex wp-container-core-columns-is-layout-4 wp-block-columns-is-layout-flex\">\n<div class=\"wp-block-column is-layout-flow wp-block-column-is-layout-flow\">\n<h3 class=\"wp-block-heading has-text-align-left\" id=\"kyc-tjanster\">Tj\u00e4nster f\u00f6r klientk\u00e4nnedom (KYC)<\/h3>\n\n\n\n<p class=\"has-text-align-left text-jumbo\">Klientidentifiering och verifiering av klientens identitet sker alltid utanf\u00f6r CSI Lawyer. I programvaran kan ni dock ange \u00f6nskad identifieringsniv\u00e5 och giltighetsperiod separat f\u00f6r varje klient. Status f\u00f6r identifieringsprocessen visas i programvaran, vilket g\u00f6r det l\u00e4ttare att behandla \u00e4rendet p\u00e5 korrekt s\u00e4tt tills identifieringen har slutf\u00f6rts.<\/p>\n\n\n\n<div style=\"height:20px\" aria-hidden=\"true\" class=\"wp-block-spacer\"><\/div>\n\n\n\n<div class=\"wp-block-columns is-layout-flex wp-container-core-columns-is-layout-3 wp-block-columns-is-layout-flex\">\n<div class=\"wp-block-column is-layout-flow wp-block-column-is-layout-flow\" style=\"flex-basis:80%\">\n<p>KYC-tj\u00e4nsterna <a href=\"https:\/\/bjornlunden.com\/se\/juridik-kunskap\/compliance-kyc-aml\/\">Lundify Compliance<\/a> och <a href=\"https:\/\/www.almainsights.fi\/kaikki-tuotteet-ja-palvelut\/doks-en\/\">DOKS<\/a> kan integreras med CSI Lawyer.<\/p>\n\n\n\n<p>Tack vare integrationen kan ni inleda en \u00e4rendespecifik identifiering i KYC-tj\u00e4nsten varje g\u00e5ng ni \u00f6ppnar ett nytt \u00e4rende i CSI Lawyer. Sj\u00e4lva identifieringen genomf\u00f6rs i KYC-tj\u00e4nsten, men ni kan f\u00f6lja f\u00f6rloppet i CSI Lawyer med ett enda klick.<\/p>\n\n\n\n<p>N\u00e4r identifieringen \u00e4r slutf\u00f6rt i KYC-tj\u00e4nsten bekr\u00e4ftas detta i CSI Lawyer, s\u00e5 att teamet kan forts\u00e4tta hantera \u00e4rendet utan begr\u00e4nsningar. Fr\u00e5n identifieringsprocessen \u00f6verf\u00f6rs endast information om status, identifieringsdatum och ID till CSI Lawyer. Alla \u00f6vriga uppgifter om identifieringen finns endast i KYC-tj\u00e4nsten.<\/p>\n<\/div>\n\n\n\n<div class=\"wp-block-column is-layout-flow wp-block-column-is-layout-flow\" style=\"flex-basis:20%\"><div class=\"wp-block-image\">\n<figure class=\"aligncenter size-full is-resized\"><img loading=\"lazy\" decoding=\"async\" width=\"523\" height=\"624\" src=\"https:\/\/www.csihelsinki.fi\/wp-content\/uploads\/2026\/03\/kyc-integration-SWE.png\" alt=\"\" class=\"wp-image-15828\" style=\"width:180px\" srcset=\"https:\/\/www.csihelsinki.fi\/wp-content\/uploads\/2026\/03\/kyc-integration-SWE.png 523w, https:\/\/www.csihelsinki.fi\/wp-content\/uploads\/2026\/03\/kyc-integration-SWE-251x300.png 251w\" sizes=\"auto, (max-width: 523px) 100vw, 523px\" \/><\/figure><\/div><\/div>\n<\/div>\n<\/div>\n<\/div>\n\n\n\n<div style=\"height:30px\" aria-hidden=\"true\" class=\"wp-block-spacer\"><\/div>\n\n\n\n<div class=\"wp-block-columns is-layout-flex wp-container-core-columns-is-layout-5 wp-block-columns-is-layout-flex\">\n<div class=\"wp-block-column page-content is-layout-flow wp-block-column-is-layout-flow\">\n<h3 class=\"wp-block-heading has-text-align-left\" id=\"redovisningssystem\">Redovisningssystem<\/h3>\n\n\n\n<p class=\"has-text-align-left text-jumbo\">Integrationer med redovisningssystem g\u00f6r det enkelt att \u00f6verf\u00f6ra faktureringsunderlag f\u00f6r bokf\u00f6ring. Kundreskontran kan hanteras i CSI Lawyer eller i redovisningssystemet.<\/p>\n<\/div>\n<\/div>\n\n\n\n<div style=\"height:20px\" aria-hidden=\"true\" class=\"wp-block-spacer\"><\/div>\n\n\n\n<div class=\"wp-block-columns page-content is-layout-flex wp-container-core-columns-is-layout-6 wp-block-columns-is-layout-flex\">\n<div class=\"wp-block-column is-layout-flow wp-block-column-is-layout-flow\" style=\"flex-basis:20%\">\n<figure class=\"wp-block-image size-large is-resized\"><img loading=\"lazy\" decoding=\"async\" width=\"378\" height=\"1024\" src=\"https:\/\/www.csihelsinki.fi\/wp-content\/uploads\/2024\/02\/Kirjanpitointegraatiot-SWE-2-378x1024.png\" alt=\"\" class=\"wp-image-14633\" style=\"width:150px\" srcset=\"https:\/\/www.csihelsinki.fi\/wp-content\/uploads\/2024\/02\/Kirjanpitointegraatiot-SWE-2-378x1024.png 378w, https:\/\/www.csihelsinki.fi\/wp-content\/uploads\/2024\/02\/Kirjanpitointegraatiot-SWE-2-111x300.png 111w, https:\/\/www.csihelsinki.fi\/wp-content\/uploads\/2024\/02\/Kirjanpitointegraatiot-SWE-2.png 523w\" sizes=\"auto, (max-width: 378px) 100vw, 378px\" \/><\/figure>\n<\/div>\n\n\n\n<div class=\"wp-block-column is-layout-flow wp-block-column-is-layout-flow\" style=\"flex-basis:80%\">\n<p>Vi erbjuder standardintegrationer med dubbelriktad \u00f6verf\u00f6ring f\u00f6r Fortnox, Fennoa, Netvisor och Procountor.<\/p>\n\n\n\n<p>Standardintegrationerna g\u00f6r det m\u00f6jligt att \u00f6verf\u00f6ra fakturor fr\u00e5n CSI Lawyer till redovisningssystemet, tillsammans med den \u00e4rendeinformation som kr\u00e4vs f\u00f6r att skapa \u00e4renderelaterade utl\u00e4ggposter. Vid behov kan \u00e4ven information om kostnadsst\u00e4llen \u00f6verf\u00f6ras i redovisningssyfte.<\/p>\n\n\n\n<p>Integrationen inneb\u00e4r \u00e4ven att uppgifter kan \u00f6verf\u00f6ras fr\u00e5n redovisningssystemet till CSI Lawyer, till exempel alla betalningar som justerats mot fakturor samt eventuella utl\u00e4gg kopplade till CSI-\u00e4renden &#8211; s\u00e5 att dessa kan inkluderas i klientfakturan.<\/p>\n\n\n\n<p>Integrationerna med Directo och Hogia inneb\u00e4r att samma uppgifter kan \u00f6verf\u00f6ras som i standardintegrationerna, men konfigurationen g\u00f6rs alltid specifikt f\u00f6r varje kund.<\/p>\n\n\n\n<p>Om ert f\u00f6retag anv\u00e4nder n\u00e5got annat redovisningssystem kan ni alltid \u00f6verf\u00f6ra faktureringsunderlag manuellt till systemet.<\/p>\n<\/div>\n<\/div>\n\n\n\n<div style=\"height:30px\" aria-hidden=\"true\" class=\"wp-block-spacer\"><\/div>\n\n\n\n<div class=\"wp-block-columns page-content bg-gray is-layout-flex wp-container-core-columns-is-layout-8 wp-block-columns-is-layout-flex\">\n<div class=\"wp-block-column is-layout-flow wp-block-column-is-layout-flow\">\n<h3 class=\"wp-block-heading has-text-align-left\" id=\"dokumenthanteringssystem\">Dokumenthanteringssystem<\/h3>\n\n\n\n<p class=\"has-text-align-left text-jumbo\">Programvaran kan kopplas till de vanligaste dokumenthanteringssystemen i branschen via integration eller metadata\u00f6verf\u00f6ring. N\u00e4r dokument sparas i NetDocuments, iManage, eller M-Files med koppling till en klient eller ett \u00e4rende kan \u00e4rendeteamet enkelt hitta dem i programvaran. Dokumentmappen visas i ett f\u00f6nster f\u00f6r dokumenthanteringssystemet, s\u00e5 att ni kan l\u00e4sa, behandla och skapa nya dokument. Om en viss klient eller ett visst \u00e4rende endast kan visas f\u00f6r en specifik grupp CSI-anv\u00e4ndare g\u00e4ller dessa begr\u00e4nsningar automatiskt \u00e4ven f\u00f6r de kopplade dokumenten.<\/p>\n\n\n\n<p>CSI fungerar som \u00e5terf\u00f6rs\u00e4ljare av NetDocuments och M-Files, vilket f\u00f6r kunderna m\u00f6jligg\u00f6r best\u00e4llning av licenser, implementering och integrationer direkt via CSI.<\/p>\n\n\n\n<div style=\"height:20px\" aria-hidden=\"true\" class=\"wp-block-spacer\"><\/div>\n\n\n\n<div class=\"wp-block-columns is-layout-flex wp-container-core-columns-is-layout-7 wp-block-columns-is-layout-flex\">\n<div class=\"wp-block-column is-layout-flow wp-block-column-is-layout-flow\" style=\"flex-basis:80%\">\n<p><strong>NetDocuments <\/strong>\u00e4r en ledande molnbaserad l\u00f6sning f\u00f6r dokument- och inneh\u00e5llshantering, utvecklad f\u00f6r juristbranschen. Systemet erbjuder l\u00e4ttanv\u00e4nda och s\u00e4kra verktyg f\u00f6r att skapa, redigera, versionshantera och s\u00f6ka dokument. NetDocuments \u00e4rendespecifika arbetsytor g\u00f6r dokumenthanteringen smidig. Med hj\u00e4lp av m\u00e5ngsidiga anv\u00e4ndarr\u00e4ttigheter kan ni \u00e4ven dela dokument med kontakter utanf\u00f6r den egna organisationen.<\/p>\n\n\n\n<p><\/p>\n\n\n\n<p><strong>M-Files <\/strong>erbjuder avancerade funktioner f\u00f6r dokuments\u00f6kning, redigering, versionshantering och dokuments\u00e4kerhet. F\u00f6r v\u00e5ra molntj\u00e4nstkunder finns M-Files \u00e4ven tillg\u00e4ngligt som molntj\u00e4nst.<\/p>\n<\/div>\n\n\n\n<div class=\"wp-block-column is-layout-flow wp-block-column-is-layout-flow\" style=\"flex-basis:20%\"><div class=\"wp-block-image\">\n<figure class=\"aligncenter size-full is-resized\"><img loading=\"lazy\" decoding=\"async\" width=\"521\" height=\"864\" src=\"https:\/\/www.csihelsinki.fi\/wp-content\/uploads\/2026\/03\/document-management-integrations-SWE.png\" alt=\"\" class=\"wp-image-15832\" style=\"width:180px\" srcset=\"https:\/\/www.csihelsinki.fi\/wp-content\/uploads\/2026\/03\/document-management-integrations-SWE.png 521w, https:\/\/www.csihelsinki.fi\/wp-content\/uploads\/2026\/03\/document-management-integrations-SWE-181x300.png 181w\" sizes=\"auto, (max-width: 521px) 100vw, 521px\" \/><\/figure><\/div><\/div>\n<\/div>\n<\/div>\n<\/div>\n\n\n\n<div style=\"height:30px\" aria-hidden=\"true\" class=\"wp-block-spacer\"><\/div>\n\n\n\n<div class=\"wp-block-columns page-content is-layout-flex wp-container-core-columns-is-layout-10 wp-block-columns-is-layout-flex\">\n<div class=\"wp-block-column is-layout-flow wp-block-column-is-layout-flow\">\n<h3 class=\"wp-block-heading has-text-align-left\" id=\"tidsregistreringssystem\">System f\u00f6r tidregistrering<\/h3>\n\n\n\n<p class=\"has-text-align-left text-jumbo\">I programvaran finns flera s\u00e4tt att registrera fakturerbar tid och arbetstid. Det g\u00e5r \u00e4ven att anv\u00e4nda mobilenheter eller skrivbordsappen CSI MyDesk f\u00f6r snabb och enkel tidregistrering. D\u00e4rut\u00f6ver kan man integrera en separat tidregistreringsapp i programvaran.<\/p>\n\n\n\n<div style=\"height:20px\" aria-hidden=\"true\" class=\"wp-block-spacer\"><\/div>\n\n\n\n<div class=\"wp-block-columns is-layout-flex wp-container-core-columns-is-layout-9 wp-block-columns-is-layout-flex\">\n<div class=\"wp-block-column is-layout-flow wp-block-column-is-layout-flow\" style=\"flex-basis:20%\"><div class=\"wp-block-image\">\n<figure class=\"aligncenter size-full is-resized\"><img loading=\"lazy\" decoding=\"async\" width=\"522\" height=\"388\" src=\"https:\/\/www.csihelsinki.fi\/wp-content\/uploads\/2024\/10\/3.4-Integraatiot-Kirjaukset.png\" alt=\"\" class=\"wp-image-15085\" style=\"width:214px;height:auto\" srcset=\"https:\/\/www.csihelsinki.fi\/wp-content\/uploads\/2024\/10\/3.4-Integraatiot-Kirjaukset.png 522w, https:\/\/www.csihelsinki.fi\/wp-content\/uploads\/2024\/10\/3.4-Integraatiot-Kirjaukset-300x223.png 300w\" sizes=\"auto, (max-width: 522px) 100vw, 522px\" \/><\/figure><\/div><\/div>\n\n\n\n<div class=\"wp-block-column is-layout-flow wp-block-column-is-layout-flow\" style=\"flex-basis:80%\">\n<p>Ilves MyActivities Pro h\u00e4mtar dagliga aktiviteter fr\u00e5n anslutna system till en tidslinje, fr\u00e5n vilken de enkelt kan dras till CSI Lawyer f\u00f6r fakturering. L\u00e4s mer om Ilves MyActivities Pro <a href=\"https:\/\/www.ilvessolutions.fi\/en\/products\/ilves-myactivities\/\">h\u00e4r<\/a>.<\/p>\n\n\n\n<p>Integrationen med TIQ Time inneb\u00e4r att arbetstid som registrerats i TIQ Time synkroniseras som fakturerbar tid i CSI Lawyer. Fr\u00e5n CSI Lawyer \u00f6verf\u00f6rs den n\u00f6dv\u00e4ndiga \u00e4rendeinformationen till TIQ Time, s\u00e5 att all registrerad tid kopplas till r\u00e4tt CSI-\u00e4rende.<\/p>\n\n\n\n<p><\/p>\n<\/div>\n<\/div>\n<\/div>\n<\/div>\n\n\n\n<div style=\"height:30px\" aria-hidden=\"true\" class=\"wp-block-spacer\"><\/div>\n\n\n\n<div class=\"wp-block-columns page-content bg-gray is-layout-flex wp-container-core-columns-is-layout-11 wp-block-columns-is-layout-flex\">\n<div class=\"wp-block-column is-layout-flow wp-block-column-is-layout-flow\" style=\"flex-basis:33.33%\">\n<h2 class=\"wp-block-heading\" id=\"las-ocksa-om\">L\u00e4s ocks\u00e5 om\u2026 <\/h2>\n<\/div>\n\n\n\n<div class=\"wp-block-column is-layout-flow wp-block-column-is-layout-flow\" style=\"flex-basis:32%\">\n<p class=\"arrow-right text-jumbo\"><a href=\"https:\/\/www.csihelsinki.fi\/sv\/losningar\/csi-lawyer\/\"><strong>CSI Lawyer<\/strong><\/a><\/p>\n\n\n\n<p class=\"arrow-right text-jumbo\"><a href=\"https:\/\/www.csihelsinki.fi\/sv\/funktioner\/arendehantering\/\"><strong>\u00c4rendehantering<\/strong><\/a><\/p>\n\n\n\n<p class=\"arrow-right text-jumbo\"><a href=\"https:\/\/www.csihelsinki.fi\/sv\/funktioner\/tidregistrering\/\"><strong>Tidregistrering<\/strong><\/a><\/p>\n\n\n\n<p class=\"arrow-right text-jumbo\"><a href=\"https:\/\/www.csihelsinki.fi\/sv\/funktioner\/fakturering\/\"><strong>Fakturering<\/strong><\/a><\/p>\n<\/div>\n\n\n\n<div class=\"wp-block-column is-layout-flow wp-block-column-is-layout-flow\" style=\"flex-basis:32%\">\n<p class=\"arrow-right text-jumbo\"><strong><a href=\"https:\/\/www.csihelsinki.fi\/sv\/foretaget\/partners\/netdocuments-2\/\">Dokumenthantering<\/a><\/strong><\/p>\n\n\n\n<p class=\"arrow-right text-jumbo\"><a href=\"https:\/\/www.csihelsinki.fi\/sv\/funktioner\/rapportering\/\"><strong>Rapportering<\/strong><\/a><\/p>\n\n\n\n<p class=\"arrow-right text-jumbo\"><a href=\"https:\/\/www.csihelsinki.fi\/sv\/losningar\/fordelar\/\"><strong>F\u00f6rdelar<\/strong><\/a><\/p>\n\n\n\n<p><\/p>\n\n\n\n<p><\/p>\n<\/div>\n<\/div>\n\n\n\n<p><\/p>\n","protected":false},"excerpt":{"rendered":"","protected":false},"author":2,"featured_media":0,"parent":11574,"menu_order":4,"comment_status":"closed","ping_status":"closed","template":"","meta":{"_acf_changed":false,"footnotes":""},"class_list":["post-11480","page","type-page","status-publish","hentry"],"acf":[],"yoast_head":"<!-- This site is optimized with the Yoast SEO plugin v26.8 - https:\/\/yoast.com\/product\/yoast-seo-wordpress\/ -->\n<title>Integrationer till andra verktyg f\u00f6rb\u00e4ttrar effektiviteten<\/title>\n<meta name=\"description\" content=\"Genom att integrera andra system eller tj\u00e4nster till CSI Lawyer kan du minska m\u00e4ngden manuellt arbete och risken f\u00f6r fel.\" \/>\n<meta name=\"robots\" content=\"index, follow, max-snippet:-1, max-image-preview:large, max-video-preview:-1\" \/>\n<link rel=\"canonical\" href=\"https:\/\/www.csihelsinki.fi\/sv\/losningar\/integrationer\/\" \/>\n<meta property=\"og:locale\" content=\"sv_SE\" \/>\n<meta property=\"og:type\" content=\"article\" \/>\n<meta property=\"og:title\" content=\"Integrationer till andra verktyg f\u00f6rb\u00e4ttrar effektiviteten\" \/>\n<meta property=\"og:description\" content=\"Genom att integrera andra system eller tj\u00e4nster till CSI Lawyer kan du minska m\u00e4ngden manuellt arbete och risken f\u00f6r fel.\" \/>\n<meta property=\"og:url\" content=\"https:\/\/www.csihelsinki.fi\/sv\/losningar\/integrationer\/\" \/>\n<meta property=\"og:site_name\" content=\"Csi Helsinki home\" \/>\n<meta property=\"article:modified_time\" content=\"2026-03-22T19:19:53+00:00\" \/>\n<meta property=\"og:image\" content=\"https:\/\/www.csihelsinki.fi\/wp-content\/uploads\/2021\/12\/Puzzle-pieces-ID-16556-scaled.jpg\" \/>\n\t<meta property=\"og:image:width\" content=\"2560\" \/>\n\t<meta property=\"og:image:height\" content=\"1709\" \/>\n\t<meta property=\"og:image:type\" content=\"image\/jpeg\" \/>\n<meta name=\"twitter:card\" content=\"summary_large_image\" \/>\n<script type=\"application\/ld+json\" class=\"yoast-schema-graph\">{\"@context\":\"https:\/\/schema.org\",\"@graph\":[{\"@type\":\"WebPage\",\"@id\":\"https:\/\/www.csihelsinki.fi\/sv\/losningar\/integrationer\/\",\"url\":\"https:\/\/www.csihelsinki.fi\/sv\/losningar\/integrationer\/\",\"name\":\"Integrationer till andra verktyg f\u00f6rb\u00e4ttrar effektiviteten\",\"isPartOf\":{\"@id\":\"https:\/\/www.csihelsinki.fi\/#website\"},\"primaryImageOfPage\":{\"@id\":\"https:\/\/www.csihelsinki.fi\/sv\/losningar\/integrationer\/#primaryimage\"},\"image\":{\"@id\":\"https:\/\/www.csihelsinki.fi\/sv\/losningar\/integrationer\/#primaryimage\"},\"thumbnailUrl\":\"http:\/\/www.csihelsinki.fi\/wp-content\/uploads\/2021\/12\/Puzzle-pieces-ID-16556-scaled.jpg\",\"datePublished\":\"2021-11-17T08:23:01+00:00\",\"dateModified\":\"2026-03-22T19:19:53+00:00\",\"description\":\"Genom att integrera andra system eller tj\u00e4nster till CSI Lawyer kan du minska m\u00e4ngden manuellt arbete och risken f\u00f6r fel.\",\"breadcrumb\":{\"@id\":\"https:\/\/www.csihelsinki.fi\/sv\/losningar\/integrationer\/#breadcrumb\"},\"inLanguage\":\"sv-SE\",\"potentialAction\":[{\"@type\":\"ReadAction\",\"target\":[\"https:\/\/www.csihelsinki.fi\/sv\/losningar\/integrationer\/\"]}]},{\"@type\":\"ImageObject\",\"inLanguage\":\"sv-SE\",\"@id\":\"https:\/\/www.csihelsinki.fi\/sv\/losningar\/integrationer\/#primaryimage\",\"url\":\"http:\/\/www.csihelsinki.fi\/wp-content\/uploads\/2021\/12\/Puzzle-pieces-ID-16556-scaled.jpg\",\"contentUrl\":\"http:\/\/www.csihelsinki.fi\/wp-content\/uploads\/2021\/12\/Puzzle-pieces-ID-16556-scaled.jpg\"},{\"@type\":\"BreadcrumbList\",\"@id\":\"https:\/\/www.csihelsinki.fi\/sv\/losningar\/integrationer\/#breadcrumb\",\"itemListElement\":[{\"@type\":\"ListItem\",\"position\":1,\"name\":\"Etusivu\",\"item\":\"https:\/\/www.csihelsinki.fi\/sv\/\"},{\"@type\":\"ListItem\",\"position\":2,\"name\":\"L\u00f6sningar\",\"item\":\"https:\/\/www.csihelsinki.fi\/sv\/losningar\/\"},{\"@type\":\"ListItem\",\"position\":3,\"name\":\"Integrationer\"}]},{\"@type\":\"WebSite\",\"@id\":\"https:\/\/www.csihelsinki.fi\/#website\",\"url\":\"https:\/\/www.csihelsinki.fi\/\",\"name\":\"Csi Helsinki home\",\"description\":\"CSI-ohjelmistot \u2013 enemm\u00e4n aikaa asianajotoiminnalle\",\"publisher\":{\"@id\":\"https:\/\/www.csihelsinki.fi\/#organization\"},\"potentialAction\":[{\"@type\":\"SearchAction\",\"target\":{\"@type\":\"EntryPoint\",\"urlTemplate\":\"https:\/\/www.csihelsinki.fi\/?s={search_term_string}\"},\"query-input\":{\"@type\":\"PropertyValueSpecification\",\"valueRequired\":true,\"valueName\":\"search_term_string\"}}],\"inLanguage\":\"sv-SE\"},{\"@type\":\"Organization\",\"@id\":\"https:\/\/www.csihelsinki.fi\/#organization\",\"name\":\"Csi Helsinki home\",\"url\":\"https:\/\/www.csihelsinki.fi\/\",\"logo\":{\"@type\":\"ImageObject\",\"inLanguage\":\"sv-SE\",\"@id\":\"https:\/\/www.csihelsinki.fi\/#\/schema\/logo\/image\/\",\"url\":\"https:\/\/www.csihelsinki.fi\/wp-content\/uploads\/2021\/06\/logo.png\",\"contentUrl\":\"https:\/\/www.csihelsinki.fi\/wp-content\/uploads\/2021\/06\/logo.png\",\"width\":130,\"height\":65,\"caption\":\"Csi Helsinki home\"},\"image\":{\"@id\":\"https:\/\/www.csihelsinki.fi\/#\/schema\/logo\/image\/\"}}]}<\/script>\n<!-- \/ Yoast SEO plugin. -->","yoast_head_json":{"title":"Integrationer till andra verktyg f\u00f6rb\u00e4ttrar effektiviteten","description":"Genom att integrera andra system eller tj\u00e4nster till CSI Lawyer kan du minska m\u00e4ngden manuellt arbete och risken f\u00f6r fel.","robots":{"index":"index","follow":"follow","max-snippet":"max-snippet:-1","max-image-preview":"max-image-preview:large","max-video-preview":"max-video-preview:-1"},"canonical":"https:\/\/www.csihelsinki.fi\/sv\/losningar\/integrationer\/","og_locale":"sv_SE","og_type":"article","og_title":"Integrationer till andra verktyg f\u00f6rb\u00e4ttrar effektiviteten","og_description":"Genom att integrera andra system eller tj\u00e4nster till CSI Lawyer kan du minska m\u00e4ngden manuellt arbete och risken f\u00f6r fel.","og_url":"https:\/\/www.csihelsinki.fi\/sv\/losningar\/integrationer\/","og_site_name":"Csi Helsinki home","article_modified_time":"2026-03-22T19:19:53+00:00","og_image":[{"width":2560,"height":1709,"url":"https:\/\/www.csihelsinki.fi\/wp-content\/uploads\/2021\/12\/Puzzle-pieces-ID-16556-scaled.jpg","type":"image\/jpeg"}],"twitter_card":"summary_large_image","schema":{"@context":"https:\/\/schema.org","@graph":[{"@type":"WebPage","@id":"https:\/\/www.csihelsinki.fi\/sv\/losningar\/integrationer\/","url":"https:\/\/www.csihelsinki.fi\/sv\/losningar\/integrationer\/","name":"Integrationer till andra verktyg f\u00f6rb\u00e4ttrar effektiviteten","isPartOf":{"@id":"https:\/\/www.csihelsinki.fi\/#website"},"primaryImageOfPage":{"@id":"https:\/\/www.csihelsinki.fi\/sv\/losningar\/integrationer\/#primaryimage"},"image":{"@id":"https:\/\/www.csihelsinki.fi\/sv\/losningar\/integrationer\/#primaryimage"},"thumbnailUrl":"http:\/\/www.csihelsinki.fi\/wp-content\/uploads\/2021\/12\/Puzzle-pieces-ID-16556-scaled.jpg","datePublished":"2021-11-17T08:23:01+00:00","dateModified":"2026-03-22T19:19:53+00:00","description":"Genom att integrera andra system eller tj\u00e4nster till CSI Lawyer kan du minska m\u00e4ngden manuellt arbete och risken f\u00f6r fel.","breadcrumb":{"@id":"https:\/\/www.csihelsinki.fi\/sv\/losningar\/integrationer\/#breadcrumb"},"inLanguage":"sv-SE","potentialAction":[{"@type":"ReadAction","target":["https:\/\/www.csihelsinki.fi\/sv\/losningar\/integrationer\/"]}]},{"@type":"ImageObject","inLanguage":"sv-SE","@id":"https:\/\/www.csihelsinki.fi\/sv\/losningar\/integrationer\/#primaryimage","url":"http:\/\/www.csihelsinki.fi\/wp-content\/uploads\/2021\/12\/Puzzle-pieces-ID-16556-scaled.jpg","contentUrl":"http:\/\/www.csihelsinki.fi\/wp-content\/uploads\/2021\/12\/Puzzle-pieces-ID-16556-scaled.jpg"},{"@type":"BreadcrumbList","@id":"https:\/\/www.csihelsinki.fi\/sv\/losningar\/integrationer\/#breadcrumb","itemListElement":[{"@type":"ListItem","position":1,"name":"Etusivu","item":"https:\/\/www.csihelsinki.fi\/sv\/"},{"@type":"ListItem","position":2,"name":"L\u00f6sningar","item":"https:\/\/www.csihelsinki.fi\/sv\/losningar\/"},{"@type":"ListItem","position":3,"name":"Integrationer"}]},{"@type":"WebSite","@id":"https:\/\/www.csihelsinki.fi\/#website","url":"https:\/\/www.csihelsinki.fi\/","name":"Csi Helsinki home","description":"CSI-ohjelmistot \u2013 enemm\u00e4n aikaa asianajotoiminnalle","publisher":{"@id":"https:\/\/www.csihelsinki.fi\/#organization"},"potentialAction":[{"@type":"SearchAction","target":{"@type":"EntryPoint","urlTemplate":"https:\/\/www.csihelsinki.fi\/?s={search_term_string}"},"query-input":{"@type":"PropertyValueSpecification","valueRequired":true,"valueName":"search_term_string"}}],"inLanguage":"sv-SE"},{"@type":"Organization","@id":"https:\/\/www.csihelsinki.fi\/#organization","name":"Csi Helsinki home","url":"https:\/\/www.csihelsinki.fi\/","logo":{"@type":"ImageObject","inLanguage":"sv-SE","@id":"https:\/\/www.csihelsinki.fi\/#\/schema\/logo\/image\/","url":"https:\/\/www.csihelsinki.fi\/wp-content\/uploads\/2021\/06\/logo.png","contentUrl":"https:\/\/www.csihelsinki.fi\/wp-content\/uploads\/2021\/06\/logo.png","width":130,"height":65,"caption":"Csi Helsinki home"},"image":{"@id":"https:\/\/www.csihelsinki.fi\/#\/schema\/logo\/image\/"}}]}},"_links":{"self":[{"href":"https:\/\/www.csihelsinki.fi\/sv\/wp-json\/wp\/v2\/pages\/11480","targetHints":{"allow":["GET"]}}],"collection":[{"href":"https:\/\/www.csihelsinki.fi\/sv\/wp-json\/wp\/v2\/pages"}],"about":[{"href":"https:\/\/www.csihelsinki.fi\/sv\/wp-json\/wp\/v2\/types\/page"}],"author":[{"embeddable":true,"href":"https:\/\/www.csihelsinki.fi\/sv\/wp-json\/wp\/v2\/users\/2"}],"replies":[{"embeddable":true,"href":"https:\/\/www.csihelsinki.fi\/sv\/wp-json\/wp\/v2\/comments?post=11480"}],"version-history":[{"count":14,"href":"https:\/\/www.csihelsinki.fi\/sv\/wp-json\/wp\/v2\/pages\/11480\/revisions"}],"predecessor-version":[{"id":15854,"href":"https:\/\/www.csihelsinki.fi\/sv\/wp-json\/wp\/v2\/pages\/11480\/revisions\/15854"}],"up":[{"embeddable":true,"href":"https:\/\/www.csihelsinki.fi\/sv\/wp-json\/wp\/v2\/pages\/11574"}],"wp:attachment":[{"href":"https:\/\/www.csihelsinki.fi\/sv\/wp-json\/wp\/v2\/media?parent=11480"}],"curies":[{"name":"wp","href":"https:\/\/api.w.org\/{rel}","templated":true}]}}