{"id":11477,"date":"2021-11-18T08:45:10","date_gmt":"2021-11-18T08:45:10","guid":{"rendered":"http:\/\/www.csihelsinki.fi\/csi-lawyer\/"},"modified":"2026-03-03T20:49:37","modified_gmt":"2026-03-03T20:49:37","slug":"csi-lawyer","status":"publish","type":"page","link":"https:\/\/www.csihelsinki.fi\/sv\/losningar\/csi-lawyer\/","title":{"rendered":"CSI Lawyer"},"content":{"rendered":"\n<div class=\"wp-block-cover\"><span aria-hidden=\"true\" class=\"wp-block-cover__background has-background-dim-70 has-background-dim\" style=\"background-color:#0090a6\"><\/span><img loading=\"lazy\" decoding=\"async\" width=\"1479\" height=\"690\" class=\"wp-block-cover__image-background wp-image-10243\" alt=\"\" src=\"http:\/\/www.csihelsinki.fi\/wp-content\/uploads\/2021\/12\/CSIlawyer.jpg\" data-object-fit=\"cover\" srcset=\"https:\/\/www.csihelsinki.fi\/wp-content\/uploads\/2021\/12\/CSIlawyer.jpg 1479w, https:\/\/www.csihelsinki.fi\/wp-content\/uploads\/2021\/12\/CSIlawyer-300x140.jpg 300w, https:\/\/www.csihelsinki.fi\/wp-content\/uploads\/2021\/12\/CSIlawyer-1024x478.jpg 1024w, https:\/\/www.csihelsinki.fi\/wp-content\/uploads\/2021\/12\/CSIlawyer-768x358.jpg 768w\" sizes=\"auto, (max-width: 1479px) 100vw, 1479px\" \/><div class=\"wp-block-cover__inner-container is-layout-flow wp-block-cover-is-layout-flow\">\n<div class=\"wp-block-columns is-layout-flex wp-container-core-columns-is-layout-1 wp-block-columns-is-layout-flex\">\n<div class=\"wp-block-column page-content is-layout-flow wp-block-column-is-layout-flow\" style=\"flex-basis:100%\">\n<h1 class=\"wp-block-heading\"><\/h1>\n\n\n\n<figure class=\"wp-block-image size-large is-resized\"><img loading=\"lazy\" decoding=\"async\" width=\"1024\" height=\"679\" src=\"http:\/\/www.csihelsinki.fi\/wp-content\/uploads\/2021\/10\/CSI-Logo_Lawyer_White-1024x679.png\" alt=\"\" class=\"wp-image-8484\" style=\"width:256px;height:170px\" srcset=\"https:\/\/www.csihelsinki.fi\/wp-content\/uploads\/2021\/10\/CSI-Logo_Lawyer_White-1024x679.png 1024w, https:\/\/www.csihelsinki.fi\/wp-content\/uploads\/2021\/10\/CSI-Logo_Lawyer_White-300x199.png 300w, https:\/\/www.csihelsinki.fi\/wp-content\/uploads\/2021\/10\/CSI-Logo_Lawyer_White-768x509.png 768w, https:\/\/www.csihelsinki.fi\/wp-content\/uploads\/2021\/10\/CSI-Logo_Lawyer_White-1536x1019.png 1536w, https:\/\/www.csihelsinki.fi\/wp-content\/uploads\/2021\/10\/CSI-Logo_Lawyer_White-2048x1358.png 2048w\" sizes=\"auto, (max-width: 1024px) 100vw, 1024px\" \/><\/figure>\n\n\n\n<h1 class=\"wp-block-heading\">Ett p\u00e5litligt advokatsystem f\u00f6r stora och medelstora byr\u00e5er<\/h1>\n\n\n\n<ul class=\"wp-block-list\">\n<li class=\"has-medium-font-size\">Helt\u00e4ckande funktioner f\u00f6r hantering och fakturering av \u00e4renden<\/li>\n\n\n\n<li class=\"has-medium-font-size\">Flexibel priss\u00e4ttning<\/li>\n\n\n\n<li class=\"has-medium-font-size\">M\u00e5ngsidiga rapporteringsverktyg<\/li>\n<\/ul>\n<\/div>\n<\/div>\n\n\n\n<p class=\"has-text-align-center text-jumbo\"><\/p>\n<\/div><\/div>\n\n\n\n<div style=\"height:50px\" aria-hidden=\"true\" class=\"wp-block-spacer\"><\/div>\n\n\n\n<div class=\"wp-block-columns page-content is-layout-flex wp-container-core-columns-is-layout-4 wp-block-columns-is-layout-flex\">\n<div class=\"wp-block-column is-layout-flow wp-block-column-is-layout-flow\" style=\"flex-basis:33.33%\">\n<h2 class=\"wp-block-heading\" id=\"csi-lawyer-kan-anvandas-aven-for-de-mest-utmanande-arendena\">Advokatsystemet CSI Lawyer kan anv\u00e4ndas \u00e4ven f\u00f6r de mest utmanande \u00e4rendena.<strong> <\/strong> <\/h2>\n\n\n\n<div style=\"height:49px\" aria-hidden=\"true\" class=\"wp-block-spacer\"><\/div>\n<\/div>\n\n\n\n<div class=\"wp-block-column is-layout-flow wp-block-column-is-layout-flow\" style=\"flex-basis:66.66%\">\n<p>CSI Lawyer<sup>\u00ae<\/sup> \u00e4r ett komplett och p\u00e5litligt l\u00f6sning som hj\u00e4lper dig att hantera hela \u00e4rendeprocessen. Programmet har utvecklats f\u00f6r advokatbyr\u00e5er av alla storlekar f\u00f6r professionell hantering och fakturering av \u00e4renden. Systemet kan anv\u00e4ndas \u00e4ven f\u00f6r stora \u00e4renden med komplexa behov vad g\u00e4ller priss\u00e4ttning och fakturering, men passar \u00e4ven bra f\u00f6r mindre byr\u00e5er som beh\u00f6ver ett verktyg med m\u00e5ngsidiga funktioner.<\/p>\n\n\n\n<div style=\"height:30px\" aria-hidden=\"true\" class=\"wp-block-spacer\"><\/div>\n\n\n\n<h3 class=\"wp-block-heading\" id=\"vad-ar-unikt-med-csi-lawyer\">Varf\u00f6r v\u00e4lja CSI Lawyer?<\/h3>\n\n\n\n<p>CSI Lawyer \u00e4r uppskattat f\u00f6r sin flexibilitet \u2013 systemet st\u00f6djer din nuvarande aff\u00e4rsmodell och kan enkelt skalas upp n\u00e4r verksamheten v\u00e4xer. Du kan anv\u00e4nda systemet direkt, eller anpassa det efter din byr\u00e5s specifika behov. <\/p>\n\n\n\n<figure class=\"wp-block-image size-large is-resized\"><img loading=\"lazy\" decoding=\"async\" width=\"1024\" height=\"680\" src=\"https:\/\/www.csihelsinki.fi\/wp-content\/uploads\/2024\/02\/Funktioner-SWE-2024-2-1024x680.png\" alt=\"\" class=\"wp-image-14723\" style=\"width:650px\" srcset=\"https:\/\/www.csihelsinki.fi\/wp-content\/uploads\/2024\/02\/Funktioner-SWE-2024-2-1024x680.png 1024w, https:\/\/www.csihelsinki.fi\/wp-content\/uploads\/2024\/02\/Funktioner-SWE-2024-2-300x199.png 300w, https:\/\/www.csihelsinki.fi\/wp-content\/uploads\/2024\/02\/Funktioner-SWE-2024-2-768x510.png 768w, https:\/\/www.csihelsinki.fi\/wp-content\/uploads\/2024\/02\/Funktioner-SWE-2024-2-1536x1019.png 1536w, https:\/\/www.csihelsinki.fi\/wp-content\/uploads\/2024\/02\/Funktioner-SWE-2024-2-2048x1359.png 2048w\" sizes=\"auto, (max-width: 1024px) 100vw, 1024px\" \/><\/figure>\n\n\n\n<p>CSI Lawyer st\u00f6der omvandlingen till ett digitalt kontor. Verktygets digitala processer och m\u00f6jligheten till smidig integration med andra viktiga system p\u00e5 kontoret minskar pappersf\u00f6rbrukningen, behovet av manuellt arbete och risken f\u00f6r m\u00e4nskliga fel.<\/p>\n\n\n\n<p>Anv\u00e4ndarna erbjuds flera alternativ f\u00f6r tidregistrering; &nbsp;ocks\u00e5 via en applikation p\u00e5 datorn eller i mobilen.  <\/p>\n\n\n\n<p>CSI Lawyer ger god transparens i verksamhetens alla delar. \u00c4rendeteamet f\u00e5r tillg\u00e5ng till all n\u00f6dv\u00e4ndig information om klient och \u00e4rende samt relaterade dokument. Teamet kan f\u00f6lja upp aktuell status g\u00e4llande \u00e4renderelaterat arbete, fakturering och betalningar.<\/p>\n\n\n\n<div style=\"height:30px\" aria-hidden=\"true\" class=\"wp-block-spacer\"><\/div>\n\n\n\n<h3 class=\"wp-block-heading\">CSI Lawyer som molntj\u00e4nst<\/h3>\n\n\n\n<p>Sm\u00e5 och medelstora f\u00f6retag kan \u00e4ven anv\u00e4nda CSI Lawyer som molntj\u00e4nst, vilket \u00f6kar tillg\u00e4ngligheten och s\u00e4kerheten ytterligare. Databasen finns i ett \u00f6vervakat och s\u00e4kert datacenter d\u00e4r s\u00e4kerhetskopior av databasen tas dagligen. <\/p>\n\n\n\n<p>Till CSI Lawyer som molntj\u00e4nst \u00e4r det ocks\u00e5 enkelt att ansluta andra tj\u00e4nster, till exempel CSI Mobile f\u00f6r att registrera \u00e5tg\u00e4rder eller integrationer mot ett redovisningssystem, tj\u00e4nster f\u00f6r klientk\u00e4nnedom (KYC) eller dokumenthantering.<\/p>\n\n\n\n<p>CSI:s molntj\u00e4nstdatabaser befinner sig i ett datacenter i Finland eller i Microsofts Azure-datacenter i Sverige. Framf\u00f6r allt Azure-alternativet erbjuder kunderna tillg\u00e4nglighet och s\u00e4kerhet p\u00e5 h\u00f6g niv\u00e5, vilket undertecknas inte bara av CSI:s certifierade Azure-experter, utan \u00e4ven av Microsofts datas\u00e4kerhetsspecialister. F\u00f6r att l\u00e4sa mer om Microsoft Azures s\u00e4kerhet, klicka <a href=\"https:\/\/azure.microsoft.com\/en-us\/explore\/trusted-cloud\/\" target=\"_blank\" rel=\"noreferrer noopener\">h\u00e4r<\/a>.<\/p>\n\n\n\n<div style=\"height:30px\" aria-hidden=\"true\" class=\"wp-block-spacer\"><\/div>\n\n\n\n<h3 class=\"wp-block-heading\">Det h\u00e4r s\u00e4ger v\u00e5ra kunder<\/h3>\n\n\n\n<p><\/p>\n\n\n\n<div class=\"wp-block-columns is-layout-flex wp-container-core-columns-is-layout-3 wp-block-columns-is-layout-flex\">\n<div class=\"wp-block-column is-layout-flow wp-block-column-is-layout-flow\" style=\"flex-basis:25%\">\n<p class=\"number-large has-text-color has-link-color wp-elements-3e41515450f802dc6837bf8a596ec4aa\" style=\"color:#0090a6\">1<\/p>\n\n\n\n<p id=\"tw-target-text\">\u00c4rendehanteringen \u00e4r mer systematisk och faktureringen g\u00e5r snabbare tack vare h\u00f6gkvalitativa registreringar och den digitala faktureringsprocessen.<\/p>\n<\/div>\n\n\n\n<div class=\"wp-block-column is-layout-flow wp-block-column-is-layout-flow\" style=\"flex-basis:50%\">\n<div class=\"wp-block-columns is-layout-flex wp-container-core-columns-is-layout-2 wp-block-columns-is-layout-flex\">\n<div class=\"wp-block-column is-layout-flow wp-block-column-is-layout-flow\">\n<p class=\"number-large has-text-color\" style=\"color:#0090a6\">2 <\/p>\n\n\n\n<p>Det \u00e4r enkelt att kontrollera status f\u00f6r \u00e4rendet som helhet, och de uppdaterade rapporterna underl\u00e4ttar arbetet eftersom det g\u00e5r snabbt att reagera p\u00e5 avvikelser.<\/p>\n<\/div>\n\n\n\n<div class=\"wp-block-column is-layout-flow wp-block-column-is-layout-flow\">\n<p class=\"number-large has-text-color has-link-color wp-elements-5b49b791e29a50ca831a543de42d37f2\" style=\"color:#0090a6\">3<\/p>\n\n\n\n<p>Integrationer med andra kontorssystem g\u00f6r arbetet smidigare. Det manuella arbetet minskar och det blir inte lika m\u00e5nga fel.<\/p>\n<\/div>\n<\/div>\n<\/div>\n\n\n\n<div class=\"wp-block-column is-layout-flow wp-block-column-is-layout-flow\" style=\"flex-basis:25%\">\n<p class=\"number-large has-text-color has-link-color wp-elements-4198acfcbc6dd9127b27db1a9a141606\" style=\"color:#0090a6\">4<\/p>\n\n\n\n<p>CSI Lawyer har utvecklats specifikt f\u00f6r advokatbyr\u00e5er. Programvaran inneh\u00e5ller allt man beh\u00f6ver och kan utvecklas utg\u00e5ende fr\u00e5n kundens behov och g\u00e4llande lagkrav.<\/p>\n<\/div>\n<\/div>\n\n\n\n<p>Vi samarbetar med advokatbyr\u00e5er i Finland, Sverige och de baltiska l\u00e4nderna f\u00f6r att kontinuerligt utveckla programvaran och g\u00f6ra den b\u00e4ttre f\u00f6r v\u00e5ra kunder. Vill du veta mera om vad CSI:s kunder tycker? L\u00e4s v\u00e5ra kunders <a href=\"https:\/\/www.csihelsinki.fi\/sv\/kunder\/\"><span style=\"text-decoration: underline;\">referensber\u00e4ttelser<\/span>.<\/a><\/p>\n\n\n\n<div style=\"height:30px\" aria-hidden=\"true\" class=\"wp-block-spacer\"><\/div>\n<\/div>\n<\/div>\n\n\n\n<div class=\"wp-block-columns page-content bg-gray is-layout-flex wp-container-core-columns-is-layout-5 wp-block-columns-is-layout-flex\">\n<div class=\"wp-block-column is-layout-flow wp-block-column-is-layout-flow\" style=\"flex-basis:33.33%\">\n<h2 class=\"wp-block-heading\" id=\"las-ocksa-om\">L\u00e4s ocks\u00e5 om\u2026 <\/h2>\n<\/div>\n\n\n\n<div class=\"wp-block-column is-layout-flow wp-block-column-is-layout-flow\" style=\"flex-basis:32%\">\n<p class=\"arrow-right text-jumbo\"><a href=\"https:\/\/www.csihelsinki.fi\/sv\/losningar\/fordelar\/\"><strong>F\u00f6rdelar<\/strong><\/a><\/p>\n\n\n\n<p class=\"arrow-right text-jumbo\"><a href=\"https:\/\/www.csihelsinki.fi\/sv\/funktioner\/arendehantering\/\"><strong>\u00c4rendehantering<\/strong><\/a><\/p>\n\n\n\n<p class=\"arrow-right text-jumbo\"><a href=\"https:\/\/www.csihelsinki.fi\/sv\/funktioner\/tidregistrering\/\"><strong>Tidregistrering<\/strong><\/a><\/p>\n\n\n\n<p class=\"arrow-right text-jumbo\"><a href=\"https:\/\/www.csihelsinki.fi\/sv\/funktioner\/fakturering\/\"><strong>Fakturering<\/strong><\/a><\/p>\n\n\n\n<p><a data-type=\"page\" href=\"http:\/\/www.csihelsinki.fi\/sv\/losningar\/fordelar\/\"><\/a><\/p>\n<\/div>\n\n\n\n<div class=\"wp-block-column is-layout-flow wp-block-column-is-layout-flow\" style=\"flex-basis:32%\">\n<p class=\"arrow-right text-jumbo\"><strong><a href=\"https:\/\/www.csihelsinki.fi\/sv\/netdocuments\/\">Dokumenthantering<\/a><\/strong><\/p>\n\n\n\n<p class=\"arrow-right text-jumbo\"><strong><a href=\"https:\/\/www.csihelsinki.fi\/sv\/funktioner\/rapportering\/\">Rapportering<\/a><\/strong><\/p>\n\n\n\n<p class=\"arrow-right text-jumbo\"><a data-type=\"page\" href=\"http:\/\/www.csihelsinki.fi\/sv\/losningar\/fordelar\/\"><strong>In<\/strong><\/a><strong><a href=\"https:\/\/www.csihelsinki.fi\/sv\/losningar\/integrationer\/\">tegrationer<\/a><\/strong><\/p>\n<\/div>\n<\/div>\n\n\n\n<p><\/p>\n","protected":false},"excerpt":{"rendered":"","protected":false},"author":2,"featured_media":10759,"parent":11574,"menu_order":1,"comment_status":"closed","ping_status":"closed","template":"","meta":{"_acf_changed":false,"footnotes":""},"class_list":["post-11477","page","type-page","status-publish","has-post-thumbnail","hentry"],"acf":[],"yoast_head":"<!-- This site is optimized with the Yoast SEO plugin v26.8 - https:\/\/yoast.com\/product\/yoast-seo-wordpress\/ -->\n<title>CSI Lawyer - ett p\u00e5litligt och helt\u00e4ckande advokatsystem<\/title>\n<meta name=\"description\" content=\"Den avancerade funktionaliteten hos CSI Lawyer m\u00f6jligg\u00f6r hantering och fakturering av \u00e4ven de mest utmanande juridiska fr\u00e5gorna.\" \/>\n<meta name=\"robots\" content=\"index, follow, max-snippet:-1, max-image-preview:large, max-video-preview:-1\" \/>\n<link rel=\"canonical\" href=\"https:\/\/www.csihelsinki.fi\/sv\/losningar\/csi-lawyer\/\" \/>\n<meta property=\"og:locale\" content=\"sv_SE\" \/>\n<meta property=\"og:type\" content=\"article\" \/>\n<meta property=\"og:title\" content=\"CSI Lawyer - ett p\u00e5litligt och helt\u00e4ckande advokatsystem\" \/>\n<meta property=\"og:description\" content=\"Den avancerade funktionaliteten hos CSI Lawyer m\u00f6jligg\u00f6r hantering och fakturering av \u00e4ven de mest utmanande juridiska fr\u00e5gorna.\" \/>\n<meta property=\"og:url\" content=\"https:\/\/www.csihelsinki.fi\/sv\/losningar\/csi-lawyer\/\" \/>\n<meta property=\"og:site_name\" content=\"Csi Helsinki home\" \/>\n<meta property=\"article:modified_time\" content=\"2026-03-03T20:49:37+00:00\" \/>\n<meta property=\"og:image\" content=\"https:\/\/www.csihelsinki.fi\/wp-content\/uploads\/2021\/08\/CSIlawyer.jpg\" \/>\n\t<meta property=\"og:image:width\" content=\"1479\" \/>\n\t<meta property=\"og:image:height\" content=\"690\" \/>\n\t<meta property=\"og:image:type\" content=\"image\/jpeg\" \/>\n<meta name=\"twitter:card\" content=\"summary_large_image\" \/>\n<script type=\"application\/ld+json\" class=\"yoast-schema-graph\">{\"@context\":\"https:\/\/schema.org\",\"@graph\":[{\"@type\":\"WebPage\",\"@id\":\"https:\/\/www.csihelsinki.fi\/sv\/losningar\/csi-lawyer\/\",\"url\":\"https:\/\/www.csihelsinki.fi\/sv\/losningar\/csi-lawyer\/\",\"name\":\"CSI Lawyer - ett p\u00e5litligt och helt\u00e4ckande advokatsystem\",\"isPartOf\":{\"@id\":\"https:\/\/www.csihelsinki.fi\/#website\"},\"primaryImageOfPage\":{\"@id\":\"https:\/\/www.csihelsinki.fi\/sv\/losningar\/csi-lawyer\/#primaryimage\"},\"image\":{\"@id\":\"https:\/\/www.csihelsinki.fi\/sv\/losningar\/csi-lawyer\/#primaryimage\"},\"thumbnailUrl\":\"https:\/\/www.csihelsinki.fi\/wp-content\/uploads\/2021\/08\/CSIlawyer.jpg\",\"datePublished\":\"2021-11-18T08:45:10+00:00\",\"dateModified\":\"2026-03-03T20:49:37+00:00\",\"description\":\"Den avancerade funktionaliteten hos CSI Lawyer m\u00f6jligg\u00f6r hantering och fakturering av \u00e4ven de mest utmanande juridiska fr\u00e5gorna.\",\"breadcrumb\":{\"@id\":\"https:\/\/www.csihelsinki.fi\/sv\/losningar\/csi-lawyer\/#breadcrumb\"},\"inLanguage\":\"sv-SE\",\"potentialAction\":[{\"@type\":\"ReadAction\",\"target\":[\"https:\/\/www.csihelsinki.fi\/sv\/losningar\/csi-lawyer\/\"]}]},{\"@type\":\"ImageObject\",\"inLanguage\":\"sv-SE\",\"@id\":\"https:\/\/www.csihelsinki.fi\/sv\/losningar\/csi-lawyer\/#primaryimage\",\"url\":\"https:\/\/www.csihelsinki.fi\/wp-content\/uploads\/2021\/08\/CSIlawyer.jpg\",\"contentUrl\":\"https:\/\/www.csihelsinki.fi\/wp-content\/uploads\/2021\/08\/CSIlawyer.jpg\",\"width\":1479,\"height\":690},{\"@type\":\"BreadcrumbList\",\"@id\":\"https:\/\/www.csihelsinki.fi\/sv\/losningar\/csi-lawyer\/#breadcrumb\",\"itemListElement\":[{\"@type\":\"ListItem\",\"position\":1,\"name\":\"Etusivu\",\"item\":\"https:\/\/www.csihelsinki.fi\/sv\/\"},{\"@type\":\"ListItem\",\"position\":2,\"name\":\"L\u00f6sningar\",\"item\":\"https:\/\/www.csihelsinki.fi\/sv\/losningar\/\"},{\"@type\":\"ListItem\",\"position\":3,\"name\":\"CSI Lawyer\"}]},{\"@type\":\"WebSite\",\"@id\":\"https:\/\/www.csihelsinki.fi\/#website\",\"url\":\"https:\/\/www.csihelsinki.fi\/\",\"name\":\"Csi Helsinki home\",\"description\":\"CSI-ohjelmistot \u2013 enemm\u00e4n aikaa asianajotoiminnalle\",\"publisher\":{\"@id\":\"https:\/\/www.csihelsinki.fi\/#organization\"},\"potentialAction\":[{\"@type\":\"SearchAction\",\"target\":{\"@type\":\"EntryPoint\",\"urlTemplate\":\"https:\/\/www.csihelsinki.fi\/?s={search_term_string}\"},\"query-input\":{\"@type\":\"PropertyValueSpecification\",\"valueRequired\":true,\"valueName\":\"search_term_string\"}}],\"inLanguage\":\"sv-SE\"},{\"@type\":\"Organization\",\"@id\":\"https:\/\/www.csihelsinki.fi\/#organization\",\"name\":\"Csi Helsinki home\",\"url\":\"https:\/\/www.csihelsinki.fi\/\",\"logo\":{\"@type\":\"ImageObject\",\"inLanguage\":\"sv-SE\",\"@id\":\"https:\/\/www.csihelsinki.fi\/#\/schema\/logo\/image\/\",\"url\":\"https:\/\/www.csihelsinki.fi\/wp-content\/uploads\/2021\/06\/logo.png\",\"contentUrl\":\"https:\/\/www.csihelsinki.fi\/wp-content\/uploads\/2021\/06\/logo.png\",\"width\":130,\"height\":65,\"caption\":\"Csi Helsinki home\"},\"image\":{\"@id\":\"https:\/\/www.csihelsinki.fi\/#\/schema\/logo\/image\/\"}}]}<\/script>\n<!-- \/ Yoast SEO plugin. -->","yoast_head_json":{"title":"CSI Lawyer - ett p\u00e5litligt och helt\u00e4ckande advokatsystem","description":"Den avancerade funktionaliteten hos CSI Lawyer m\u00f6jligg\u00f6r hantering och fakturering av \u00e4ven de mest utmanande juridiska fr\u00e5gorna.","robots":{"index":"index","follow":"follow","max-snippet":"max-snippet:-1","max-image-preview":"max-image-preview:large","max-video-preview":"max-video-preview:-1"},"canonical":"https:\/\/www.csihelsinki.fi\/sv\/losningar\/csi-lawyer\/","og_locale":"sv_SE","og_type":"article","og_title":"CSI Lawyer - ett p\u00e5litligt och helt\u00e4ckande advokatsystem","og_description":"Den avancerade funktionaliteten hos CSI Lawyer m\u00f6jligg\u00f6r hantering och fakturering av \u00e4ven de mest utmanande juridiska fr\u00e5gorna.","og_url":"https:\/\/www.csihelsinki.fi\/sv\/losningar\/csi-lawyer\/","og_site_name":"Csi Helsinki home","article_modified_time":"2026-03-03T20:49:37+00:00","og_image":[{"width":1479,"height":690,"url":"https:\/\/www.csihelsinki.fi\/wp-content\/uploads\/2021\/08\/CSIlawyer.jpg","type":"image\/jpeg"}],"twitter_card":"summary_large_image","schema":{"@context":"https:\/\/schema.org","@graph":[{"@type":"WebPage","@id":"https:\/\/www.csihelsinki.fi\/sv\/losningar\/csi-lawyer\/","url":"https:\/\/www.csihelsinki.fi\/sv\/losningar\/csi-lawyer\/","name":"CSI Lawyer - ett p\u00e5litligt och helt\u00e4ckande advokatsystem","isPartOf":{"@id":"https:\/\/www.csihelsinki.fi\/#website"},"primaryImageOfPage":{"@id":"https:\/\/www.csihelsinki.fi\/sv\/losningar\/csi-lawyer\/#primaryimage"},"image":{"@id":"https:\/\/www.csihelsinki.fi\/sv\/losningar\/csi-lawyer\/#primaryimage"},"thumbnailUrl":"https:\/\/www.csihelsinki.fi\/wp-content\/uploads\/2021\/08\/CSIlawyer.jpg","datePublished":"2021-11-18T08:45:10+00:00","dateModified":"2026-03-03T20:49:37+00:00","description":"Den avancerade funktionaliteten hos CSI Lawyer m\u00f6jligg\u00f6r hantering och fakturering av \u00e4ven de mest utmanande juridiska fr\u00e5gorna.","breadcrumb":{"@id":"https:\/\/www.csihelsinki.fi\/sv\/losningar\/csi-lawyer\/#breadcrumb"},"inLanguage":"sv-SE","potentialAction":[{"@type":"ReadAction","target":["https:\/\/www.csihelsinki.fi\/sv\/losningar\/csi-lawyer\/"]}]},{"@type":"ImageObject","inLanguage":"sv-SE","@id":"https:\/\/www.csihelsinki.fi\/sv\/losningar\/csi-lawyer\/#primaryimage","url":"https:\/\/www.csihelsinki.fi\/wp-content\/uploads\/2021\/08\/CSIlawyer.jpg","contentUrl":"https:\/\/www.csihelsinki.fi\/wp-content\/uploads\/2021\/08\/CSIlawyer.jpg","width":1479,"height":690},{"@type":"BreadcrumbList","@id":"https:\/\/www.csihelsinki.fi\/sv\/losningar\/csi-lawyer\/#breadcrumb","itemListElement":[{"@type":"ListItem","position":1,"name":"Etusivu","item":"https:\/\/www.csihelsinki.fi\/sv\/"},{"@type":"ListItem","position":2,"name":"L\u00f6sningar","item":"https:\/\/www.csihelsinki.fi\/sv\/losningar\/"},{"@type":"ListItem","position":3,"name":"CSI Lawyer"}]},{"@type":"WebSite","@id":"https:\/\/www.csihelsinki.fi\/#website","url":"https:\/\/www.csihelsinki.fi\/","name":"Csi Helsinki home","description":"CSI-ohjelmistot \u2013 enemm\u00e4n aikaa asianajotoiminnalle","publisher":{"@id":"https:\/\/www.csihelsinki.fi\/#organization"},"potentialAction":[{"@type":"SearchAction","target":{"@type":"EntryPoint","urlTemplate":"https:\/\/www.csihelsinki.fi\/?s={search_term_string}"},"query-input":{"@type":"PropertyValueSpecification","valueRequired":true,"valueName":"search_term_string"}}],"inLanguage":"sv-SE"},{"@type":"Organization","@id":"https:\/\/www.csihelsinki.fi\/#organization","name":"Csi Helsinki home","url":"https:\/\/www.csihelsinki.fi\/","logo":{"@type":"ImageObject","inLanguage":"sv-SE","@id":"https:\/\/www.csihelsinki.fi\/#\/schema\/logo\/image\/","url":"https:\/\/www.csihelsinki.fi\/wp-content\/uploads\/2021\/06\/logo.png","contentUrl":"https:\/\/www.csihelsinki.fi\/wp-content\/uploads\/2021\/06\/logo.png","width":130,"height":65,"caption":"Csi Helsinki home"},"image":{"@id":"https:\/\/www.csihelsinki.fi\/#\/schema\/logo\/image\/"}}]}},"_links":{"self":[{"href":"https:\/\/www.csihelsinki.fi\/sv\/wp-json\/wp\/v2\/pages\/11477","targetHints":{"allow":["GET"]}}],"collection":[{"href":"https:\/\/www.csihelsinki.fi\/sv\/wp-json\/wp\/v2\/pages"}],"about":[{"href":"https:\/\/www.csihelsinki.fi\/sv\/wp-json\/wp\/v2\/types\/page"}],"author":[{"embeddable":true,"href":"https:\/\/www.csihelsinki.fi\/sv\/wp-json\/wp\/v2\/users\/2"}],"replies":[{"embeddable":true,"href":"https:\/\/www.csihelsinki.fi\/sv\/wp-json\/wp\/v2\/comments?post=11477"}],"version-history":[{"count":14,"href":"https:\/\/www.csihelsinki.fi\/sv\/wp-json\/wp\/v2\/pages\/11477\/revisions"}],"predecessor-version":[{"id":15761,"href":"https:\/\/www.csihelsinki.fi\/sv\/wp-json\/wp\/v2\/pages\/11477\/revisions\/15761"}],"up":[{"embeddable":true,"href":"https:\/\/www.csihelsinki.fi\/sv\/wp-json\/wp\/v2\/pages\/11574"}],"wp:featuredmedia":[{"embeddable":true,"href":"https:\/\/www.csihelsinki.fi\/sv\/wp-json\/wp\/v2\/media\/10759"}],"wp:attachment":[{"href":"https:\/\/www.csihelsinki.fi\/sv\/wp-json\/wp\/v2\/media?parent=11477"}],"curies":[{"name":"wp","href":"https:\/\/api.w.org\/{rel}","templated":true}]}}