{"id":9121,"date":"2021-11-15T18:31:56","date_gmt":"2021-11-15T18:31:56","guid":{"rendered":"http:\/\/www.csihelsinki.fi\/?page_id=9121"},"modified":"2025-12-16T07:29:07","modified_gmt":"2025-12-16T07:29:07","slug":"contact-us","status":"publish","type":"page","link":"https:\/\/www.csihelsinki.fi\/en\/contact-us\/","title":{"rendered":"Contact us"},"content":{"rendered":"\n<div class=\"wp-block-cover\"><span aria-hidden=\"true\" class=\"wp-block-cover__background has-background-dim-70 has-background-dim\" style=\"background-color:#0090a6\"><\/span><img loading=\"lazy\" decoding=\"async\" width=\"1023\" height=\"253\" class=\"wp-block-cover__image-background wp-image-11986\" alt=\"CSI Contact us\" src=\"http:\/\/www.csihelsinki.fi\/wp-content\/uploads\/2022\/01\/news-1024x253-1.jpg\" data-object-fit=\"cover\" srcset=\"https:\/\/www.csihelsinki.fi\/wp-content\/uploads\/2022\/01\/news-1024x253-1.jpg 1023w, https:\/\/www.csihelsinki.fi\/wp-content\/uploads\/2022\/01\/news-1024x253-1-300x74.jpg 300w, https:\/\/www.csihelsinki.fi\/wp-content\/uploads\/2022\/01\/news-1024x253-1-768x190.jpg 768w\" sizes=\"auto, (max-width: 1023px) 100vw, 1023px\" \/><div class=\"wp-block-cover__inner-container is-layout-flow wp-block-cover-is-layout-flow\">\n<h1 class=\"wp-block-heading has-text-align-center\" id=\"contact-us\">Contact us<\/h1>\n<\/div><\/div>\n\n\n\n<div style=\"height:50px\" aria-hidden=\"true\" class=\"wp-block-spacer\"><\/div>\n\n\n\n<div class=\"wp-block-columns page-content is-layout-flex wp-container-core-columns-is-layout-2 wp-block-columns-is-layout-flex\">\n<div class=\"wp-block-column is-layout-flow wp-block-column-is-layout-flow\" style=\"flex-basis:45%\">\n<h2 class=\"wp-block-heading\" id=\"our-offices-are-located-in-helsinki-and-stockholm\">Our office is located in Helsinki from where we serve you also in Sweden and in the Baltic countries.<\/h2>\n\n\n\n<div style=\"height:70px\" aria-hidden=\"true\" class=\"wp-block-spacer\"><\/div>\n\n\n\n<h3 class=\"wp-block-heading\" id=\"leave-a-contact-request\">Leave a contact request<\/h3>\n\n\n\n<div class=\"wpcf7 no-js\" id=\"wpcf7-f10099-o1\" lang=\"en-US\" dir=\"ltr\" data-wpcf7-id=\"10099\">\n<div class=\"screen-reader-response\"><p role=\"status\" aria-live=\"polite\" aria-atomic=\"true\"><\/p> <ul><\/ul><\/div>\n<form action=\"\/en\/wp-json\/wp\/v2\/pages\/9121#wpcf7-f10099-o1\" method=\"post\" class=\"wpcf7-form init\" aria-label=\"Contact form\" novalidate=\"novalidate\" data-status=\"init\">\n<fieldset class=\"hidden-fields-container\"><input type=\"hidden\" name=\"_wpcf7\" value=\"10099\" \/><input type=\"hidden\" name=\"_wpcf7_version\" value=\"6.1.5\" \/><input type=\"hidden\" name=\"_wpcf7_locale\" value=\"en_US\" \/><input type=\"hidden\" name=\"_wpcf7_unit_tag\" value=\"wpcf7-f10099-o1\" \/><input type=\"hidden\" name=\"_wpcf7_container_post\" value=\"0\" \/><input type=\"hidden\" name=\"_wpcf7_posted_data_hash\" value=\"\" \/><input type=\"hidden\" name=\"_wpcf7_recaptcha_response\" value=\"\" \/>\n<\/fieldset>\n<p><span class=\"wpcf7-form-control-wrap\" data-name=\"Nimi\"><input size=\"40\" maxlength=\"400\" class=\"wpcf7-form-control wpcf7-text\" aria-invalid=\"false\" placeholder=\"Name\" value=\"\" type=\"text\" name=\"Nimi\" \/><\/span><span class=\"wpcf7-form-control-wrap\" data-name=\"Sahkoposti\"><input size=\"40\" maxlength=\"400\" class=\"wpcf7-form-control wpcf7-email wpcf7-validates-as-required wpcf7-text wpcf7-validates-as-email\" aria-required=\"true\" aria-invalid=\"false\" placeholder=\"Email\" value=\"\" type=\"email\" name=\"Sahkoposti\" \/><\/span><span class=\"wpcf7-form-control-wrap\" data-name=\"Puhelinnumero\"><input size=\"40\" maxlength=\"400\" class=\"wpcf7-form-control wpcf7-tel wpcf7-text wpcf7-validates-as-tel\" aria-invalid=\"false\" placeholder=\"Phone\" value=\"\" type=\"tel\" name=\"Puhelinnumero\" \/><\/span><span class=\"wpcf7-form-control-wrap\" data-name=\"Yritys\"><input size=\"40\" maxlength=\"400\" class=\"wpcf7-form-control wpcf7-text\" aria-invalid=\"false\" placeholder=\"Company\" value=\"\" type=\"text\" name=\"Yritys\" \/><\/span><span id=\"wpcf7-69e4645f1cad0-wrapper\" class=\"wpcf7-form-control-wrap Website-wrap\" style=\"display:none !important; visibility:hidden !important;\"><label for=\"website\" class=\"hp-message\">Please leave this field empty.<\/label><input id=\"website\"  placeholder=\"Website\"  class=\"wpcf7-form-control wpcf7-text\" type=\"text\" name=\"Website\" value=\"\" size=\"40\" tabindex=\"-1\" autocomplete=\"new-password\" \/><\/span>\n<\/p>\n<p><label> Message<br \/>\n<span class=\"wpcf7-form-control-wrap\" data-name=\"viesti\"><textarea cols=\"40\" rows=\"10\" maxlength=\"2000\" class=\"wpcf7-form-control wpcf7-textarea\" aria-invalid=\"false\" name=\"viesti\"><\/textarea><\/span> <\/label>\n<\/p>\n<p><input class=\"wpcf7-form-control wpcf7-submit has-spinner button-outline\" type=\"submit\" value=\"Send\" \/>\n<\/p><div class=\"wpcf7-response-output\" aria-hidden=\"true\"><\/div>\n<\/form>\n<\/div>\n\n<\/div>\n\n\n\n<div class=\"wp-block-column is-layout-flow wp-block-column-is-layout-flow\" style=\"flex-basis:10%\"><\/div>\n\n\n\n<div class=\"wp-block-column is-layout-flow wp-block-column-is-layout-flow\" style=\"flex-basis:45%\">\n<h2 class=\"wp-block-heading\" id=\"customer-support\">Customer support<\/h2>\n\n\n\n<p>Contact us at: <br><a data-type=\"mailto\" href=\"mailto:support@csihelsinki.zendesk.com\" target=\"_blank\" rel=\"noreferrer noopener\"><span style=\"text-decoration: underline;\"><\/span><\/a><span style=\"text-decoration: underline;\"><a href=\"mailto:help@csihelsinki.fi\">help(a)csihelsinki.fi<\/a><\/span><br>Tel. +358 10 322 7880<br>Monday-Friday 9:00-16:00 (GMT+2)<\/p>\n\n\n\n<div style=\"height:30px\" aria-hidden=\"true\" class=\"wp-block-spacer\"><\/div>\n\n\n\n<h2 class=\"wp-block-heading\" id=\"sales\">Sales<\/h2>\n\n\n\n<p><a href=\"mailto:sales@csihelsinki.fi\"><span style=\"text-decoration: underline;\">sales(a)csihelsinki.fi<\/span><\/a><\/p>\n\n\n\n<p><br>or<\/p>\n\n\n\n<div class=\"wp-block-columns is-layout-flex wp-container-core-columns-is-layout-1 wp-block-columns-is-layout-flex\">\n<div class=\"wp-block-column is-layout-flow wp-block-column-is-layout-flow\" style=\"flex-basis:25%\">\n<figure class=\"wp-block-image size-large\"><img loading=\"lazy\" decoding=\"async\" width=\"819\" height=\"1024\" src=\"https:\/\/www.csihelsinki.fi\/wp-content\/uploads\/2022\/01\/20211216_CSIhelsinki_Mikko_0787-2500px-819x1024.jpg\" alt=\"\" class=\"wp-image-12211\" srcset=\"https:\/\/www.csihelsinki.fi\/wp-content\/uploads\/2022\/01\/20211216_CSIhelsinki_Mikko_0787-2500px-819x1024.jpg 819w, https:\/\/www.csihelsinki.fi\/wp-content\/uploads\/2022\/01\/20211216_CSIhelsinki_Mikko_0787-2500px-240x300.jpg 240w, https:\/\/www.csihelsinki.fi\/wp-content\/uploads\/2022\/01\/20211216_CSIhelsinki_Mikko_0787-2500px-768x960.jpg 768w, https:\/\/www.csihelsinki.fi\/wp-content\/uploads\/2022\/01\/20211216_CSIhelsinki_Mikko_0787-2500px-1229x1536.jpg 1229w, https:\/\/www.csihelsinki.fi\/wp-content\/uploads\/2022\/01\/20211216_CSIhelsinki_Mikko_0787-2500px-1638x2048.jpg 1638w, https:\/\/www.csihelsinki.fi\/wp-content\/uploads\/2022\/01\/20211216_CSIhelsinki_Mikko_0787-2500px.jpg 2000w\" sizes=\"auto, (max-width: 819px) 100vw, 819px\" \/><\/figure>\n<\/div>\n\n\n\n<div class=\"wp-block-column is-layout-flow wp-block-column-is-layout-flow\" style=\"flex-basis:50%\">\n<p><a href=\"https:\/\/www.csihelsinki.fi\/en\/team_members\/mikko-hamalainen\/\"><span style=\"text-decoration: underline;\">Mikko H\u00e4m\u00e4l\u00e4inen<\/span><\/a><br>Sales Director <br><\/p>\n<\/div>\n\n\n\n<div class=\"wp-block-column is-layout-flow wp-block-column-is-layout-flow\" style=\"flex-basis:25%\"><\/div>\n<\/div>\n\n\n\n<p><\/p>\n\n\n\n<div style=\"height:30px\" aria-hidden=\"true\" class=\"wp-block-spacer\"><\/div>\n\n\n\n<h2 class=\"wp-block-heading\" id=\"visiting-addresses\">Visiting address<\/h2>\n\n\n\n<p><a href=\"https:\/\/hattutehdas.fi\/en\/\" target=\"_blank\" rel=\"noreferrer noopener\"><span style=\"text-decoration: underline;\">Vilhonvuorenkatu 11<\/span><\/a> C, 5th floor, 00500 Helsinki, Finland<\/p>\n\n\n\n<div style=\"height:30px\" aria-hidden=\"true\" class=\"wp-block-spacer\"><\/div>\n\n\n\n<h2 class=\"wp-block-heading\" id=\"business-id\">Business Id<\/h2>\n\n\n\n<p>1826556-8<\/p>\n\n\n\n<div style=\"height:31px\" aria-hidden=\"true\" class=\"wp-block-spacer\"><\/div>\n\n\n\n<h2 class=\"wp-block-heading\" id=\"invoicing-address-by-e-mail\">Invoicing Address by e-Mail<\/h2>\n\n\n\n<p><span style=\"text-decoration: underline;\"><a href=\"mailto:18265568@scan.netvisor.fi\">info@csihelsinki.fi<\/a><\/span><\/p>\n\n\n\n<p>Send your invoice in a PDF format as e-mail attachment.<\/p>\n\n\n\n<div style=\"height:30px\" aria-hidden=\"true\" class=\"wp-block-spacer\"><\/div>\n<\/div>\n<\/div>\n\n\n\n<p><\/p>\n","protected":false},"excerpt":{"rendered":"","protected":false},"author":2,"featured_media":0,"parent":0,"menu_order":7,"comment_status":"closed","ping_status":"closed","template":"","meta":{"_acf_changed":false,"footnotes":""},"class_list":["post-9121","page","type-page","status-publish","hentry"],"acf":[],"yoast_head":"<!-- This site is optimized with the Yoast SEO plugin v26.8 - https:\/\/yoast.com\/product\/yoast-seo-wordpress\/ -->\n<title>Contact us<\/title>\n<meta name=\"description\" content=\"Contact us: Leave a contact request, or check the contact details of our support and sales, visiting addresses and e-invoicing address.\" \/>\n<meta name=\"robots\" content=\"index, follow, max-snippet:-1, max-image-preview:large, max-video-preview:-1\" \/>\n<link rel=\"canonical\" href=\"https:\/\/www.csihelsinki.fi\/en\/contact-us\/\" \/>\n<meta property=\"og:locale\" content=\"en_US\" \/>\n<meta property=\"og:type\" content=\"article\" \/>\n<meta property=\"og:title\" content=\"Contact us\" \/>\n<meta property=\"og:description\" content=\"Contact us: Leave a contact request, or check the contact details of our support and sales, visiting addresses and e-invoicing address.\" \/>\n<meta property=\"og:url\" content=\"https:\/\/www.csihelsinki.fi\/en\/contact-us\/\" \/>\n<meta property=\"og:site_name\" content=\"Csi Helsinki home\" \/>\n<meta property=\"article:modified_time\" content=\"2025-12-16T07:29:07+00:00\" \/>\n<meta property=\"og:image\" content=\"https:\/\/www.csihelsinki.fi\/wp-content\/uploads\/2022\/01\/news-1024x253-1.jpg\" \/>\n\t<meta property=\"og:image:width\" content=\"1023\" \/>\n\t<meta property=\"og:image:height\" content=\"253\" \/>\n\t<meta property=\"og:image:type\" content=\"image\/jpeg\" \/>\n<meta name=\"twitter:card\" content=\"summary_large_image\" \/>\n<script type=\"application\/ld+json\" class=\"yoast-schema-graph\">{\"@context\":\"https:\/\/schema.org\",\"@graph\":[{\"@type\":\"WebPage\",\"@id\":\"https:\/\/www.csihelsinki.fi\/en\/contact-us\/\",\"url\":\"https:\/\/www.csihelsinki.fi\/en\/contact-us\/\",\"name\":\"Contact us\",\"isPartOf\":{\"@id\":\"https:\/\/www.csihelsinki.fi\/#website\"},\"primaryImageOfPage\":{\"@id\":\"https:\/\/www.csihelsinki.fi\/en\/contact-us\/#primaryimage\"},\"image\":{\"@id\":\"https:\/\/www.csihelsinki.fi\/en\/contact-us\/#primaryimage\"},\"thumbnailUrl\":\"http:\/\/www.csihelsinki.fi\/wp-content\/uploads\/2022\/01\/news-1024x253-1.jpg\",\"datePublished\":\"2021-11-15T18:31:56+00:00\",\"dateModified\":\"2025-12-16T07:29:07+00:00\",\"description\":\"Contact us: Leave a contact request, or check the contact details of our support and sales, visiting addresses and e-invoicing address.\",\"breadcrumb\":{\"@id\":\"https:\/\/www.csihelsinki.fi\/en\/contact-us\/#breadcrumb\"},\"inLanguage\":\"en-US\",\"potentialAction\":[{\"@type\":\"ReadAction\",\"target\":[\"https:\/\/www.csihelsinki.fi\/en\/contact-us\/\"]}]},{\"@type\":\"ImageObject\",\"inLanguage\":\"en-US\",\"@id\":\"https:\/\/www.csihelsinki.fi\/en\/contact-us\/#primaryimage\",\"url\":\"http:\/\/www.csihelsinki.fi\/wp-content\/uploads\/2022\/01\/news-1024x253-1.jpg\",\"contentUrl\":\"http:\/\/www.csihelsinki.fi\/wp-content\/uploads\/2022\/01\/news-1024x253-1.jpg\"},{\"@type\":\"BreadcrumbList\",\"@id\":\"https:\/\/www.csihelsinki.fi\/en\/contact-us\/#breadcrumb\",\"itemListElement\":[{\"@type\":\"ListItem\",\"position\":1,\"name\":\"Etusivu\",\"item\":\"https:\/\/www.csihelsinki.fi\/en\/\"},{\"@type\":\"ListItem\",\"position\":2,\"name\":\"Contact us\"}]},{\"@type\":\"WebSite\",\"@id\":\"https:\/\/www.csihelsinki.fi\/#website\",\"url\":\"https:\/\/www.csihelsinki.fi\/\",\"name\":\"Csi Helsinki home\",\"description\":\"CSI-ohjelmistot \u2013 enemm\u00e4n aikaa asianajotoiminnalle\",\"publisher\":{\"@id\":\"https:\/\/www.csihelsinki.fi\/#organization\"},\"potentialAction\":[{\"@type\":\"SearchAction\",\"target\":{\"@type\":\"EntryPoint\",\"urlTemplate\":\"https:\/\/www.csihelsinki.fi\/?s={search_term_string}\"},\"query-input\":{\"@type\":\"PropertyValueSpecification\",\"valueRequired\":true,\"valueName\":\"search_term_string\"}}],\"inLanguage\":\"en-US\"},{\"@type\":\"Organization\",\"@id\":\"https:\/\/www.csihelsinki.fi\/#organization\",\"name\":\"Csi Helsinki home\",\"url\":\"https:\/\/www.csihelsinki.fi\/\",\"logo\":{\"@type\":\"ImageObject\",\"inLanguage\":\"en-US\",\"@id\":\"https:\/\/www.csihelsinki.fi\/#\/schema\/logo\/image\/\",\"url\":\"https:\/\/www.csihelsinki.fi\/wp-content\/uploads\/2021\/06\/logo.png\",\"contentUrl\":\"https:\/\/www.csihelsinki.fi\/wp-content\/uploads\/2021\/06\/logo.png\",\"width\":130,\"height\":65,\"caption\":\"Csi Helsinki home\"},\"image\":{\"@id\":\"https:\/\/www.csihelsinki.fi\/#\/schema\/logo\/image\/\"}}]}<\/script>\n<!-- \/ Yoast SEO plugin. -->","yoast_head_json":{"title":"Contact us","description":"Contact us: Leave a contact request, or check the contact details of our support and sales, visiting addresses and e-invoicing address.","robots":{"index":"index","follow":"follow","max-snippet":"max-snippet:-1","max-image-preview":"max-image-preview:large","max-video-preview":"max-video-preview:-1"},"canonical":"https:\/\/www.csihelsinki.fi\/en\/contact-us\/","og_locale":"en_US","og_type":"article","og_title":"Contact us","og_description":"Contact us: Leave a contact request, or check the contact details of our support and sales, visiting addresses and e-invoicing address.","og_url":"https:\/\/www.csihelsinki.fi\/en\/contact-us\/","og_site_name":"Csi Helsinki home","article_modified_time":"2025-12-16T07:29:07+00:00","og_image":[{"width":1023,"height":253,"url":"https:\/\/www.csihelsinki.fi\/wp-content\/uploads\/2022\/01\/news-1024x253-1.jpg","type":"image\/jpeg"}],"twitter_card":"summary_large_image","schema":{"@context":"https:\/\/schema.org","@graph":[{"@type":"WebPage","@id":"https:\/\/www.csihelsinki.fi\/en\/contact-us\/","url":"https:\/\/www.csihelsinki.fi\/en\/contact-us\/","name":"Contact us","isPartOf":{"@id":"https:\/\/www.csihelsinki.fi\/#website"},"primaryImageOfPage":{"@id":"https:\/\/www.csihelsinki.fi\/en\/contact-us\/#primaryimage"},"image":{"@id":"https:\/\/www.csihelsinki.fi\/en\/contact-us\/#primaryimage"},"thumbnailUrl":"http:\/\/www.csihelsinki.fi\/wp-content\/uploads\/2022\/01\/news-1024x253-1.jpg","datePublished":"2021-11-15T18:31:56+00:00","dateModified":"2025-12-16T07:29:07+00:00","description":"Contact us: Leave a contact request, or check the contact details of our support and sales, visiting addresses and e-invoicing address.","breadcrumb":{"@id":"https:\/\/www.csihelsinki.fi\/en\/contact-us\/#breadcrumb"},"inLanguage":"en-US","potentialAction":[{"@type":"ReadAction","target":["https:\/\/www.csihelsinki.fi\/en\/contact-us\/"]}]},{"@type":"ImageObject","inLanguage":"en-US","@id":"https:\/\/www.csihelsinki.fi\/en\/contact-us\/#primaryimage","url":"http:\/\/www.csihelsinki.fi\/wp-content\/uploads\/2022\/01\/news-1024x253-1.jpg","contentUrl":"http:\/\/www.csihelsinki.fi\/wp-content\/uploads\/2022\/01\/news-1024x253-1.jpg"},{"@type":"BreadcrumbList","@id":"https:\/\/www.csihelsinki.fi\/en\/contact-us\/#breadcrumb","itemListElement":[{"@type":"ListItem","position":1,"name":"Etusivu","item":"https:\/\/www.csihelsinki.fi\/en\/"},{"@type":"ListItem","position":2,"name":"Contact us"}]},{"@type":"WebSite","@id":"https:\/\/www.csihelsinki.fi\/#website","url":"https:\/\/www.csihelsinki.fi\/","name":"Csi Helsinki home","description":"CSI-ohjelmistot \u2013 enemm\u00e4n aikaa asianajotoiminnalle","publisher":{"@id":"https:\/\/www.csihelsinki.fi\/#organization"},"potentialAction":[{"@type":"SearchAction","target":{"@type":"EntryPoint","urlTemplate":"https:\/\/www.csihelsinki.fi\/?s={search_term_string}"},"query-input":{"@type":"PropertyValueSpecification","valueRequired":true,"valueName":"search_term_string"}}],"inLanguage":"en-US"},{"@type":"Organization","@id":"https:\/\/www.csihelsinki.fi\/#organization","name":"Csi Helsinki home","url":"https:\/\/www.csihelsinki.fi\/","logo":{"@type":"ImageObject","inLanguage":"en-US","@id":"https:\/\/www.csihelsinki.fi\/#\/schema\/logo\/image\/","url":"https:\/\/www.csihelsinki.fi\/wp-content\/uploads\/2021\/06\/logo.png","contentUrl":"https:\/\/www.csihelsinki.fi\/wp-content\/uploads\/2021\/06\/logo.png","width":130,"height":65,"caption":"Csi Helsinki home"},"image":{"@id":"https:\/\/www.csihelsinki.fi\/#\/schema\/logo\/image\/"}}]}},"_links":{"self":[{"href":"https:\/\/www.csihelsinki.fi\/en\/wp-json\/wp\/v2\/pages\/9121","targetHints":{"allow":["GET"]}}],"collection":[{"href":"https:\/\/www.csihelsinki.fi\/en\/wp-json\/wp\/v2\/pages"}],"about":[{"href":"https:\/\/www.csihelsinki.fi\/en\/wp-json\/wp\/v2\/types\/page"}],"author":[{"embeddable":true,"href":"https:\/\/www.csihelsinki.fi\/en\/wp-json\/wp\/v2\/users\/2"}],"replies":[{"embeddable":true,"href":"https:\/\/www.csihelsinki.fi\/en\/wp-json\/wp\/v2\/comments?post=9121"}],"version-history":[{"count":15,"href":"https:\/\/www.csihelsinki.fi\/en\/wp-json\/wp\/v2\/pages\/9121\/revisions"}],"predecessor-version":[{"id":15652,"href":"https:\/\/www.csihelsinki.fi\/en\/wp-json\/wp\/v2\/pages\/9121\/revisions\/15652"}],"wp:attachment":[{"href":"https:\/\/www.csihelsinki.fi\/en\/wp-json\/wp\/v2\/media?parent=9121"}],"curies":[{"name":"wp","href":"https:\/\/api.w.org\/{rel}","templated":true}]}}