{"id":13420,"date":"2022-10-05T13:05:26","date_gmt":"2022-10-05T13:05:26","guid":{"rendered":"https:\/\/www.csihelsinki.fi\/?page_id=13420"},"modified":"2022-10-06T05:56:29","modified_gmt":"2022-10-06T05:56:29","slug":"ilves-myactivities-simple-roi-calculation","status":"publish","type":"page","link":"https:\/\/www.csihelsinki.fi\/en\/ilves-myactivities-simple-roi-calculation\/","title":{"rendered":"Ilves MyActivities ROI"},"content":{"rendered":"\n<div class=\"wp-block-cover\"><span aria-hidden=\"true\" class=\"wp-block-cover__background has-background-dim-70 has-background-dim\" style=\"background-color:#0090a6\"><\/span><img loading=\"lazy\" decoding=\"async\" width=\"2560\" height=\"1636\" class=\"wp-block-cover__image-background wp-image-13429\" alt=\"\" src=\"https:\/\/www.csihelsinki.fi\/wp-content\/uploads\/2022\/10\/ROI-scaled.jpg\" data-object-fit=\"cover\" srcset=\"https:\/\/www.csihelsinki.fi\/wp-content\/uploads\/2022\/10\/ROI-scaled.jpg 2560w, https:\/\/www.csihelsinki.fi\/wp-content\/uploads\/2022\/10\/ROI-300x192.jpg 300w, https:\/\/www.csihelsinki.fi\/wp-content\/uploads\/2022\/10\/ROI-1024x654.jpg 1024w, https:\/\/www.csihelsinki.fi\/wp-content\/uploads\/2022\/10\/ROI-768x491.jpg 768w, https:\/\/www.csihelsinki.fi\/wp-content\/uploads\/2022\/10\/ROI-1536x982.jpg 1536w, https:\/\/www.csihelsinki.fi\/wp-content\/uploads\/2022\/10\/ROI-2048x1309.jpg 2048w\" sizes=\"auto, (max-width: 2560px) 100vw, 2560px\" \/><div class=\"wp-block-cover__inner-container is-layout-flow wp-block-cover-is-layout-flow\">\n<p class=\"has-text-align-center has-white-color has-text-color has-large-font-size\"><strong>Ilves MyActivities &#8211; Return on Investment<\/strong><\/p>\n<\/div><\/div>\n\n\n\n<div style=\"height:50px\" aria-hidden=\"true\" class=\"wp-block-spacer\"><\/div>\n\n\n\n<div class=\"wp-block-columns page-content is-layout-flex wp-container-core-columns-is-layout-3 wp-block-columns-is-layout-flex\">\n<div class=\"wp-block-column is-layout-flow wp-block-column-is-layout-flow\" style=\"flex-basis:33.33%\">\n<h2 class=\"has-text-align-left page-content wp-block-heading\">Wondering how  your lawyers could each boost the bottom line by 8&nbsp;640 \u20ac?<\/h2>\n\n\n<div class=\"wp-block-image\">\n<figure class=\"aligncenter size-full is-resized\"><img loading=\"lazy\" decoding=\"async\" src=\"https:\/\/www.csihelsinki.fi\/wp-content\/uploads\/2020\/05\/ilveshaku-logo.png\" alt=\"\" class=\"wp-image-9924\" width=\"184\" height=\"69\" srcset=\"https:\/\/www.csihelsinki.fi\/wp-content\/uploads\/2020\/05\/ilveshaku-logo.png 368w, https:\/\/www.csihelsinki.fi\/wp-content\/uploads\/2020\/05\/ilveshaku-logo-300x112.png 300w\" sizes=\"auto, (max-width: 184px) 100vw, 184px\" \/><\/figure><\/div><\/div>\n\n\n\n<div class=\"wp-block-column is-layout-flow wp-block-column-is-layout-flow\" style=\"flex-basis:66.66%\">\n<p>Ilves MyActivities helps your team to identify billable work time that otherwise might be lost. <\/p>\n\n\n\n<p>It tracks billable activities from different sources and brings them to a lawyer&#8217;s personal daily timeline both saving your staff time and increasing the invoicing rate. <\/p>\n\n\n\n<p>When Ilves MyActivities Pro has been integrated to CSI Lawyer,  identified activities can be directly converted into billable entries. <\/p>\n\n\n<div class=\"wp-block-image\">\n<figure class=\"aligncenter size-full\"><img loading=\"lazy\" decoding=\"async\" width=\"602\" height=\"253\" src=\"https:\/\/www.csihelsinki.fi\/wp-content\/uploads\/2022\/10\/Ilves-MyActivities.png\" alt=\"\" class=\"wp-image-13423\" srcset=\"https:\/\/www.csihelsinki.fi\/wp-content\/uploads\/2022\/10\/Ilves-MyActivities.png 602w, https:\/\/www.csihelsinki.fi\/wp-content\/uploads\/2022\/10\/Ilves-MyActivities-300x126.png 300w\" sizes=\"auto, (max-width: 602px) 100vw, 602px\" \/><\/figure><\/div>\n\n\n<div style=\"height:30px\" aria-hidden=\"true\" class=\"wp-block-spacer\"><\/div>\n\n\n\n<h3 class=\"wp-block-heading\"><strong>How much extra billable can you gain?<\/strong><\/h3>\n\n\n\n<p>The law firms having Ilves MyActivities in use have reported an average increase of daily billable entries by 30 minutes per lawyer.<\/p>\n\n\n\n<div class=\"wp-block-columns is-layout-flex wp-container-core-columns-is-layout-2 wp-block-columns-is-layout-flex\">\n<div class=\"wp-block-column is-layout-flow wp-block-column-is-layout-flow\" style=\"flex-basis:25%\">\n<p class=\"has-text-align-center number-large has-text-color\" style=\"color:#0090a6\">30 <\/p>\n\n\n\n<p class=\"has-text-align-center\">minutes a day<\/p>\n\n\n\n<p class=\"has-text-align-center has-text-color has-medium-font-size\" style=\"color:#0090a6\"><strong>X<\/strong><\/p>\n<\/div>\n\n\n\n<div class=\"wp-block-column is-layout-flow wp-block-column-is-layout-flow\" style=\"flex-basis:50%\">\n<div class=\"wp-block-columns is-layout-flex wp-container-core-columns-is-layout-1 wp-block-columns-is-layout-flex\">\n<div class=\"wp-block-column is-layout-flow wp-block-column-is-layout-flow\">\n<p class=\"has-text-align-center number-large has-text-color\" style=\"color:#0090a6\">5 <\/p>\n\n\n\n<p class=\"has-text-align-center\">days a week <\/p>\n\n\n\n<p class=\"has-text-align-center has-text-color has-medium-font-size\" style=\"color:#0090a6\"><strong>X<\/strong><\/p>\n<\/div>\n\n\n\n<div class=\"wp-block-column is-layout-flow wp-block-column-is-layout-flow\">\n<p class=\"has-text-align-center number-large has-text-color\" style=\"color:#0090a6\">4 <\/p>\n\n\n\n<p class=\"has-text-align-center\">weeks a month <\/p>\n\n\n\n<p class=\"has-text-align-center has-text-color has-medium-font-size\" style=\"color:#0090a6\"><strong>=<\/strong><\/p>\n<\/div>\n<\/div>\n<\/div>\n\n\n\n<div class=\"wp-block-column is-layout-flow wp-block-column-is-layout-flow\" style=\"flex-basis:25%\">\n<p class=\"has-text-align-center number-large has-text-color\" style=\"color:#0090a6\">10<\/p>\n\n\n\n<p class=\"has-text-align-center\">total hours per month<\/p>\n<\/div>\n<\/div>\n\n\n\n<p>For a law firm with 10 lawyers this means about 100 hours potentially billable time each month.<\/p>\n\n\n\n<div style=\"height:50px\" aria-hidden=\"true\" class=\"wp-block-spacer\"><\/div>\n\n\n\n<h3 class=\"wp-block-heading\"><strong>What will it cost for you?<\/strong><\/h3>\n\n\n\n<p>For Baltic law firms, the monthly fee for Ilves MyActivities Pro, integrated to CSI Lawyer, is 30 \u20ac per user. <\/p>\n\n\n\n<p>The deployment fee of the solution will depend on the number and type of different data sources from where you wish the application to capture activities. However, compared to other similar time tracking systems, its deployment cost is very affordable. <\/p>\n\n\n\n<div style=\"height:50px\" aria-hidden=\"true\" class=\"wp-block-spacer\"><\/div>\n\n\n\n<h3 class=\"wp-block-heading\"><strong>How does the ROI look?<\/strong><\/h3>\n\n\n\n<p>The below simple Return on Investment calculation in based on the estimates provided by current Ilves MyActivities customers. For a law firm with 10 lawyers the potential annual benefit of using Ilves MyActivities Pro integrated to CSI Lawyer is the following:<\/p>\n\n\n\n<div style=\"height:15px\" aria-hidden=\"true\" class=\"wp-block-spacer\"><\/div>\n\n\n\n<figure class=\"wp-block-table alignleft is-style-regular\" style=\"font-style:normal;font-weight:600\"><table class=\"has-text-color\" style=\"color:#0090a6\"><tbody><tr><td>Average monthly billable rate of half-hours identified<br><em>(50 hours x 150 \u20ac) <\/em><\/td><td class=\"has-text-align-right\" data-align=\"right\">7 500 \u20ac<\/td><\/tr><tr><td>Monthly fees for Ilves MyActivities Pro + CSI Lawyer integration     <\/td><td class=\"has-text-align-right\" data-align=\"right\">300 \u20ac<\/td><\/tr><tr><td>Estimated net monthly benefit when using Ilves MyActivities<\/td><td class=\"has-text-align-right\" data-align=\"right\">7 200 \u20ac<\/td><\/tr><tr><td>Estimated annual benefit when using Ilves MyActivities<\/td><td class=\"has-text-align-right\" data-align=\"right\">86 400 \u20ac<\/td><\/tr><\/tbody><\/table><\/figure>\n\n\n\n<div style=\"height:30px\" aria-hidden=\"true\" class=\"wp-block-spacer\"><\/div>\n\n\n\n<p>For more information on Ilves MyActivities, click <span style=\"text-decoration: underline;\"><a href=\"https:\/\/www.ilvessolutions.fi\/en\/products\/ilves-myactivities\/\" target=\"_blank\" rel=\"noreferrer noopener\">here<\/a><\/span> or contact CSI Helsinki, Sales Director <span style=\"text-decoration: underline;\"><a href=\"https:\/\/www.csihelsinki.fi\/en\/team_members\/mikko-hamalainen\/\">Mikko H\u00e4m\u00e4l\u00e4inen<\/a><\/span>.<\/p>\n\n\n\n<div style=\"height:50px\" aria-hidden=\"true\" class=\"wp-block-spacer\"><\/div>\n<\/div>\n<\/div>\n\n\n<p><!-- \/wp:column -->\n<\/p>\n<p><!-- \/wp:columns --><\/p>\n<p><!-- wp:paragraph --><\/p>\n<p><!-- \/wp:paragraph --><\/p>","protected":false},"excerpt":{"rendered":"","protected":false},"author":2,"featured_media":0,"parent":0,"menu_order":0,"comment_status":"closed","ping_status":"closed","template":"","meta":{"_acf_changed":false,"footnotes":""},"class_list":["post-13420","page","type-page","status-publish","hentry"],"acf":[],"yoast_head":"<!-- This site is optimized with the Yoast SEO plugin v26.8 - https:\/\/yoast.com\/product\/yoast-seo-wordpress\/ -->\n<title>Ilves MyActivities ROI - Csi Helsinki home<\/title>\n<meta name=\"robots\" content=\"index, follow, max-snippet:-1, max-image-preview:large, max-video-preview:-1\" \/>\n<link rel=\"canonical\" href=\"https:\/\/www.csihelsinki.fi\/en\/ilves-myactivities-simple-roi-calculation\/\" \/>\n<meta property=\"og:locale\" content=\"en_US\" \/>\n<meta property=\"og:type\" content=\"article\" \/>\n<meta property=\"og:title\" content=\"Ilves MyActivities ROI - Csi Helsinki home\" \/>\n<meta property=\"og:url\" content=\"https:\/\/www.csihelsinki.fi\/en\/ilves-myactivities-simple-roi-calculation\/\" \/>\n<meta property=\"og:site_name\" content=\"Csi Helsinki home\" \/>\n<meta property=\"article:modified_time\" content=\"2022-10-06T05:56:29+00:00\" \/>\n<meta property=\"og:image\" content=\"https:\/\/www.csihelsinki.fi\/wp-content\/uploads\/2022\/10\/ROI-scaled.jpg\" \/>\n<meta name=\"twitter:card\" content=\"summary_large_image\" \/>\n<script type=\"application\/ld+json\" class=\"yoast-schema-graph\">{\"@context\":\"https:\/\/schema.org\",\"@graph\":[{\"@type\":\"WebPage\",\"@id\":\"https:\/\/www.csihelsinki.fi\/en\/ilves-myactivities-simple-roi-calculation\/\",\"url\":\"https:\/\/www.csihelsinki.fi\/en\/ilves-myactivities-simple-roi-calculation\/\",\"name\":\"Ilves MyActivities ROI - Csi Helsinki home\",\"isPartOf\":{\"@id\":\"https:\/\/www.csihelsinki.fi\/#website\"},\"primaryImageOfPage\":{\"@id\":\"https:\/\/www.csihelsinki.fi\/en\/ilves-myactivities-simple-roi-calculation\/#primaryimage\"},\"image\":{\"@id\":\"https:\/\/www.csihelsinki.fi\/en\/ilves-myactivities-simple-roi-calculation\/#primaryimage\"},\"thumbnailUrl\":\"https:\/\/www.csihelsinki.fi\/wp-content\/uploads\/2022\/10\/ROI-scaled.jpg\",\"datePublished\":\"2022-10-05T13:05:26+00:00\",\"dateModified\":\"2022-10-06T05:56:29+00:00\",\"breadcrumb\":{\"@id\":\"https:\/\/www.csihelsinki.fi\/en\/ilves-myactivities-simple-roi-calculation\/#breadcrumb\"},\"inLanguage\":\"en-US\",\"potentialAction\":[{\"@type\":\"ReadAction\",\"target\":[\"https:\/\/www.csihelsinki.fi\/en\/ilves-myactivities-simple-roi-calculation\/\"]}]},{\"@type\":\"ImageObject\",\"inLanguage\":\"en-US\",\"@id\":\"https:\/\/www.csihelsinki.fi\/en\/ilves-myactivities-simple-roi-calculation\/#primaryimage\",\"url\":\"https:\/\/www.csihelsinki.fi\/wp-content\/uploads\/2022\/10\/ROI-scaled.jpg\",\"contentUrl\":\"https:\/\/www.csihelsinki.fi\/wp-content\/uploads\/2022\/10\/ROI-scaled.jpg\"},{\"@type\":\"BreadcrumbList\",\"@id\":\"https:\/\/www.csihelsinki.fi\/en\/ilves-myactivities-simple-roi-calculation\/#breadcrumb\",\"itemListElement\":[{\"@type\":\"ListItem\",\"position\":1,\"name\":\"Etusivu\",\"item\":\"https:\/\/www.csihelsinki.fi\/en\/\"},{\"@type\":\"ListItem\",\"position\":2,\"name\":\"Ilves MyActivities ROI\"}]},{\"@type\":\"WebSite\",\"@id\":\"https:\/\/www.csihelsinki.fi\/#website\",\"url\":\"https:\/\/www.csihelsinki.fi\/\",\"name\":\"Csi Helsinki home\",\"description\":\"CSI-ohjelmistot \u2013 enemm\u00e4n aikaa asianajotoiminnalle\",\"publisher\":{\"@id\":\"https:\/\/www.csihelsinki.fi\/#organization\"},\"potentialAction\":[{\"@type\":\"SearchAction\",\"target\":{\"@type\":\"EntryPoint\",\"urlTemplate\":\"https:\/\/www.csihelsinki.fi\/?s={search_term_string}\"},\"query-input\":{\"@type\":\"PropertyValueSpecification\",\"valueRequired\":true,\"valueName\":\"search_term_string\"}}],\"inLanguage\":\"en-US\"},{\"@type\":\"Organization\",\"@id\":\"https:\/\/www.csihelsinki.fi\/#organization\",\"name\":\"Csi Helsinki home\",\"url\":\"https:\/\/www.csihelsinki.fi\/\",\"logo\":{\"@type\":\"ImageObject\",\"inLanguage\":\"en-US\",\"@id\":\"https:\/\/www.csihelsinki.fi\/#\/schema\/logo\/image\/\",\"url\":\"https:\/\/www.csihelsinki.fi\/wp-content\/uploads\/2021\/06\/logo.png\",\"contentUrl\":\"https:\/\/www.csihelsinki.fi\/wp-content\/uploads\/2021\/06\/logo.png\",\"width\":130,\"height\":65,\"caption\":\"Csi Helsinki home\"},\"image\":{\"@id\":\"https:\/\/www.csihelsinki.fi\/#\/schema\/logo\/image\/\"}}]}<\/script>\n<!-- \/ Yoast SEO plugin. -->","yoast_head_json":{"title":"Ilves MyActivities ROI - Csi Helsinki home","robots":{"index":"index","follow":"follow","max-snippet":"max-snippet:-1","max-image-preview":"max-image-preview:large","max-video-preview":"max-video-preview:-1"},"canonical":"https:\/\/www.csihelsinki.fi\/en\/ilves-myactivities-simple-roi-calculation\/","og_locale":"en_US","og_type":"article","og_title":"Ilves MyActivities ROI - Csi Helsinki home","og_url":"https:\/\/www.csihelsinki.fi\/en\/ilves-myactivities-simple-roi-calculation\/","og_site_name":"Csi Helsinki home","article_modified_time":"2022-10-06T05:56:29+00:00","og_image":[{"url":"https:\/\/www.csihelsinki.fi\/wp-content\/uploads\/2022\/10\/ROI-scaled.jpg","type":"","width":"","height":""}],"twitter_card":"summary_large_image","schema":{"@context":"https:\/\/schema.org","@graph":[{"@type":"WebPage","@id":"https:\/\/www.csihelsinki.fi\/en\/ilves-myactivities-simple-roi-calculation\/","url":"https:\/\/www.csihelsinki.fi\/en\/ilves-myactivities-simple-roi-calculation\/","name":"Ilves MyActivities ROI - Csi Helsinki home","isPartOf":{"@id":"https:\/\/www.csihelsinki.fi\/#website"},"primaryImageOfPage":{"@id":"https:\/\/www.csihelsinki.fi\/en\/ilves-myactivities-simple-roi-calculation\/#primaryimage"},"image":{"@id":"https:\/\/www.csihelsinki.fi\/en\/ilves-myactivities-simple-roi-calculation\/#primaryimage"},"thumbnailUrl":"https:\/\/www.csihelsinki.fi\/wp-content\/uploads\/2022\/10\/ROI-scaled.jpg","datePublished":"2022-10-05T13:05:26+00:00","dateModified":"2022-10-06T05:56:29+00:00","breadcrumb":{"@id":"https:\/\/www.csihelsinki.fi\/en\/ilves-myactivities-simple-roi-calculation\/#breadcrumb"},"inLanguage":"en-US","potentialAction":[{"@type":"ReadAction","target":["https:\/\/www.csihelsinki.fi\/en\/ilves-myactivities-simple-roi-calculation\/"]}]},{"@type":"ImageObject","inLanguage":"en-US","@id":"https:\/\/www.csihelsinki.fi\/en\/ilves-myactivities-simple-roi-calculation\/#primaryimage","url":"https:\/\/www.csihelsinki.fi\/wp-content\/uploads\/2022\/10\/ROI-scaled.jpg","contentUrl":"https:\/\/www.csihelsinki.fi\/wp-content\/uploads\/2022\/10\/ROI-scaled.jpg"},{"@type":"BreadcrumbList","@id":"https:\/\/www.csihelsinki.fi\/en\/ilves-myactivities-simple-roi-calculation\/#breadcrumb","itemListElement":[{"@type":"ListItem","position":1,"name":"Etusivu","item":"https:\/\/www.csihelsinki.fi\/en\/"},{"@type":"ListItem","position":2,"name":"Ilves MyActivities ROI"}]},{"@type":"WebSite","@id":"https:\/\/www.csihelsinki.fi\/#website","url":"https:\/\/www.csihelsinki.fi\/","name":"Csi Helsinki home","description":"CSI-ohjelmistot \u2013 enemm\u00e4n aikaa asianajotoiminnalle","publisher":{"@id":"https:\/\/www.csihelsinki.fi\/#organization"},"potentialAction":[{"@type":"SearchAction","target":{"@type":"EntryPoint","urlTemplate":"https:\/\/www.csihelsinki.fi\/?s={search_term_string}"},"query-input":{"@type":"PropertyValueSpecification","valueRequired":true,"valueName":"search_term_string"}}],"inLanguage":"en-US"},{"@type":"Organization","@id":"https:\/\/www.csihelsinki.fi\/#organization","name":"Csi Helsinki home","url":"https:\/\/www.csihelsinki.fi\/","logo":{"@type":"ImageObject","inLanguage":"en-US","@id":"https:\/\/www.csihelsinki.fi\/#\/schema\/logo\/image\/","url":"https:\/\/www.csihelsinki.fi\/wp-content\/uploads\/2021\/06\/logo.png","contentUrl":"https:\/\/www.csihelsinki.fi\/wp-content\/uploads\/2021\/06\/logo.png","width":130,"height":65,"caption":"Csi Helsinki home"},"image":{"@id":"https:\/\/www.csihelsinki.fi\/#\/schema\/logo\/image\/"}}]}},"_links":{"self":[{"href":"https:\/\/www.csihelsinki.fi\/en\/wp-json\/wp\/v2\/pages\/13420","targetHints":{"allow":["GET"]}}],"collection":[{"href":"https:\/\/www.csihelsinki.fi\/en\/wp-json\/wp\/v2\/pages"}],"about":[{"href":"https:\/\/www.csihelsinki.fi\/en\/wp-json\/wp\/v2\/types\/page"}],"author":[{"embeddable":true,"href":"https:\/\/www.csihelsinki.fi\/en\/wp-json\/wp\/v2\/users\/2"}],"replies":[{"embeddable":true,"href":"https:\/\/www.csihelsinki.fi\/en\/wp-json\/wp\/v2\/comments?post=13420"}],"version-history":[{"count":30,"href":"https:\/\/www.csihelsinki.fi\/en\/wp-json\/wp\/v2\/pages\/13420\/revisions"}],"predecessor-version":[{"id":13523,"href":"https:\/\/www.csihelsinki.fi\/en\/wp-json\/wp\/v2\/pages\/13420\/revisions\/13523"}],"wp:attachment":[{"href":"https:\/\/www.csihelsinki.fi\/en\/wp-json\/wp\/v2\/media?parent=13420"}],"curies":[{"name":"wp","href":"https:\/\/api.w.org\/{rel}","templated":true}]}}