{"id":12791,"date":"2022-02-21T10:19:07","date_gmt":"2022-02-21T10:19:07","guid":{"rendered":"https:\/\/www.csihelsinki.fi\/tuki\/"},"modified":"2024-03-05T10:00:10","modified_gmt":"2024-03-05T10:00:10","slug":"tuki","status":"publish","type":"page","link":"https:\/\/www.csihelsinki.fi\/en\/tuki\/","title":{"rendered":"Remote support"},"content":{"rendered":"\n<div style=\"height:60px\" aria-hidden=\"true\" class=\"wp-block-spacer\"><\/div>\n\n\n\n<div class=\"wp-block-columns page-content is-layout-flex wp-container-core-columns-is-layout-1 wp-block-columns-is-layout-flex\">\n<div class=\"wp-block-column is-layout-flow wp-block-column-is-layout-flow\">\n<h1 class=\"wp-block-heading\" id=\"csi-helsinki-etatuki\">CSI Helsinki Remote Support<\/h1>\n\n\n\n<p>CSI Remote Support is an easy and secure way to receive assistance regarding issues with using the CSI Software. With Remote Support our specialists are able to establish a direct view to your workstation, making it much easier and faster to solve the problem.<\/p>\n\n\n\n<p>Our Remote Support runs on TeamViewer software. You can access it as follows:<\/p>\n\n\n\n<ul class=\"wp-block-list\">\n<li>Download or run the software from the Download button below.<\/li>\n\n\n\n<li>Tell the CSI support engineer your ID and the one-time password to establish a temporary connection.<\/li>\n<\/ul>\n\n\n\n<p><a href=\"https:\/\/get.teamviewer.com\/648k6iu\" target=\"_blank\" rel=\"noreferrer noopener\"><strong>DOWNLOAD<\/strong><\/a><\/p>\n\n\n\n<p><\/p>\n<\/div>\n<\/div>\n\n\n\n<div style=\"height:100px\" aria-hidden=\"true\" class=\"wp-block-spacer\"><\/div>\n","protected":false},"excerpt":{"rendered":"","protected":false},"author":3,"featured_media":0,"parent":0,"menu_order":0,"comment_status":"closed","ping_status":"closed","template":"","meta":{"_acf_changed":false,"footnotes":""},"class_list":["post-12791","page","type-page","status-publish","hentry"],"acf":[],"yoast_head":"<!-- This site is optimized with the Yoast SEO plugin v26.8 - https:\/\/yoast.com\/product\/yoast-seo-wordpress\/ -->\n<title>Et\u00e4tuki - CSI Helsinki Oy<\/title>\n<meta name=\"description\" content=\"Tietoturvallisen et\u00e4tuen avulla voimme ottaa yhteyden ty\u00f6asemallesi, mik\u00e4 nopeuttaa ongelmatilanteen selvitt\u00e4mist\u00e4 ja ratkaisua.\" \/>\n<meta name=\"robots\" content=\"index, follow, max-snippet:-1, max-image-preview:large, max-video-preview:-1\" \/>\n<link rel=\"canonical\" href=\"https:\/\/www.csihelsinki.fi\/tuki\/\" \/>\n<meta property=\"og:locale\" content=\"en_US\" \/>\n<meta property=\"og:type\" content=\"article\" \/>\n<meta property=\"og:title\" content=\"Et\u00e4tuki - CSI Helsinki Oy\" \/>\n<meta property=\"og:description\" content=\"Tietoturvallisen et\u00e4tuen avulla voimme ottaa yhteyden ty\u00f6asemallesi, mik\u00e4 nopeuttaa ongelmatilanteen selvitt\u00e4mist\u00e4 ja ratkaisua.\" \/>\n<meta property=\"og:url\" content=\"https:\/\/www.csihelsinki.fi\/tuki\/\" \/>\n<meta property=\"og:site_name\" content=\"Csi Helsinki home\" \/>\n<meta property=\"article:modified_time\" content=\"2024-03-05T10:00:10+00:00\" \/>\n<meta name=\"twitter:card\" content=\"summary_large_image\" \/>\n<script type=\"application\/ld+json\" class=\"yoast-schema-graph\">{\"@context\":\"https:\/\/schema.org\",\"@graph\":[{\"@type\":\"WebPage\",\"@id\":\"https:\/\/www.csihelsinki.fi\/tuki\/\",\"url\":\"https:\/\/www.csihelsinki.fi\/tuki\/\",\"name\":\"Et\u00e4tuki - CSI Helsinki Oy\",\"isPartOf\":{\"@id\":\"https:\/\/www.csihelsinki.fi\/#website\"},\"datePublished\":\"2022-02-21T10:19:07+00:00\",\"dateModified\":\"2024-03-05T10:00:10+00:00\",\"description\":\"Tietoturvallisen et\u00e4tuen avulla voimme ottaa yhteyden ty\u00f6asemallesi, mik\u00e4 nopeuttaa ongelmatilanteen selvitt\u00e4mist\u00e4 ja ratkaisua.\",\"breadcrumb\":{\"@id\":\"https:\/\/www.csihelsinki.fi\/tuki\/#breadcrumb\"},\"inLanguage\":\"en-US\",\"potentialAction\":[{\"@type\":\"ReadAction\",\"target\":[\"https:\/\/www.csihelsinki.fi\/tuki\/\"]}]},{\"@type\":\"BreadcrumbList\",\"@id\":\"https:\/\/www.csihelsinki.fi\/tuki\/#breadcrumb\",\"itemListElement\":[{\"@type\":\"ListItem\",\"position\":1,\"name\":\"Etusivu\",\"item\":\"https:\/\/www.csihelsinki.fi\/en\/\"},{\"@type\":\"ListItem\",\"position\":2,\"name\":\"Remote support\"}]},{\"@type\":\"WebSite\",\"@id\":\"https:\/\/www.csihelsinki.fi\/#website\",\"url\":\"https:\/\/www.csihelsinki.fi\/\",\"name\":\"Csi Helsinki home\",\"description\":\"CSI-ohjelmistot \u2013 enemm\u00e4n aikaa asianajotoiminnalle\",\"publisher\":{\"@id\":\"https:\/\/www.csihelsinki.fi\/#organization\"},\"potentialAction\":[{\"@type\":\"SearchAction\",\"target\":{\"@type\":\"EntryPoint\",\"urlTemplate\":\"https:\/\/www.csihelsinki.fi\/?s={search_term_string}\"},\"query-input\":{\"@type\":\"PropertyValueSpecification\",\"valueRequired\":true,\"valueName\":\"search_term_string\"}}],\"inLanguage\":\"en-US\"},{\"@type\":\"Organization\",\"@id\":\"https:\/\/www.csihelsinki.fi\/#organization\",\"name\":\"Csi Helsinki home\",\"url\":\"https:\/\/www.csihelsinki.fi\/\",\"logo\":{\"@type\":\"ImageObject\",\"inLanguage\":\"en-US\",\"@id\":\"https:\/\/www.csihelsinki.fi\/#\/schema\/logo\/image\/\",\"url\":\"https:\/\/www.csihelsinki.fi\/wp-content\/uploads\/2021\/06\/logo.png\",\"contentUrl\":\"https:\/\/www.csihelsinki.fi\/wp-content\/uploads\/2021\/06\/logo.png\",\"width\":130,\"height\":65,\"caption\":\"Csi Helsinki home\"},\"image\":{\"@id\":\"https:\/\/www.csihelsinki.fi\/#\/schema\/logo\/image\/\"}}]}<\/script>\n<!-- \/ Yoast SEO plugin. -->","yoast_head_json":{"title":"Et\u00e4tuki - CSI Helsinki Oy","description":"Tietoturvallisen et\u00e4tuen avulla voimme ottaa yhteyden ty\u00f6asemallesi, mik\u00e4 nopeuttaa ongelmatilanteen selvitt\u00e4mist\u00e4 ja ratkaisua.","robots":{"index":"index","follow":"follow","max-snippet":"max-snippet:-1","max-image-preview":"max-image-preview:large","max-video-preview":"max-video-preview:-1"},"canonical":"https:\/\/www.csihelsinki.fi\/tuki\/","og_locale":"en_US","og_type":"article","og_title":"Et\u00e4tuki - CSI Helsinki Oy","og_description":"Tietoturvallisen et\u00e4tuen avulla voimme ottaa yhteyden ty\u00f6asemallesi, mik\u00e4 nopeuttaa ongelmatilanteen selvitt\u00e4mist\u00e4 ja ratkaisua.","og_url":"https:\/\/www.csihelsinki.fi\/tuki\/","og_site_name":"Csi Helsinki home","article_modified_time":"2024-03-05T10:00:10+00:00","twitter_card":"summary_large_image","schema":{"@context":"https:\/\/schema.org","@graph":[{"@type":"WebPage","@id":"https:\/\/www.csihelsinki.fi\/tuki\/","url":"https:\/\/www.csihelsinki.fi\/tuki\/","name":"Et\u00e4tuki - CSI Helsinki Oy","isPartOf":{"@id":"https:\/\/www.csihelsinki.fi\/#website"},"datePublished":"2022-02-21T10:19:07+00:00","dateModified":"2024-03-05T10:00:10+00:00","description":"Tietoturvallisen et\u00e4tuen avulla voimme ottaa yhteyden ty\u00f6asemallesi, mik\u00e4 nopeuttaa ongelmatilanteen selvitt\u00e4mist\u00e4 ja ratkaisua.","breadcrumb":{"@id":"https:\/\/www.csihelsinki.fi\/tuki\/#breadcrumb"},"inLanguage":"en-US","potentialAction":[{"@type":"ReadAction","target":["https:\/\/www.csihelsinki.fi\/tuki\/"]}]},{"@type":"BreadcrumbList","@id":"https:\/\/www.csihelsinki.fi\/tuki\/#breadcrumb","itemListElement":[{"@type":"ListItem","position":1,"name":"Etusivu","item":"https:\/\/www.csihelsinki.fi\/en\/"},{"@type":"ListItem","position":2,"name":"Remote support"}]},{"@type":"WebSite","@id":"https:\/\/www.csihelsinki.fi\/#website","url":"https:\/\/www.csihelsinki.fi\/","name":"Csi Helsinki home","description":"CSI-ohjelmistot \u2013 enemm\u00e4n aikaa asianajotoiminnalle","publisher":{"@id":"https:\/\/www.csihelsinki.fi\/#organization"},"potentialAction":[{"@type":"SearchAction","target":{"@type":"EntryPoint","urlTemplate":"https:\/\/www.csihelsinki.fi\/?s={search_term_string}"},"query-input":{"@type":"PropertyValueSpecification","valueRequired":true,"valueName":"search_term_string"}}],"inLanguage":"en-US"},{"@type":"Organization","@id":"https:\/\/www.csihelsinki.fi\/#organization","name":"Csi Helsinki home","url":"https:\/\/www.csihelsinki.fi\/","logo":{"@type":"ImageObject","inLanguage":"en-US","@id":"https:\/\/www.csihelsinki.fi\/#\/schema\/logo\/image\/","url":"https:\/\/www.csihelsinki.fi\/wp-content\/uploads\/2021\/06\/logo.png","contentUrl":"https:\/\/www.csihelsinki.fi\/wp-content\/uploads\/2021\/06\/logo.png","width":130,"height":65,"caption":"Csi Helsinki home"},"image":{"@id":"https:\/\/www.csihelsinki.fi\/#\/schema\/logo\/image\/"}}]}},"_links":{"self":[{"href":"https:\/\/www.csihelsinki.fi\/en\/wp-json\/wp\/v2\/pages\/12791","targetHints":{"allow":["GET"]}}],"collection":[{"href":"https:\/\/www.csihelsinki.fi\/en\/wp-json\/wp\/v2\/pages"}],"about":[{"href":"https:\/\/www.csihelsinki.fi\/en\/wp-json\/wp\/v2\/types\/page"}],"author":[{"embeddable":true,"href":"https:\/\/www.csihelsinki.fi\/en\/wp-json\/wp\/v2\/users\/3"}],"replies":[{"embeddable":true,"href":"https:\/\/www.csihelsinki.fi\/en\/wp-json\/wp\/v2\/comments?post=12791"}],"version-history":[{"count":4,"href":"https:\/\/www.csihelsinki.fi\/en\/wp-json\/wp\/v2\/pages\/12791\/revisions"}],"predecessor-version":[{"id":14744,"href":"https:\/\/www.csihelsinki.fi\/en\/wp-json\/wp\/v2\/pages\/12791\/revisions\/14744"}],"wp:attachment":[{"href":"https:\/\/www.csihelsinki.fi\/en\/wp-json\/wp\/v2\/media?parent=12791"}],"curies":[{"name":"wp","href":"https:\/\/api.w.org\/{rel}","templated":true}]}}